{"id":37012,"date":"2021-11-15T16:11:26","date_gmt":"2021-11-15T16:11:26","guid":{"rendered":"http:\/\/tinnitus-treatments.com\/shop\/sem%20categoria\/silence\/"},"modified":"2025-09-03T18:58:15","modified_gmt":"2025-09-03T18:58:15","slug":"silence","status":"publish","type":"product","link":"https:\/\/tinnitus-treatments.com\/pt-pt\/shop\/audio-terapia-pt-pt\/silence\/","title":{"rendered":"Silence."},"content":{"rendered":"","protected":false},"excerpt":{"rendered":"<h2 style=\"text-align: center;\">Silence.<\/h2>\n<p>Uma solu\u00e7\u00e3o \u00e1udio personalizada para tratamento de tinnitus cr\u00f3nicos.<\/p>\n<p>Agora gratuito para todos e at\u00e9 ao fim dos tempos.<\/p>\n<p>S\u00f3 precisa de escolher a frequ\u00eancia do seu zumbido antes de processar.<\/p>\n<p style=\"text-align: center;\"><em>Esteja ciente de que ap\u00f3s o checkup esta escolha n\u00e3o pode mais ser alterada.<\/em><\/p>\n","protected":false},"featured_media":39570,"template":"","meta":{"pmpro_default_level":""},"product_brand":[],"product_cat":[206],"product_tag":[],"class_list":{"0":"post-37012","1":"product","2":"type-product","3":"status-publish","4":"has-post-thumbnail","6":"product_cat-audio-terapia-pt-pt","7":"pmpro-has-access","9":"first","10":"instock","11":"sale","12":"sold-individually","13":"shipping-taxable","14":"purchasable","15":"product-type-variable"},"_links":{"self":[{"href":"https:\/\/tinnitus-treatments.com\/pt-pt\/wp-json\/wp\/v2\/product\/37012","targetHints":{"allow":["GET"]}}],"collection":[{"href":"https:\/\/tinnitus-treatments.com\/pt-pt\/wp-json\/wp\/v2\/product"}],"about":[{"href":"https:\/\/tinnitus-treatments.com\/pt-pt\/wp-json\/wp\/v2\/types\/product"}],"wp:featuredmedia":[{"embeddable":true,"href":"https:\/\/tinnitus-treatments.com\/pt-pt\/wp-json\/wp\/v2\/media\/39570"}],"wp:attachment":[{"href":"https:\/\/tinnitus-treatments.com\/pt-pt\/wp-json\/wp\/v2\/media?parent=37012"}],"wp:term":[{"taxonomy":"product_brand","embeddable":true,"href":"https:\/\/tinnitus-treatments.com\/pt-pt\/wp-json\/wp\/v2\/product_brand?post=37012"},{"taxonomy":"product_cat","embeddable":true,"href":"https:\/\/tinnitus-treatments.com\/pt-pt\/wp-json\/wp\/v2\/product_cat?post=37012"},{"taxonomy":"product_tag","embeddable":true,"href":"https:\/\/tinnitus-treatments.com\/pt-pt\/wp-json\/wp\/v2\/product_tag?post=37012"}],"curies":[{"name":"wp","href":"https:\/\/api.w.org\/{rel}","templated":true}]}}