{"id":33537,"date":"2021-08-10T11:58:19","date_gmt":"2021-08-10T11:58:19","guid":{"rendered":"http:\/\/tinnitus-treatments.com\/f-a-q-s\/"},"modified":"2022-02-01T16:20:44","modified_gmt":"2022-02-01T16:20:44","slug":"f-a-q-s","status":"publish","type":"page","link":"https:\/\/tinnitus-treatments.com\/pt-pt\/f-a-q-s\/","title":{"rendered":"F.A.Q.&#8217;s"},"content":{"rendered":"\t\t<div data-elementor-type=\"wp-page\" data-elementor-id=\"33537\" class=\"elementor elementor-33537 elementor-21331\" data-elementor-post-type=\"page\">\n\t\t\t\t\t\t<section class=\"elementor-section elementor-top-section elementor-element elementor-element-1068af1 elementor-section-boxed elementor-section-height-default elementor-section-height-default\" data-id=\"1068af1\" data-element_type=\"section\">\n\t\t\t\t\t\t<div class=\"elementor-container elementor-column-gap-default\">\n\t\t\t\t\t<div class=\"elementor-column elementor-col-50 elementor-top-column elementor-element elementor-element-98011a3\" data-id=\"98011a3\" data-element_type=\"column\" data-settings=\"{&quot;background_background&quot;:&quot;classic&quot;}\">\n\t\t\t<div class=\"elementor-widget-wrap elementor-element-populated\">\n\t\t\t\t\t\t<div class=\"elementor-element elementor-element-9bac3c2 elementor-widget elementor-widget-heading\" data-id=\"9bac3c2\" data-element_type=\"widget\" data-widget_type=\"heading.default\">\n\t\t\t\t<div class=\"elementor-widget-container\">\n\t\t\t\t\t<h1 class=\"elementor-heading-title elementor-size-default\">F.A.Q.'s<\/h1>\t\t\t\t<\/div>\n\t\t\t\t<\/div>\n\t\t\t\t\t<\/div>\n\t\t<\/div>\n\t\t\t\t<div class=\"elementor-column elementor-col-50 elementor-top-column elementor-element elementor-element-6a2208d\" data-id=\"6a2208d\" data-element_type=\"column\">\n\t\t\t<div class=\"elementor-widget-wrap elementor-element-populated\">\n\t\t\t\t\t\t<div class=\"elementor-element elementor-element-5bed655 elementor-widget elementor-widget-image\" data-id=\"5bed655\" data-element_type=\"widget\" data-widget_type=\"image.default\">\n\t\t\t\t<div class=\"elementor-widget-container\">\n\t\t\t\t\t\t\t\t\t\t\t\t\t\t\t<img decoding=\"async\" src=\"https:\/\/tinnitus-treatments.com\/wp-content\/uploads\/2021\/10\/tinnitus-treatments-sound-therapy.png\" title=\"tratamentos de tinnitus terapia de som\" alt=\"tratamentos de tinnitus terapia de som\" loading=\"lazy\" \/>\t\t\t\t\t\t\t\t\t\t\t\t\t\t\t<\/div>\n\t\t\t\t<\/div>\n\t\t\t\t\t<\/div>\n\t\t<\/div>\n\t\t\t\t\t<\/div>\n\t\t<\/section>\n\t\t\t\t<section class=\"elementor-section elementor-top-section elementor-element elementor-element-726b23d elementor-section-boxed elementor-section-height-default elementor-section-height-default\" data-id=\"726b23d\" data-element_type=\"section\" data-settings=\"{&quot;background_background&quot;:&quot;classic&quot;}\">\n\t\t\t\t\t\t<div class=\"elementor-container elementor-column-gap-default\">\n\t\t\t\t\t<div class=\"elementor-column elementor-col-100 elementor-top-column elementor-element elementor-element-6edf787\" data-id=\"6edf787\" data-element_type=\"column\">\n\t\t\t<div class=\"elementor-widget-wrap elementor-element-populated\">\n\t\t\t\t\t\t<div class=\"elementor-element elementor-element-1355af4 elementor-widget elementor-widget-text-editor\" data-id=\"1355af4\" data-element_type=\"widget\" data-widget_type=\"text-editor.default\">\n\t\t\t\t<div class=\"elementor-widget-container\">\n\t\t\t\t\t\t\t\t\t<p class=\"site-title\" style=\"text-align: left;\"><strong>1 &#8211; Sobre o tinnitus.<\/strong><\/p>\n<div class=\"page-content\">\n<div class=\"elementor elementor-129 elementor-edit-area elementor-edit-mode elementor-edit-area-active\" data-elementor-type=\"wp-page\" data-elementor-id=\"129\" data-elementor-title=\"Page\">\n<div class=\"elementor-inner\">\n<div class=\"elementor-section-wrap ui-sortable\">\n<section id=\"\" class=\"elementor-element elementor-element-edit-mode elementor-element-8e0054b elementor-section elementor-top-section elementor-section-boxed elementor-section-height-default\" data-id=\"8e0054b\" data-element_type=\"section\" data-model-cid=\"c38\">\n<div class=\"elementor-container elementor-column-gap-default\">\n<div class=\"elementor-row ui-sortable\">\n<div id=\"\" class=\"elementor-element elementor-element-edit-mode elementor-element-62dda90 elementor-element--toggle-edit-tools elementor-column elementor-top-column ui-resizable\" data-id=\"62dda90\" data-element_type=\"column\" data-col=\"100\" data-model-cid=\"c39\">\n<div class=\"elementor-column-wrap elementor-element-populated\">\n<div class=\"elementor-widget-wrap ui-sortable\">\n<div id=\"\" class=\"elementor-element elementor-element-edit-mode elementor-element-975102f elementor-element--toggle-edit-tools elementor-widget elementor-widget-text-editor\" data-id=\"975102f\" data-element_type=\"widget\" data-model-cid=\"c40\" data-widget_type=\"text-editor.default\">\n<div class=\"elementor-widget-container\">\n<div class=\"elementor-text-editor elementor-clearfix elementor-inline-editing\" data-elementor-setting-key=\"editor\" data-elementor-inline-editing-toolbar=\"advanced\">\n<ul>\n<li>Posso usar a audioterapia sem aconselhamento m\u00e9dico?<\/li>\n<\/ul>\n<p>Sim, mas tenha em mente que o processamento de \u00e1udio n\u00e3o pode de forma alguma substituir uma opini\u00e3o m\u00e9dica e\/ou um acompanhamento m\u00e9dico.<\/p>\n<ul>\n<li>Eu sinto o meu tinnitus de um lado, posso seguir o tratamento?<\/li>\n<\/ul>\n<p>Sim, voc\u00ea pode seguir o tratamento da mesma forma.<\/p>\n<ul>\n<li>Eu sinto v\u00e1rios zumbidos em diferentes frequ\u00eancias, o que fazer?<\/li>\n<\/ul>\n<p>Voc\u00ea precisa se concentrar na freq\u00fc\u00eancia do tinnitus dominante.<\/p>\n<ul>\n<li>Eu tenho hiperacusia, posso usar a audioterapia?<\/li>\n<\/ul>\n<p>A nossa terapia n\u00e3o foi criada para tratar a Hiperacusia. Neste caso em particular, <strong>deve<\/strong> aconselhar-se com o seu m\u00e9dico ou especialista antes de utilizar a audioterapia.<\/p>\n<\/div>\n<\/div>\n<\/div>\n<\/div>\n<\/div>\n<\/div>\n<\/div>\n<\/div>\n<\/section>\n<\/div>\n<\/div>\n<\/div>\n<\/div>\n\t\t\t\t\t\t\t\t<\/div>\n\t\t\t\t<\/div>\n\t\t\t\t\t<\/div>\n\t\t<\/div>\n\t\t\t\t\t<\/div>\n\t\t<\/section>\n\t\t\t\t<section class=\"elementor-section elementor-top-section elementor-element elementor-element-6841698 elementor-section-boxed elementor-section-height-default elementor-section-height-default\" data-id=\"6841698\" data-element_type=\"section\">\n\t\t\t\t\t\t<div class=\"elementor-container elementor-column-gap-default\">\n\t\t\t\t\t<div class=\"elementor-column elementor-col-100 elementor-top-column elementor-element elementor-element-0deec72\" data-id=\"0deec72\" data-element_type=\"column\">\n\t\t\t<div class=\"elementor-widget-wrap elementor-element-populated\">\n\t\t\t\t\t\t<div class=\"elementor-element elementor-element-6ae166c elementor-widget elementor-widget-image\" data-id=\"6ae166c\" data-element_type=\"widget\" data-widget_type=\"image.default\">\n\t\t\t\t<div class=\"elementor-widget-container\">\n\t\t\t\t\t\t\t\t\t\t\t\t\t\t\t<img fetchpriority=\"high\" decoding=\"async\" width=\"400\" height=\"278\" src=\"https:\/\/tinnitus-treatments.com\/wp-content\/uploads\/2021\/09\/faqs-about-tinnitus-400.png\" class=\"attachment-full size-full wp-image-33272\" alt=\"faq&#039;s sobre tinnitus\" srcset=\"https:\/\/tinnitus-treatments.com\/wp-content\/uploads\/2021\/09\/faqs-about-tinnitus-400.png 400w, https:\/\/tinnitus-treatments.com\/wp-content\/uploads\/2021\/09\/faqs-about-tinnitus-400-300x209.png 300w\" sizes=\"(max-width: 400px) 100vw, 400px\" \/>\t\t\t\t\t\t\t\t\t\t\t\t\t\t\t<\/div>\n\t\t\t\t<\/div>\n\t\t\t\t\t<\/div>\n\t\t<\/div>\n\t\t\t\t\t<\/div>\n\t\t<\/section>\n\t\t\t\t<section class=\"elementor-section elementor-top-section elementor-element elementor-element-173bac7 elementor-section-boxed elementor-section-height-default elementor-section-height-default\" data-id=\"173bac7\" data-element_type=\"section\" data-settings=\"{&quot;background_background&quot;:&quot;classic&quot;}\">\n\t\t\t\t\t\t<div class=\"elementor-container elementor-column-gap-default\">\n\t\t\t\t\t<div class=\"elementor-column elementor-col-100 elementor-top-column elementor-element elementor-element-5fb0d1f\" data-id=\"5fb0d1f\" data-element_type=\"column\">\n\t\t\t<div class=\"elementor-widget-wrap elementor-element-populated\">\n\t\t\t\t\t\t<div class=\"elementor-element elementor-element-f3fc377 elementor-widget elementor-widget-text-editor\" data-id=\"f3fc377\" data-element_type=\"widget\" data-widget_type=\"text-editor.default\">\n\t\t\t\t<div class=\"elementor-widget-container\">\n\t\t\t\t\t\t\t\t\t<div class=\"page-content\">\n<div class=\"elementor elementor-129 elementor-edit-area elementor-edit-mode elementor-edit-area-active\" data-elementor-type=\"wp-page\" data-elementor-id=\"129\" data-elementor-title=\"Page\">\n<div class=\"elementor-inner\">\n<div class=\"elementor-section-wrap ui-sortable\">\n<section id=\"\" class=\"elementor-element elementor-element-edit-mode elementor-element-8e0054b elementor-section elementor-top-section elementor-section-boxed elementor-section-height-default\" data-id=\"8e0054b\" data-element_type=\"section\" data-model-cid=\"c38\">\n<div class=\"elementor-container elementor-column-gap-default\">\n<div class=\"elementor-row ui-sortable\">\n<div id=\"\" class=\"elementor-element elementor-element-edit-mode elementor-element-62dda90 elementor-element--toggle-edit-tools elementor-column elementor-top-column ui-resizable\" data-id=\"62dda90\" data-element_type=\"column\" data-col=\"100\" data-model-cid=\"c39\">\n<div class=\"elementor-column-wrap elementor-element-populated\">\n<div class=\"elementor-widget-wrap ui-sortable\">\n<div id=\"\" class=\"elementor-element elementor-element-edit-mode elementor-element-975102f elementor-element--toggle-edit-tools elementor-widget elementor-widget-text-editor\" data-id=\"975102f\" data-element_type=\"widget\" data-model-cid=\"c40\" data-widget_type=\"text-editor.default\">\n<div class=\"elementor-widget-container\">\n<div class=\"elementor-text-editor elementor-clearfix elementor-inline-editing\" data-elementor-setting-key=\"editor\" data-elementor-inline-editing-toolbar=\"advanced\">\n<p><strong>2 &#8211; Sobre a audioterapia.<\/strong><\/p>\n<ul>\n<li>Como funciona a audioterapia?<\/li>\n<\/ul>\n<p>Por favor, verifique <a href=\"http:\/\/tinnitus-treatments.com\/pt-pt\/a-nossa-solucao\/\" target=\"_blank\" rel=\"noopener\">aqui<\/a>.<\/p>\n<ul>\n<li>Qual \u00e9 a base cient\u00edfica para a audioterapia?<\/li>\n<\/ul>\n<p>Nossa terapia \u00e9 baseada na pesquisa conduzida por H. OKAMOTO, H. STRACKE, W. STOLL, C. PANTEV em Muenster, Alemanha, resumida <a href=\"http:\/\/tinnitus-treatments.com\/pt-pt\/notched-audioterapia\/\" target=\"_blank\" rel=\"noopener\">aqui<\/a>. Encontre a publica\u00e7\u00e3o original <a href=\"https:\/\/www.pnas.org\/content\/pnas\/107\/3\/1207.full.pdf\" target=\"_blank\" rel=\"noopener\">aqui<\/a>\u00a0(em ingl\u00eas).<\/p>\n<ul>\n<li>N\u00e3o consigo identificar a frequ\u00eancia do meu zumbido.<\/li>\n<\/ul>\n<p>Isto pode ser problem\u00e1tico. Seja paciente e persistente, ou tente as seguintes dicas:<\/p>\n<p>Canta o teu tinnitus ao mesmo tempo que ajustas a frequ\u00eancia do jogador.<\/p>\n<p>Corte e devolva o som do jogador para sentir as diferen\u00e7as.<\/p>\n<ul>\n<li>Posso ouvir audioterapia a noite toda?<\/li>\n<\/ul>\n<p>Sim, n\u00e3o h\u00e1 limite para isso, excepto talvez a paci\u00eancia do seu parceiro! Certifique-se de ajustar o volume do \u00e1udio a um n\u00edvel ligeiramente inferior \u00e0 percep\u00e7\u00e3o do seu tinnitus.<\/p>\n<ul>\n<li>Posso ouvir com um fone de ouvido ou fones de ouvido, e com que volume devo ouvir?<\/li>\n<\/ul>\n<p>Sim, est\u00e1 tudo bem e talvez seja melhor porque n\u00e3o vais incomodar ningu\u00e9m. \u00c9 aconselh\u00e1vel ajustar o volume para que o processamento de \u00e1udio seja ligeiramente menor do que o volume percebido do tinnitus.<\/p>\n<ul>\n<li>Quanto tempo voc\u00ea pode ouvir o processamento de \u00e1udio?<\/li>\n<\/ul>\n<p>N\u00e3o h\u00e1 limite, e a efic\u00e1cia do tratamento depende do tempo de escuta. \u00c9 claro que ter\u00e1 de respeitar o ambiente que o rodeia, sendo aconselhada uma dura\u00e7\u00e3o m\u00ednima de 30 minutos por dia.<\/p>\n<ul>\n<li>Posso transferir arquivos de \u00e1udio do meu telefone para o meu computador ou outro dispositivo e como?<\/li>\n<\/ul>\n<p>Sim, voc\u00ea pode transferir livremente os arquivos de \u00e1udio que est\u00e3o no formato MP3 do seu telefone para o seu computador ou qualquer dispositivo de reprodu\u00e7\u00e3o de \u00e1udio.<\/p>\n<p>Encontrar os itens baixados em seu telefone pode ser complicado, aqui est\u00e1 <a href=\"https:\/\/www.digitaltrends.com\/mobile\/how-to-find-downloads-iphone-android\/\" target=\"_blank\" rel=\"noopener\">um link para ajudar<\/a>\u00a0(em ingl\u00eas).<\/p>\n<ul>\n<li>Posso dar o meu \u00e1udio ao meu primo que tamb\u00e9m \u00e9 v\u00edtima de tinnitus?<\/li>\n<\/ul>\n<p>N\u00e3o, a audioterapia \u00e9 personalizada para o tratamento do seu zumbido e n\u00e3o \u00e9 adaptada para a patologia de outra pessoa.<\/p>\n<ul>\n<li>Os exerc\u00edcios de respira\u00e7\u00e3o e relaxamento s\u00e3o obrigat\u00f3rios?<\/li>\n<\/ul>\n<p>N\u00e3o, eles complementam a audioterapia, mas voc\u00ea tamb\u00e9m pode pratic\u00e1-los sozinho quando lhe for conveniente.<\/p>\n<\/div>\n<\/div>\n<\/div>\n<\/div>\n<\/div>\n<\/div>\n<\/div>\n<\/div>\n<\/section>\n<\/div>\n<\/div>\n<\/div>\n<\/div>\n\t\t\t\t\t\t\t\t<\/div>\n\t\t\t\t<\/div>\n\t\t\t\t\t<\/div>\n\t\t<\/div>\n\t\t\t\t\t<\/div>\n\t\t<\/section>\n\t\t\t\t<section class=\"elementor-section elementor-top-section elementor-element elementor-element-96d0797 elementor-section-boxed elementor-section-height-default elementor-section-height-default\" data-id=\"96d0797\" data-element_type=\"section\">\n\t\t\t\t\t\t<div class=\"elementor-container elementor-column-gap-default\">\n\t\t\t\t\t<div class=\"elementor-column elementor-col-100 elementor-top-column elementor-element elementor-element-4dd7533\" data-id=\"4dd7533\" data-element_type=\"column\">\n\t\t\t<div class=\"elementor-widget-wrap elementor-element-populated\">\n\t\t\t\t\t\t<div class=\"elementor-element elementor-element-510ce71 elementor-widget elementor-widget-image\" data-id=\"510ce71\" data-element_type=\"widget\" data-widget_type=\"image.default\">\n\t\t\t\t<div class=\"elementor-widget-container\">\n\t\t\t\t\t\t\t\t\t\t\t\t\t\t\t<img decoding=\"async\" width=\"400\" height=\"278\" src=\"https:\/\/tinnitus-treatments.com\/wp-content\/uploads\/2021\/09\/faqs-about-audio-treatment-400.png\" class=\"attachment-full size-full wp-image-33273\" alt=\"faq&#039;s sobre tratamento de \u00e1udio\" srcset=\"https:\/\/tinnitus-treatments.com\/wp-content\/uploads\/2021\/09\/faqs-about-audio-treatment-400.png 400w, https:\/\/tinnitus-treatments.com\/wp-content\/uploads\/2021\/09\/faqs-about-audio-treatment-400-300x209.png 300w\" sizes=\"(max-width: 400px) 100vw, 400px\" \/>\t\t\t\t\t\t\t\t\t\t\t\t\t\t\t<\/div>\n\t\t\t\t<\/div>\n\t\t\t\t\t<\/div>\n\t\t<\/div>\n\t\t\t\t\t<\/div>\n\t\t<\/section>\n\t\t\t\t<section class=\"elementor-section elementor-top-section elementor-element elementor-element-85b7e9d elementor-section-boxed elementor-section-height-default elementor-section-height-default\" data-id=\"85b7e9d\" data-element_type=\"section\" data-settings=\"{&quot;background_background&quot;:&quot;classic&quot;}\">\n\t\t\t\t\t\t<div class=\"elementor-container elementor-column-gap-default\">\n\t\t\t\t\t<div class=\"elementor-column elementor-col-100 elementor-top-column elementor-element elementor-element-8a435a6\" data-id=\"8a435a6\" data-element_type=\"column\">\n\t\t\t<div class=\"elementor-widget-wrap elementor-element-populated\">\n\t\t\t\t\t\t<div class=\"elementor-element elementor-element-d51c53b elementor-widget elementor-widget-text-editor\" data-id=\"d51c53b\" data-element_type=\"widget\" data-widget_type=\"text-editor.default\">\n\t\t\t\t<div class=\"elementor-widget-container\">\n\t\t\t\t\t\t\t\t\t<div class=\"page-content\">\n<div class=\"elementor elementor-129 elementor-edit-area elementor-edit-mode elementor-edit-area-active\" data-elementor-type=\"wp-page\" data-elementor-id=\"129\" data-elementor-title=\"Page\">\n<div class=\"elementor-inner\">\n<div class=\"elementor-section-wrap ui-sortable\">\n<section id=\"\" class=\"elementor-element elementor-element-edit-mode elementor-element-8e0054b elementor-section elementor-top-section elementor-section-boxed elementor-section-height-default\" data-id=\"8e0054b\" data-element_type=\"section\" data-model-cid=\"c38\">\n<div class=\"elementor-container elementor-column-gap-default\">\n<div class=\"elementor-row ui-sortable\">\n<div id=\"\" class=\"elementor-element elementor-element-edit-mode elementor-element-62dda90 elementor-element--toggle-edit-tools elementor-column elementor-top-column ui-resizable\" data-id=\"62dda90\" data-element_type=\"column\" data-col=\"100\" data-model-cid=\"c39\">\n<div class=\"elementor-column-wrap elementor-element-populated\">\n<div class=\"elementor-widget-wrap ui-sortable\">\n<div id=\"\" class=\"elementor-element elementor-element-edit-mode elementor-element-975102f elementor-element--toggle-edit-tools elementor-widget elementor-widget-text-editor\" data-id=\"975102f\" data-element_type=\"widget\" data-model-cid=\"c40\" data-widget_type=\"text-editor.default\">\n<div class=\"elementor-widget-container\">\n<div class=\"elementor-text-editor elementor-clearfix elementor-inline-editing\" data-elementor-setting-key=\"editor\" data-elementor-inline-editing-toolbar=\"advanced\">\n<p><strong>3 &#8211; Administra\u00e7\u00e3o<\/strong><\/p>\n<ul>\n<li>N\u00e3o quero mais receber a newsletter, como fazer?<\/li>\n<\/ul>\n<p>Basta enviar um e-mail com o assunto &#8216;Unsuscribe&#8217; para <a href=\"mailto:contact@atinysilence.com\" target=\"_blank\" rel=\"noopener\">contact@atinysilence.com<\/a>.<\/p>\n<ul>\n<li>Como s\u00e3o geridos os meus dados pessoais e quais s\u00e3o os meus direitos?<\/li>\n<\/ul>\n<p>Os seus dados pessoais s\u00e3o geridos em conformidade com o regulamento da Uni\u00e3o Europeia n.\u00ba 2016\/679 de 27 de Abril de 2016 (GDPR); Mais informa\u00e7\u00f5es com a nossa <a href=\"http:\/\/tinnitus-treatments.com\/pt-pt\/politica-de-privacidade\/\" target=\"_blank\" rel=\"noopener\">Pol\u00edtica de Privacidade<\/a><em>.<\/em><\/p>\n<ul>\n<li>Uma vez feito o pagamento, o tratamento ser\u00e1 adquirido para toda a vida?<\/li>\n<\/ul>\n<p>Sim, o pagamento \u00fanico d\u00e1-lhe o direito ilimitado e n\u00e3o alien\u00e1vel de usar o seu processamento de \u00e1udio personalizado em qualquer meio \u00e0 sua escolha.<\/p>\n<\/div>\n<\/div>\n<\/div>\n<\/div>\n<\/div>\n<\/div>\n<\/div>\n<\/div>\n<\/section>\n<\/div>\n<\/div>\n<\/div>\n<\/div>\n\t\t\t\t\t\t\t\t<\/div>\n\t\t\t\t<\/div>\n\t\t\t\t\t<\/div>\n\t\t<\/div>\n\t\t\t\t\t<\/div>\n\t\t<\/section>\n\t\t\t\t<\/div>\n\t\t","protected":false},"excerpt":{"rendered":"<p>F.A.Q.&#8217;s 1 &#8211; Sobre o tinnitus. Posso usar a audioterapia sem aconselhamento m\u00e9dico? Sim, mas tenha em mente que o processamento de \u00e1udio n\u00e3o pode de forma alguma substituir uma opini\u00e3o m\u00e9dica e\/ou um acompanhamento m\u00e9dico. Eu sinto o meu tinnitus de um lado, posso seguir o tratamento? Sim, voc\u00ea pode seguir o tratamento da [&hellip;]<\/p>\n","protected":false},"author":1,"featured_media":0,"parent":0,"menu_order":0,"comment_status":"closed","ping_status":"closed","template":"","meta":{"pmpro_default_level":"","footnotes":""},"class_list":["post-33537","page","type-page","status-publish","hentry","pmpro-has-access"],"_links":{"self":[{"href":"https:\/\/tinnitus-treatments.com\/pt-pt\/wp-json\/wp\/v2\/pages\/33537","targetHints":{"allow":["GET"]}}],"collection":[{"href":"https:\/\/tinnitus-treatments.com\/pt-pt\/wp-json\/wp\/v2\/pages"}],"about":[{"href":"https:\/\/tinnitus-treatments.com\/pt-pt\/wp-json\/wp\/v2\/types\/page"}],"author":[{"embeddable":true,"href":"https:\/\/tinnitus-treatments.com\/pt-pt\/wp-json\/wp\/v2\/users\/1"}],"replies":[{"embeddable":true,"href":"https:\/\/tinnitus-treatments.com\/pt-pt\/wp-json\/wp\/v2\/comments?post=33537"}],"version-history":[{"count":0,"href":"https:\/\/tinnitus-treatments.com\/pt-pt\/wp-json\/wp\/v2\/pages\/33537\/revisions"}],"wp:attachment":[{"href":"https:\/\/tinnitus-treatments.com\/pt-pt\/wp-json\/wp\/v2\/media?parent=33537"}],"curies":[{"name":"wp","href":"https:\/\/api.w.org\/{rel}","templated":true}]}}