{"id":33435,"date":"2021-08-10T13:44:37","date_gmt":"2021-08-10T13:44:37","guid":{"rendered":"http:\/\/tinnitus-treatments.com\/politica-de-privacidade\/"},"modified":"2022-02-02T07:17:09","modified_gmt":"2022-02-02T07:17:09","slug":"politica-de-privacidade","status":"publish","type":"page","link":"https:\/\/tinnitus-treatments.com\/pt-pt\/politica-de-privacidade\/","title":{"rendered":"Pol\u00edtica de Privacidade"},"content":{"rendered":"\t\t<div data-elementor-type=\"wp-page\" data-elementor-id=\"33435\" class=\"elementor elementor-33435 elementor-21384\" data-elementor-post-type=\"page\">\n\t\t\t\t\t\t<section class=\"elementor-section elementor-top-section elementor-element elementor-element-17fbe89 elementor-section-boxed elementor-section-height-default elementor-section-height-default\" data-id=\"17fbe89\" data-element_type=\"section\">\n\t\t\t\t\t\t<div class=\"elementor-container elementor-column-gap-default\">\n\t\t\t\t\t<div class=\"elementor-column elementor-col-50 elementor-top-column elementor-element elementor-element-e17a44a\" data-id=\"e17a44a\" data-element_type=\"column\" data-settings=\"{&quot;background_background&quot;:&quot;classic&quot;}\">\n\t\t\t<div class=\"elementor-widget-wrap elementor-element-populated\">\n\t\t\t\t\t\t<div class=\"elementor-element elementor-element-798d451 elementor-widget elementor-widget-heading\" data-id=\"798d451\" data-element_type=\"widget\" data-widget_type=\"heading.default\">\n\t\t\t\t<div class=\"elementor-widget-container\">\n\t\t\t\t\t<h1 class=\"elementor-heading-title elementor-size-default\">Pol\u00edtica de Privacidade<\/h1>\t\t\t\t<\/div>\n\t\t\t\t<\/div>\n\t\t\t\t\t<\/div>\n\t\t<\/div>\n\t\t\t\t<div class=\"elementor-column elementor-col-50 elementor-top-column elementor-element elementor-element-19025b0\" data-id=\"19025b0\" data-element_type=\"column\">\n\t\t\t<div class=\"elementor-widget-wrap elementor-element-populated\">\n\t\t\t\t\t\t<div class=\"elementor-element elementor-element-38eeb6b elementor-widget elementor-widget-image\" data-id=\"38eeb6b\" data-element_type=\"widget\" data-widget_type=\"image.default\">\n\t\t\t\t<div class=\"elementor-widget-container\">\n\t\t\t\t\t\t\t\t\t\t\t\t\t\t\t<img decoding=\"async\" src=\"https:\/\/tinnitus-treatments.com\/wp-content\/uploads\/2021\/10\/tinnitus-audio-therapy.jpg\" title=\"tinnitus audio terapia\" alt=\"tinnitus audio terapia\" loading=\"lazy\" \/>\t\t\t\t\t\t\t\t\t\t\t\t\t\t\t<\/div>\n\t\t\t\t<\/div>\n\t\t\t\t\t<\/div>\n\t\t<\/div>\n\t\t\t\t\t<\/div>\n\t\t<\/section>\n\t\t\t\t<section class=\"elementor-section elementor-top-section elementor-element elementor-element-9b9f14e elementor-section-boxed elementor-section-height-default elementor-section-height-default\" data-id=\"9b9f14e\" data-element_type=\"section\">\n\t\t\t\t\t\t<div class=\"elementor-container elementor-column-gap-default\">\n\t\t\t\t\t<div class=\"elementor-column elementor-col-100 elementor-top-column elementor-element elementor-element-3c2fd5b\" data-id=\"3c2fd5b\" data-element_type=\"column\">\n\t\t\t<div class=\"elementor-widget-wrap elementor-element-populated\">\n\t\t\t\t\t\t<div class=\"elementor-element elementor-element-920a7a6 elementor-widget elementor-widget-text-editor\" data-id=\"920a7a6\" data-element_type=\"widget\" data-widget_type=\"text-editor.default\">\n\t\t\t\t<div class=\"elementor-widget-container\">\n\t\t\t\t\t\t\t\t\t<h2><strong>D\u00e9finitions.<\/strong><\/h2>\n<p>&#8220;A Tiny Silence&#8221; ou &#8220;o Editor&#8221; significa &#8220;A Tiny Silence&#8221;, Sociedade An\u00f3nima Simplificada com um capital de 200 euros, registada no Registo Comercial e Comercial de Narbonne sob o n\u00ba 216 455 88 77 e com sede social em 140 rue du Moulinas, Nefs des Sables 25K4, 11370 Leucate, Fran\u00e7a.<\/p>\n<p>&#8220;Website&#8221; ou websites significa o website do Editor ou websites acess\u00edveis em https:\/\/atinysilence.com e http:\/\/tinnitus-treatments.com<\/p>\n<p>&#8220;Aplica\u00e7\u00e3o&#8221; significa a aplica\u00e7\u00e3o desenvolvida pelo Editor.<\/p>\n<p>&#8220;Conte\u00fado&#8221; significa o conte\u00fado do Website e\/ou da Aplica\u00e7\u00e3o.<\/p>\n<p>&#8220;Utilizador&#8221; significa o(s) indiv\u00edduo(s) que utiliza(m) o Website e\/ou a Aplica\u00e7\u00e3o.<\/p>\n<p>&#8220;Conta de Usu\u00e1rio&#8221; significa a conta criada quando um Usu\u00e1rio se registra.<\/p>\n<p>&#8220;Dados Pessoais&#8221; significa informa\u00e7\u00e3o pessoal que identifica o Utilizador.<\/p>\n<\/p>\n<h2><strong>Dados Pessoais.<\/strong><\/h2>\n<p>Os dados pessoais s\u00e3o recolhidos e processados pelo Editor de acordo com as disposi\u00e7\u00f5es do Regulamento da UE n.\u00ba 2016\/679 de 27 de Abril de 2016, conhecido como &#8220;GDPR&#8221;, (o &#8220;Regulamento Aplic\u00e1vel&#8221;).<\/p>\n<p>Os Dados Pessoais recolhidos s\u00e3o, ao criar uma Conta de Utilizador:<\/p>\n<ul>\n<li>frequ\u00eancia de zumbido, conforme selecionado pelo Usu\u00e1rio,<\/li>\n<li>nome do usu\u00e1rio,<\/li>\n<li>c\u00f3digo de acesso,<\/li>\n<li>endere\u00e7o de e-mail,<\/li>\n<li>data e hora da cria\u00e7\u00e3o.<\/li>\n<\/ul>\n<h3>Use.<\/h3>\n<p>Os dados pessoais s\u00f3 podem ser utilizados pelo Editor para os fins de:<\/p>\n<ul>\n<li>Identifica\u00e7\u00e3o personalizada do tinnitus.<\/li>\n<li>Cria\u00e7\u00e3o e gest\u00e3o da Conta de Usu\u00e1rio.<\/li>\n<li>Presta\u00e7\u00e3o de servi\u00e7os personalizados.<\/li>\n<li>Acesso ao Website e \u00e0 Aplica\u00e7\u00e3o e luta contra a intrus\u00e3o e uso indevido.<\/li>\n<li>Envio de informa\u00e7\u00f5es comerciais do usu\u00e1rio e\/ou de um boletim informativo.<\/li>\n<li>Notifica\u00e7\u00f5es ao Usu\u00e1rio sobre altera\u00e7\u00f5es no Website, na Aplica\u00e7\u00e3o, no Conte\u00fado e\/ou na Pol\u00edtica de Privacidade e nos Termos e Condi\u00e7\u00f5es Gerais&#8230;<\/li>\n<li>An\u00e1lises estat\u00edsticas destinadas a melhorar o Conte\u00fado.<\/li>\n<\/ul>\n<h3> <\/h3>\n<h3>Direitos do Utilizador.<\/h3>\n<p>De acordo com o Regulamento Aplic\u00e1vel, o Utilizador pode, a qualquer momento, exercer o seu direito a:<\/p>\n<ul>\n<li>objetar ao recebimento da newsletter e\/ou ofertas comerciais da Editora.<\/li>\n<li>aceder e\/ou obter a rectifica\u00e7\u00e3o ou apagamento de Dados Pessoais.<\/li>\n<li>obter a elimina\u00e7\u00e3o da sua Conta de Utilizador.<\/li>\n<\/ul>\n<p>informando ao Editor a sua inten\u00e7\u00e3o usando o endere\u00e7o de correio: contact@atinysilence.com. Por favor especifique: assunto: personal data<\/p>\n<p>A fim de preservar a seguran\u00e7a e confidencialidade dos Dados Pessoais, este pedido deve ser acompanhado de uma prova de identidade. A credencial ser\u00e1 destru\u00edda assim que o pedido for processado.<\/p>\n<p>No caso de pedidos infundados ou excessivos, em particular devido ao seu car\u00e1cter repetitivo, o Editor reserva-se o direito de facturar ou n\u00e3o actuar sobre qualquer pedido de um Utilizador posterior a um pedido devidamente satisfeito pelo Editor e relacionado com o mesmo assunto.<\/p>\n<\/p>\n<h3>Recipientes.<\/h3>\n<p>Os Dados Pessoais fornecidos no acto da subscri\u00e7\u00e3o pelo Utilizador ser\u00e3o utilizados apenas pelo Editor e n\u00e3o ser\u00e3o objecto de qualquer utiliza\u00e7\u00e3o comercial ou venda ou transfer\u00eancia para terceiros.<\/p>\n<\/p>\n<h3>Conserva\u00e7\u00e3o.<\/h3>\n<p>O Editor conservar\u00e1 os Dados Pessoais durante tr\u00eas (3) anos a partir da data de subscri\u00e7\u00e3o, a menos que seja necess\u00e1rio cumprir com qualquer obriga\u00e7\u00e3o legal, regulamentar, contabil\u00edstica ou fiscal para manter os Dados Pessoais e poder\u00e1, quando apropriado, mant\u00ea-los de forma an\u00f3nima.<\/p>\n<\/p>\n<h3>Seguran\u00e7a.<\/h3>\n<p>O Editor implementa todos os meios organizacionais, software, legais, t\u00e9cnicos e f\u00edsicos para garantir a confidencialidade e seguran\u00e7a dos Dados Pessoais, a fim de evitar o seu dano, apagamento ou acesso por terceiros n\u00e3o autorizados.<\/p>\n<\/p>\n<h3>Subcontrata\u00e7\u00e3o.<\/h3>\n<p>Os dados recolhidos podem ser comunicados aos subempreiteiros contratualmente respons\u00e1veis por determinadas tarefas. Na execu\u00e7\u00e3o dos seus servi\u00e7os, os subcontratados t\u00eam apenas um acesso limitado aos Dados Pessoais e t\u00eam a obriga\u00e7\u00e3o contratual de os utilizar de acordo com as disposi\u00e7\u00f5es da legisla\u00e7\u00e3o aplic\u00e1vel em mat\u00e9ria de protec\u00e7\u00e3o de Dados Pessoais.<\/p>\n<\/p>\n<h3>Portabilidade \/ Reversibilidade.<\/h3>\n<p>De acordo com o Regulamento Aplic\u00e1vel, e sujeito ao fornecimento de prova de identidade, o Utilizador poder\u00e1 obter a reversibilidade dos seus Dados Pessoais gratuitamente, notificando o Editor por carta registada com aviso de recep\u00e7\u00e3o.<br \/>Os Dados Pessoais ser\u00e3o devolvidos sob a forma de um ficheiro inform\u00e1tico padr\u00e3o que ser\u00e1 enviado por e-mail ao Utilizador num prazo m\u00e1ximo de trinta (30) dias a partir da solicita\u00e7\u00e3o.<\/p>\n<\/p>\n<h3>Dados derivados.<\/h3>\n<p>De acordo com o Regulamento Aplic\u00e1vel, o Usu\u00e1rio \u00e9 informado de que os Dados Pessoais derivados, calculados ou criados pelo Editor a partir dos dados fornecidos pelo Usu\u00e1rio s\u00e3o exclu\u00eddos do direito \u00e0 portabilidade, na medida em que n\u00e3o s\u00e3o fornecidos pelo Usu\u00e1rio, mas criados pelo Editor.<\/p>\n<\/p>\n<h3>Transfer\u00eancia.<\/h3>\n<p>Os dados pessoais s\u00e3o processados e armazenados na Uni\u00e3o Europeia.<\/p>\n<\/p>\n<p>O Utilizador \u00e9 informado que poder\u00e1 contactar a Commission Nationale de l&#8217;Informatique et des Libert\u00e9s: 3 Place de Fontenoy &#8211; TSA 80715 &#8211; 75334 PARIS CEDEX 07.<\/p>\n\t\t\t\t\t\t\t\t<\/div>\n\t\t\t\t<\/div>\n\t\t\t\t\t<\/div>\n\t\t<\/div>\n\t\t\t\t\t<\/div>\n\t\t<\/section>\n\t\t\t\t<\/div>\n\t\t","protected":false},"excerpt":{"rendered":"<p>Pol\u00edtica de Privacidade D\u00e9finitions. &#8220;A Tiny Silence&#8221; ou &#8220;o Editor&#8221; significa &#8220;A Tiny Silence&#8221;, Sociedade An\u00f3nima Simplificada com um capital de 200 euros, registada no Registo Comercial e Comercial de Narbonne sob o n\u00ba 216 455 88 77 e com sede social em 140 rue du Moulinas, Nefs des Sables 25K4, 11370 Leucate, Fran\u00e7a. &#8220;Website&#8221; [&hellip;]<\/p>\n","protected":false},"author":1,"featured_media":0,"parent":0,"menu_order":0,"comment_status":"closed","ping_status":"closed","template":"","meta":{"pmpro_default_level":"","footnotes":""},"class_list":["post-33435","page","type-page","status-publish","hentry","pmpro-has-access"],"_links":{"self":[{"href":"https:\/\/tinnitus-treatments.com\/pt-pt\/wp-json\/wp\/v2\/pages\/33435","targetHints":{"allow":["GET"]}}],"collection":[{"href":"https:\/\/tinnitus-treatments.com\/pt-pt\/wp-json\/wp\/v2\/pages"}],"about":[{"href":"https:\/\/tinnitus-treatments.com\/pt-pt\/wp-json\/wp\/v2\/types\/page"}],"author":[{"embeddable":true,"href":"https:\/\/tinnitus-treatments.com\/pt-pt\/wp-json\/wp\/v2\/users\/1"}],"replies":[{"embeddable":true,"href":"https:\/\/tinnitus-treatments.com\/pt-pt\/wp-json\/wp\/v2\/comments?post=33435"}],"version-history":[{"count":0,"href":"https:\/\/tinnitus-treatments.com\/pt-pt\/wp-json\/wp\/v2\/pages\/33435\/revisions"}],"wp:attachment":[{"href":"https:\/\/tinnitus-treatments.com\/pt-pt\/wp-json\/wp\/v2\/media?parent=33435"}],"curies":[{"name":"wp","href":"https:\/\/api.w.org\/{rel}","templated":true}]}}