{"id":33433,"date":"2021-08-10T13:30:53","date_gmt":"2021-08-10T13:30:53","guid":{"rendered":"http:\/\/tinnitus-treatments.com\/notched-audioterapia\/"},"modified":"2022-02-02T17:40:17","modified_gmt":"2022-02-02T17:40:17","slug":"notched-audioterapia","status":"publish","type":"page","link":"https:\/\/tinnitus-treatments.com\/pt-pt\/notched-audioterapia\/","title":{"rendered":"Notched \u00c1udioterapia"},"content":{"rendered":"\t\t<div data-elementor-type=\"wp-page\" data-elementor-id=\"33433\" class=\"elementor elementor-33433 elementor-21369\" data-elementor-post-type=\"page\">\n\t\t\t\t\t\t<section class=\"elementor-section elementor-top-section elementor-element elementor-element-79376e6 elementor-section-boxed elementor-section-height-default elementor-section-height-default\" data-id=\"79376e6\" data-element_type=\"section\">\n\t\t\t\t\t\t<div class=\"elementor-container elementor-column-gap-default\">\n\t\t\t\t\t<div class=\"elementor-column elementor-col-50 elementor-top-column elementor-element elementor-element-6e3d2b8\" data-id=\"6e3d2b8\" data-element_type=\"column\" data-settings=\"{&quot;background_background&quot;:&quot;classic&quot;}\">\n\t\t\t<div class=\"elementor-widget-wrap elementor-element-populated\">\n\t\t\t\t\t\t<div class=\"elementor-element elementor-element-da3f179 elementor-widget elementor-widget-heading\" data-id=\"da3f179\" data-element_type=\"widget\" data-widget_type=\"heading.default\">\n\t\t\t\t<div class=\"elementor-widget-container\">\n\t\t\t\t\t<h1 class=\"elementor-heading-title elementor-size-default\">Notched \u00c1udioterapia<\/h1>\t\t\t\t<\/div>\n\t\t\t\t<\/div>\n\t\t\t\t\t<\/div>\n\t\t<\/div>\n\t\t\t\t<div class=\"elementor-column elementor-col-50 elementor-top-column elementor-element elementor-element-660505a\" data-id=\"660505a\" data-element_type=\"column\">\n\t\t\t<div class=\"elementor-widget-wrap elementor-element-populated\">\n\t\t\t\t\t\t<div class=\"elementor-element elementor-element-96b9185 elementor-widget elementor-widget-image\" data-id=\"96b9185\" data-element_type=\"widget\" data-widget_type=\"image.default\">\n\t\t\t\t<div class=\"elementor-widget-container\">\n\t\t\t\t\t\t\t\t\t\t\t\t\t\t\t<img decoding=\"async\" src=\"https:\/\/tinnitus-treatments.com\/wp-content\/uploads\/2021\/10\/tinnitus-audio-therapy.jpg\" title=\"tinnitus audio terapia\" alt=\"tinnitus audio terapia\" loading=\"lazy\" \/>\t\t\t\t\t\t\t\t\t\t\t\t\t\t\t<\/div>\n\t\t\t\t<\/div>\n\t\t\t\t\t<\/div>\n\t\t<\/div>\n\t\t\t\t\t<\/div>\n\t\t<\/section>\n\t\t\t\t<section class=\"elementor-section elementor-top-section elementor-element elementor-element-9684862 elementor-section-boxed elementor-section-height-default elementor-section-height-default\" data-id=\"9684862\" data-element_type=\"section\" data-settings=\"{&quot;background_background&quot;:&quot;classic&quot;}\">\n\t\t\t\t\t\t<div class=\"elementor-container elementor-column-gap-default\">\n\t\t\t\t\t<div class=\"elementor-column elementor-col-100 elementor-top-column elementor-element elementor-element-63178fc\" data-id=\"63178fc\" data-element_type=\"column\" data-settings=\"{&quot;background_background&quot;:&quot;classic&quot;}\">\n\t\t\t<div class=\"elementor-widget-wrap elementor-element-populated\">\n\t\t\t\t\t<div class=\"elementor-background-overlay\"><\/div>\n\t\t\t\t\t\t<div class=\"elementor-element elementor-element-78cffad elementor-widget elementor-widget-heading\" data-id=\"78cffad\" data-element_type=\"widget\" data-widget_type=\"heading.default\">\n\t\t\t\t<div class=\"elementor-widget-container\">\n\t\t\t\t\t<h2 class=\"elementor-heading-title elementor-size-default\">Como funciona a terapia ...<\/h2>\t\t\t\t<\/div>\n\t\t\t\t<\/div>\n\t\t\t\t\t<\/div>\n\t\t<\/div>\n\t\t\t\t\t<\/div>\n\t\t<\/section>\n\t\t\t\t<section class=\"elementor-section elementor-top-section elementor-element elementor-element-4c9e1be elementor-section-boxed elementor-section-height-default elementor-section-height-default\" data-id=\"4c9e1be\" data-element_type=\"section\">\n\t\t\t\t\t\t<div class=\"elementor-container elementor-column-gap-default\">\n\t\t\t\t\t<div class=\"elementor-column elementor-col-100 elementor-top-column elementor-element elementor-element-e4c48a0\" data-id=\"e4c48a0\" data-element_type=\"column\">\n\t\t\t<div class=\"elementor-widget-wrap elementor-element-populated\">\n\t\t\t\t\t\t<div class=\"elementor-element elementor-element-1d5450a elementor-widget elementor-widget-text-editor\" data-id=\"1d5450a\" data-element_type=\"widget\" data-widget_type=\"text-editor.default\">\n\t\t\t\t<div class=\"elementor-widget-container\">\n\t\t\t\t\t\t\t\t\t<p>Os cientistas concordam agora que a compreens\u00e3o e, portanto, o tratamento do zumbido requer uma abordagem abrangente na qual o ouvido e o sistema nervoso central devem ser considerados em conjunto.<\/p>\n<p>Na maioria dos casos, o tinnitus parece ser um som criado erroneamente pelo c\u00e9rebro para compensar alguma perda auditiva. Mais precisamente, a les\u00e3o da c\u00e9lula sensorial auditiva faz com que os neur\u00f3nios envolvidos na audi\u00e7\u00e3o se sincronizem atrav\u00e9s de um mecanismo de compensa\u00e7\u00e3o, que recriar\u00e1 a sensa\u00e7\u00e3o auditiva da frequ\u00eancia lesada.<\/p>\n<p>A plasticidade cerebral \u00e9 a capacidade dos circuitos neurais do c\u00e9rebro de mudar, numa direc\u00e7\u00e3o ou noutra. Em caso de circuitos cerebrais danificados, isto permite-nos esperar uma restaura\u00e7\u00e3o, pelo menos parcial, ao estado inicial.<\/p>\n\t\t\t\t\t\t\t\t<\/div>\n\t\t\t\t<\/div>\n\t\t\t\t<section class=\"elementor-section elementor-inner-section elementor-element elementor-element-988d6a0 elementor-section-boxed elementor-section-height-default elementor-section-height-default\" data-id=\"988d6a0\" data-element_type=\"section\">\n\t\t\t\t\t\t<div class=\"elementor-container elementor-column-gap-default\">\n\t\t\t\t\t<div class=\"elementor-column elementor-col-50 elementor-inner-column elementor-element elementor-element-fc31f9d\" data-id=\"fc31f9d\" data-element_type=\"column\">\n\t\t\t<div class=\"elementor-widget-wrap elementor-element-populated\">\n\t\t\t\t\t\t<div class=\"elementor-element elementor-element-626757d elementor-widget elementor-widget-text-editor\" data-id=\"626757d\" data-element_type=\"widget\" data-widget_type=\"text-editor.default\">\n\t\t\t\t<div class=\"elementor-widget-container\">\n\t\t\t\t\t\t\t\t\t<p>O processo \u00e1udio de baixar ou cancelar o volume numa determinada banda de frequ\u00eancia \u00e9 chamado &#8220;notch&#8221;.\u00a0 Os sons assim processados s\u00e3o chamados de &#8220;notch sons&#8221;.<\/p>\n<p>Aqui est\u00e1 uma representa\u00e7\u00e3o visual de um som &#8220;notch&#8221;: na escala horizontal, a frequ\u00eancia desde as frequ\u00eancias baixas (graves) \u00e0 esquerda, at\u00e9 \u00e0s frequ\u00eancias altas (agudos) \u00e0 direita; na escala vertical, a intensidade ou o volume.<\/p>\n<p>Em cima: o som inicial, em baixo: o som &#8220;notch&#8221;.<\/p>\n\t\t\t\t\t\t\t\t<\/div>\n\t\t\t\t<\/div>\n\t\t\t\t\t<\/div>\n\t\t<\/div>\n\t\t\t\t<div class=\"elementor-column elementor-col-50 elementor-inner-column elementor-element elementor-element-7b54dd5\" data-id=\"7b54dd5\" data-element_type=\"column\">\n\t\t\t<div class=\"elementor-widget-wrap elementor-element-populated\">\n\t\t\t\t\t\t<div class=\"elementor-element elementor-element-4ea5840 elementor-widget elementor-widget-image\" data-id=\"4ea5840\" data-element_type=\"widget\" data-widget_type=\"image.default\">\n\t\t\t\t<div class=\"elementor-widget-container\">\n\t\t\t\t\t\t\t\t\t\t\t\t\t\t\t<img fetchpriority=\"high\" decoding=\"async\" width=\"500\" height=\"212\" src=\"https:\/\/tinnitus-treatments.com\/wp-content\/uploads\/2022\/01\/tinnitus-sound-audio-therapy.jpg\" class=\"attachment-full size-full wp-image-39846\" alt=\"som tinnitus - audioterapia\" srcset=\"https:\/\/tinnitus-treatments.com\/wp-content\/uploads\/2022\/01\/tinnitus-sound-audio-therapy.jpg 500w, https:\/\/tinnitus-treatments.com\/wp-content\/uploads\/2022\/01\/tinnitus-sound-audio-therapy-300x127.jpg 300w\" sizes=\"(max-width: 500px) 100vw, 500px\" \/>\t\t\t\t\t\t\t\t\t\t\t\t\t\t\t<\/div>\n\t\t\t\t<\/div>\n\t\t\t\t<div class=\"elementor-element elementor-element-ad79d57 elementor-widget elementor-widget-image\" data-id=\"ad79d57\" data-element_type=\"widget\" data-widget_type=\"image.default\">\n\t\t\t\t<div class=\"elementor-widget-container\">\n\t\t\t\t\t\t\t\t\t\t\t\t\t\t\t<img decoding=\"async\" width=\"500\" height=\"211\" src=\"https:\/\/tinnitus-treatments.com\/wp-content\/uploads\/2022\/01\/tinnitus-notched-audio-therapy.jpg\" class=\"attachment-full size-full wp-image-39838\" alt=\"tinnitus notched audioterapia\" srcset=\"https:\/\/tinnitus-treatments.com\/wp-content\/uploads\/2022\/01\/tinnitus-notched-audio-therapy.jpg 500w, https:\/\/tinnitus-treatments.com\/wp-content\/uploads\/2022\/01\/tinnitus-notched-audio-therapy-300x127.jpg 300w\" sizes=\"(max-width: 500px) 100vw, 500px\" \/>\t\t\t\t\t\t\t\t\t\t\t\t\t\t\t<\/div>\n\t\t\t\t<\/div>\n\t\t\t\t\t<\/div>\n\t\t<\/div>\n\t\t\t\t\t<\/div>\n\t\t<\/section>\n\t\t\t\t<div class=\"elementor-element elementor-element-f836cd3 elementor-widget elementor-widget-text-editor\" data-id=\"f836cd3\" data-element_type=\"widget\" data-widget_type=\"text-editor.default\">\n\t\t\t\t<div class=\"elementor-widget-container\">\n\t\t\t\t\t\t\t\t\t<p>&#8220;Notched Audio Therapy&#8221; \u00e9 a audi\u00e7\u00e3o regular de \u00e1udio que foi &#8220;notch&#8221; numa banda de frequ\u00eancia centrada na frequ\u00eancia do tinnitus.<\/p>\n<p>Ouvir sons que s\u00e3o &#8220;notch&#8221; de acordo com a sua frequ\u00eancia de tinnitus ajudar\u00e1 a inverter os circuitos neurais defeituosos do seu c\u00e9rebro, e como resultado, pode baixar o volume do seu tinnitus.<\/p>\n<p>Estas t\u00e9cnicas de processamento de som permitem melhorias significativas em mais de 70% dos casos, e levam ao desaparecimento completo em cerca de 25% dos casos.<\/p>\n\t\t\t\t\t\t\t\t<\/div>\n\t\t\t\t<\/div>\n\t\t\t\t<div class=\"elementor-element elementor-element-b716978 elementor-align-center elementor-widget elementor-widget-button\" data-id=\"b716978\" data-element_type=\"widget\" data-widget_type=\"button.default\">\n\t\t\t\t<div class=\"elementor-widget-container\">\n\t\t\t\t\t\t\t\t\t<div class=\"elementor-button-wrapper\">\n\t\t\t\t\t<a class=\"elementor-button elementor-button-link elementor-size-sm\" href=\"http:\/\/tinnitus-treatments.com\/pt-pt\/a-sua-terapia-3\/\">\n\t\t\t\t\t\t<span class=\"elementor-button-content-wrapper\">\n\t\t\t\t\t\t<span class=\"elementor-button-icon\">\n\t\t\t\t<i aria-hidden=\"true\" class=\"fas fa-long-arrow-alt-right\"><\/i>\t\t\t<\/span>\n\t\t\t\t\t\t\t\t\t<span class=\"elementor-button-text\">Experimente!<\/span>\n\t\t\t\t\t<\/span>\n\t\t\t\t\t<\/a>\n\t\t\t\t<\/div>\n\t\t\t\t\t\t\t\t<\/div>\n\t\t\t\t<\/div>\n\t\t\t\t\t<\/div>\n\t\t<\/div>\n\t\t\t\t\t<\/div>\n\t\t<\/section>\n\t\t\t\t<section class=\"elementor-section elementor-top-section elementor-element elementor-element-09065a9 elementor-section-boxed elementor-section-height-default elementor-section-height-default\" data-id=\"09065a9\" data-element_type=\"section\" data-settings=\"{&quot;background_background&quot;:&quot;classic&quot;}\">\n\t\t\t\t\t\t<div class=\"elementor-container elementor-column-gap-default\">\n\t\t\t\t\t<div class=\"elementor-column elementor-col-100 elementor-top-column elementor-element elementor-element-aee9ff4\" data-id=\"aee9ff4\" data-element_type=\"column\" data-settings=\"{&quot;background_background&quot;:&quot;classic&quot;}\">\n\t\t\t<div class=\"elementor-widget-wrap elementor-element-populated\">\n\t\t\t\t\t<div class=\"elementor-background-overlay\"><\/div>\n\t\t\t\t\t\t<div class=\"elementor-element elementor-element-ce0cbb8 elementor-widget elementor-widget-heading\" data-id=\"ce0cbb8\" data-element_type=\"widget\" data-widget_type=\"heading.default\">\n\t\t\t\t<div class=\"elementor-widget-container\">\n\t\t\t\t\t<h2 class=\"elementor-heading-title elementor-size-default\">Notched \u00c1udioterapia<\/h2>\t\t\t\t<\/div>\n\t\t\t\t<\/div>\n\t\t\t\t\t<\/div>\n\t\t<\/div>\n\t\t\t\t\t<\/div>\n\t\t<\/section>\n\t\t\t\t<section class=\"elementor-section elementor-top-section elementor-element elementor-element-3c38c94 elementor-section-boxed elementor-section-height-default elementor-section-height-default\" data-id=\"3c38c94\" data-element_type=\"section\">\n\t\t\t\t\t\t<div class=\"elementor-container elementor-column-gap-default\">\n\t\t\t\t\t<div class=\"elementor-column elementor-col-100 elementor-top-column elementor-element elementor-element-969bbb6\" data-id=\"969bbb6\" data-element_type=\"column\">\n\t\t\t<div class=\"elementor-widget-wrap elementor-element-populated\">\n\t\t\t\t\t\t<div class=\"elementor-element elementor-element-e45aa09 elementor-widget elementor-widget-text-editor\" data-id=\"e45aa09\" data-element_type=\"widget\" data-widget_type=\"text-editor.default\">\n\t\t\t\t<div class=\"elementor-widget-container\">\n\t\t\t\t\t\t\t\t\t<p>Aqui est\u00e1 um resumo de uma publica\u00e7\u00e3o cient\u00edfica que detalha como funciona a Notched Audioterapia , e como foi aplicada em condi\u00e7\u00f5es reais.<\/p>\n<p>Artigo completo <a href=\"https:\/\/www.pnas.org\/content\/pnas\/107\/3\/1207.full.pdf\" target=\"_blank\" rel=\"noopener\">dispon\u00edvel aqui<\/a>\u00a0(em ingl\u00eas).<\/p>\n<p><strong>A reorganiza\u00e7\u00e3o mal adaptada do c\u00f3rtex auditivo pode contribuir para a gera\u00e7\u00e3o e manuten\u00e7\u00e3o do tinnitus.<\/strong><\/p>\n<p>Uma vez que a organiza\u00e7\u00e3o cortical pode ser modificada por treino comportamental, tent\u00e1mos reduzir o zumbido atrav\u00e9s da exposi\u00e7\u00e3o de pacientes com zumbido cr\u00f3nico a m\u00fasica autocolhida e agrad\u00e1vel, que foi modificada (&#8220;entalhada&#8221;) para n\u00e3o conter energia na gama de frequ\u00eancias em torno da frequ\u00eancia de zumbido individual.<\/p>\n<p>Ap\u00f3s 12 meses de audi\u00e7\u00e3o regular, o grupo alvo de doentes (n = 8) mostrou uma redu\u00e7\u00e3o significativa da sonoridade subjectiva do tinnitus e exibiu concomitantemente uma actividade evocada reduzida nas \u00e1reas do c\u00f3rtex auditivo correspondentes \u00e0 frequ\u00eancia de tinnitus, em compara\u00e7\u00e3o com os doentes que tinham recebido um tratamento musical an\u00e1logo com placebo dentado (n = 8).<\/p>\n<blockquote><p><strong>Estes resultados indicam que o zumbido pode ser significativamente diminu\u00eddo por um tratamento de \u00e1udio dentado agrad\u00e1vel, de baixo custo e personalizado, potencialmente atrav\u00e9s da invers\u00e3o da organiza\u00e7\u00e3o mal-adaptativa do c\u00f3rtex auditivo.<\/strong><\/p><\/blockquote>\n\t\t\t\t\t\t\t\t<\/div>\n\t\t\t\t<\/div>\n\t\t\t\t\t<\/div>\n\t\t<\/div>\n\t\t\t\t\t<\/div>\n\t\t<\/section>\n\t\t\t\t<\/div>\n\t\t","protected":false},"excerpt":{"rendered":"<p>Notched \u00c1udioterapia Como funciona a terapia &#8230; Os cientistas concordam agora que a compreens\u00e3o e, portanto, o tratamento do zumbido requer uma abordagem abrangente na qual o ouvido e o sistema nervoso central devem ser considerados em conjunto. Na maioria dos casos, o tinnitus parece ser um som criado erroneamente pelo c\u00e9rebro para compensar alguma [&hellip;]<\/p>\n","protected":false},"author":1,"featured_media":0,"parent":0,"menu_order":0,"comment_status":"closed","ping_status":"closed","template":"","meta":{"pmpro_default_level":"","footnotes":""},"class_list":["post-33433","page","type-page","status-publish","hentry","pmpro-has-access"],"_links":{"self":[{"href":"https:\/\/tinnitus-treatments.com\/pt-pt\/wp-json\/wp\/v2\/pages\/33433","targetHints":{"allow":["GET"]}}],"collection":[{"href":"https:\/\/tinnitus-treatments.com\/pt-pt\/wp-json\/wp\/v2\/pages"}],"about":[{"href":"https:\/\/tinnitus-treatments.com\/pt-pt\/wp-json\/wp\/v2\/types\/page"}],"author":[{"embeddable":true,"href":"https:\/\/tinnitus-treatments.com\/pt-pt\/wp-json\/wp\/v2\/users\/1"}],"replies":[{"embeddable":true,"href":"https:\/\/tinnitus-treatments.com\/pt-pt\/wp-json\/wp\/v2\/comments?post=33433"}],"version-history":[{"count":0,"href":"https:\/\/tinnitus-treatments.com\/pt-pt\/wp-json\/wp\/v2\/pages\/33433\/revisions"}],"wp:attachment":[{"href":"https:\/\/tinnitus-treatments.com\/pt-pt\/wp-json\/wp\/v2\/media?parent=33433"}],"curies":[{"name":"wp","href":"https:\/\/api.w.org\/{rel}","templated":true}]}}