{"id":32681,"date":"2021-08-10T11:58:19","date_gmt":"2021-08-10T11:58:19","guid":{"rendered":"http:\/\/tinnitus-treatments.com\/f-a-q\/"},"modified":"2022-02-01T16:19:28","modified_gmt":"2022-02-01T16:19:28","slug":"f-a-q","status":"publish","type":"page","link":"https:\/\/tinnitus-treatments.com\/it\/f-a-q\/","title":{"rendered":"F.A.Q."},"content":{"rendered":"\t\t<div data-elementor-type=\"wp-page\" data-elementor-id=\"32681\" class=\"elementor elementor-32681 elementor-21331\" data-elementor-post-type=\"page\">\n\t\t\t\t\t\t<section class=\"elementor-section elementor-top-section elementor-element elementor-element-1068af1 elementor-section-boxed elementor-section-height-default elementor-section-height-default\" data-id=\"1068af1\" data-element_type=\"section\">\n\t\t\t\t\t\t<div class=\"elementor-container elementor-column-gap-default\">\n\t\t\t\t\t<div class=\"elementor-column elementor-col-50 elementor-top-column elementor-element elementor-element-98011a3\" data-id=\"98011a3\" data-element_type=\"column\" data-settings=\"{&quot;background_background&quot;:&quot;classic&quot;}\">\n\t\t\t<div class=\"elementor-widget-wrap elementor-element-populated\">\n\t\t\t\t\t\t<div class=\"elementor-element elementor-element-9bac3c2 elementor-widget elementor-widget-heading\" data-id=\"9bac3c2\" data-element_type=\"widget\" data-widget_type=\"heading.default\">\n\t\t\t\t<div class=\"elementor-widget-container\">\n\t\t\t\t\t<h1 class=\"elementor-heading-title elementor-size-default\">F.A.Q.<\/h1>\t\t\t\t<\/div>\n\t\t\t\t<\/div>\n\t\t\t\t\t<\/div>\n\t\t<\/div>\n\t\t\t\t<div class=\"elementor-column elementor-col-50 elementor-top-column elementor-element elementor-element-6a2208d\" data-id=\"6a2208d\" data-element_type=\"column\">\n\t\t\t<div class=\"elementor-widget-wrap elementor-element-populated\">\n\t\t\t\t\t\t<div class=\"elementor-element elementor-element-5bed655 elementor-widget elementor-widget-image\" data-id=\"5bed655\" data-element_type=\"widget\" data-widget_type=\"image.default\">\n\t\t\t\t<div class=\"elementor-widget-container\">\n\t\t\t\t\t\t\t\t\t\t\t\t\t\t\t<img decoding=\"async\" src=\"https:\/\/tinnitus-treatments.com\/wp-content\/uploads\/2021\/10\/tinnitus-treatments-sound-therapy.png\" title=\"tinnito trattamenti terapia del suono\" alt=\"tinnito trattamenti terapia del suono\" loading=\"lazy\" \/>\t\t\t\t\t\t\t\t\t\t\t\t\t\t\t<\/div>\n\t\t\t\t<\/div>\n\t\t\t\t\t<\/div>\n\t\t<\/div>\n\t\t\t\t\t<\/div>\n\t\t<\/section>\n\t\t\t\t<section class=\"elementor-section elementor-top-section elementor-element elementor-element-726b23d elementor-section-boxed elementor-section-height-default elementor-section-height-default\" data-id=\"726b23d\" data-element_type=\"section\" data-settings=\"{&quot;background_background&quot;:&quot;classic&quot;}\">\n\t\t\t\t\t\t<div class=\"elementor-container elementor-column-gap-default\">\n\t\t\t\t\t<div class=\"elementor-column elementor-col-100 elementor-top-column elementor-element elementor-element-6edf787\" data-id=\"6edf787\" data-element_type=\"column\">\n\t\t\t<div class=\"elementor-widget-wrap elementor-element-populated\">\n\t\t\t\t\t\t<div class=\"elementor-element elementor-element-1355af4 elementor-widget elementor-widget-text-editor\" data-id=\"1355af4\" data-element_type=\"widget\" data-widget_type=\"text-editor.default\">\n\t\t\t\t<div class=\"elementor-widget-container\">\n\t\t\t\t\t\t\t\t\t<p class=\"site-title\" style=\"text-align: left;\"><strong>1 &#8211; Sul tinnito.<\/strong><\/p>\n<div class=\"page-content\">\n<div class=\"elementor elementor-129 elementor-edit-area elementor-edit-mode elementor-edit-area-active\" data-elementor-type=\"wp-page\" data-elementor-id=\"129\" data-elementor-title=\"Page\">\n<div class=\"elementor-inner\">\n<div class=\"elementor-section-wrap ui-sortable\">\n<section id=\"\" class=\"elementor-element elementor-element-edit-mode elementor-element-8e0054b elementor-section elementor-top-section elementor-section-boxed elementor-section-height-default\" data-id=\"8e0054b\" data-element_type=\"section\" data-model-cid=\"c38\">\n<div class=\"elementor-container elementor-column-gap-default\">\n<div class=\"elementor-row ui-sortable\">\n<div id=\"\" class=\"elementor-element elementor-element-edit-mode elementor-element-62dda90 elementor-element--toggle-edit-tools elementor-column elementor-top-column ui-resizable\" data-id=\"62dda90\" data-element_type=\"column\" data-col=\"100\" data-model-cid=\"c39\">\n<div class=\"elementor-column-wrap elementor-element-populated\">\n<div class=\"elementor-widget-wrap ui-sortable\">\n<div id=\"\" class=\"elementor-element elementor-element-edit-mode elementor-element-975102f elementor-element--toggle-edit-tools elementor-widget elementor-widget-text-editor\" data-id=\"975102f\" data-element_type=\"widget\" data-model-cid=\"c40\" data-widget_type=\"text-editor.default\">\n<div class=\"elementor-widget-container\">\n<div class=\"elementor-text-editor elementor-clearfix elementor-inline-editing\" data-elementor-setting-key=\"editor\" data-elementor-inline-editing-toolbar=\"advanced\">\n<ul>\n<li>Posso usare l&#8217;audioterapia senza il parere del medico?<\/li>\n<\/ul>\n<p>S\u00ec, ma tenete presente che l&#8217;elaborazione audio non pu\u00f2 in alcun modo sostituire un parere medico e\/o un follow-up medico.<\/p>\n<ul>\n<li>Sento il mio acufene da un lato, posso seguire il trattamento?<\/li>\n<\/ul>\n<p>S\u00ec, puoi seguire il trattamento allo stesso modo.<\/p>\n<ul>\n<li>Sento diversi acufeni a diverse frequenze, cosa fare?<\/li>\n<\/ul>\n<p>\u00c8 necessario concentrarsi sulla frequenza dell&#8217;acufene dominante.<\/p>\n<ul>\n<li>Ho l&#8217;iperacusia, posso usare l&#8217;audioterapia?<\/li>\n<\/ul>\n<p>La nostra terapia non \u00e8 stata creata per trattare l&#8217;iperacusia. In questo caso particolare \u00e8 <strong>necessario<\/strong> farsi consigliare dal proprio medico o specialista prima di utilizzare l&#8217;audioterapia.<\/p>\n<\/div>\n<\/div>\n<\/div>\n<\/div>\n<\/div>\n<\/div>\n<\/div>\n<\/div>\n<\/section>\n<\/div>\n<\/div>\n<\/div>\n<\/div>\n\t\t\t\t\t\t\t\t<\/div>\n\t\t\t\t<\/div>\n\t\t\t\t\t<\/div>\n\t\t<\/div>\n\t\t\t\t\t<\/div>\n\t\t<\/section>\n\t\t\t\t<section class=\"elementor-section elementor-top-section elementor-element elementor-element-6841698 elementor-section-boxed elementor-section-height-default elementor-section-height-default\" data-id=\"6841698\" data-element_type=\"section\">\n\t\t\t\t\t\t<div class=\"elementor-container elementor-column-gap-default\">\n\t\t\t\t\t<div class=\"elementor-column elementor-col-100 elementor-top-column elementor-element elementor-element-0deec72\" data-id=\"0deec72\" data-element_type=\"column\">\n\t\t\t<div class=\"elementor-widget-wrap elementor-element-populated\">\n\t\t\t\t\t\t<div class=\"elementor-element elementor-element-6ae166c elementor-widget elementor-widget-image\" data-id=\"6ae166c\" data-element_type=\"widget\" data-widget_type=\"image.default\">\n\t\t\t\t<div class=\"elementor-widget-container\">\n\t\t\t\t\t\t\t\t\t\t\t\t\t\t\t<img fetchpriority=\"high\" decoding=\"async\" width=\"400\" height=\"278\" src=\"https:\/\/tinnitus-treatments.com\/wp-content\/uploads\/2021\/09\/faqs-about-tinnitus-400.png\" class=\"attachment-full size-full wp-image-32355\" alt=\"faq sul tinnito\" srcset=\"https:\/\/tinnitus-treatments.com\/wp-content\/uploads\/2021\/09\/faqs-about-tinnitus-400.png 400w, https:\/\/tinnitus-treatments.com\/wp-content\/uploads\/2021\/09\/faqs-about-tinnitus-400-300x209.png 300w\" sizes=\"(max-width: 400px) 100vw, 400px\" \/>\t\t\t\t\t\t\t\t\t\t\t\t\t\t\t<\/div>\n\t\t\t\t<\/div>\n\t\t\t\t\t<\/div>\n\t\t<\/div>\n\t\t\t\t\t<\/div>\n\t\t<\/section>\n\t\t\t\t<section class=\"elementor-section elementor-top-section elementor-element elementor-element-173bac7 elementor-section-boxed elementor-section-height-default elementor-section-height-default\" data-id=\"173bac7\" data-element_type=\"section\" data-settings=\"{&quot;background_background&quot;:&quot;classic&quot;}\">\n\t\t\t\t\t\t<div class=\"elementor-container elementor-column-gap-default\">\n\t\t\t\t\t<div class=\"elementor-column elementor-col-100 elementor-top-column elementor-element elementor-element-5fb0d1f\" data-id=\"5fb0d1f\" data-element_type=\"column\">\n\t\t\t<div class=\"elementor-widget-wrap elementor-element-populated\">\n\t\t\t\t\t\t<div class=\"elementor-element elementor-element-f3fc377 elementor-widget elementor-widget-text-editor\" data-id=\"f3fc377\" data-element_type=\"widget\" data-widget_type=\"text-editor.default\">\n\t\t\t\t<div class=\"elementor-widget-container\">\n\t\t\t\t\t\t\t\t\t<div class=\"page-content\">\n<div class=\"elementor elementor-129 elementor-edit-area elementor-edit-mode elementor-edit-area-active\" data-elementor-type=\"wp-page\" data-elementor-id=\"129\" data-elementor-title=\"Page\">\n<div class=\"elementor-inner\">\n<div class=\"elementor-section-wrap ui-sortable\">\n<section id=\"\" class=\"elementor-element elementor-element-edit-mode elementor-element-8e0054b elementor-section elementor-top-section elementor-section-boxed elementor-section-height-default\" data-id=\"8e0054b\" data-element_type=\"section\" data-model-cid=\"c38\">\n<div class=\"elementor-container elementor-column-gap-default\">\n<div class=\"elementor-row ui-sortable\">\n<div id=\"\" class=\"elementor-element elementor-element-edit-mode elementor-element-62dda90 elementor-element--toggle-edit-tools elementor-column elementor-top-column ui-resizable\" data-id=\"62dda90\" data-element_type=\"column\" data-col=\"100\" data-model-cid=\"c39\">\n<div class=\"elementor-column-wrap elementor-element-populated\">\n<div class=\"elementor-widget-wrap ui-sortable\">\n<div id=\"\" class=\"elementor-element elementor-element-edit-mode elementor-element-975102f elementor-element--toggle-edit-tools elementor-widget elementor-widget-text-editor\" data-id=\"975102f\" data-element_type=\"widget\" data-model-cid=\"c40\" data-widget_type=\"text-editor.default\">\n<div class=\"elementor-widget-container\">\n<div class=\"elementor-text-editor elementor-clearfix elementor-inline-editing\" data-elementor-setting-key=\"editor\" data-elementor-inline-editing-toolbar=\"advanced\">\n<p><strong>2 &#8211; Sull&#8217;audioterapia.<\/strong><\/p>\n<ul>\n<li>Come funziona l&#8217;audioterapia?<\/li>\n<\/ul>\n<p>Si prega di controllare <a href=\"http:\/\/tinnitus-treatments.com\/it\/la-nostra-soluzione\/\" target=\"_blank\" rel=\"noopener\">qui<\/a>.<\/p>\n<ul>\n<li>Qual \u00e8 la base scientifica dell&#8217;audioterapia?<\/li>\n<\/ul>\n<p>La nostra terapia si basa sulla ricerca condotta da H. OKAMOTO, H. STRACKE, W. STOLL, C. PANTEV a Muenster, Germania, <a href=\"http:\/\/tinnitus-treatments.com\/it\/notched-audio-therapy\/\" target=\"_blank\" rel=\"noopener\">qui<\/a> riassunta. ; Trovate la pubblicazione originale <a href=\"https:\/\/www.pnas.org\/content\/pnas\/107\/3\/1207.full.pdf\" target=\"_blank\" rel=\"noopener\">qui<\/a>\u00a0(in inglese).<\/p>\n<ul>\n<li>Non riesco a identificare la frequenza del mio tinnito.<\/li>\n<\/ul>\n<p>Questo pu\u00f2 essere problematico. Sii paziente e persistente, o prova i seguenti consigli:<\/p>\n<p>Canta il tuo tinnito nello stesso momento in cui regoli la frequenza del lettore.<\/p>\n<p>Tagliare e restituire il suono del giocatore per sentire le differenze.<\/p>\n<ul>\n<li>Posso ascoltare l&#8217;audioterapia tutta la notte?<\/li>\n<\/ul>\n<p>S\u00ec, non c&#8217;\u00e8 limite a questo, tranne forse la pazienza del tuo partner! Assicurati di regolare il volume dell&#8217;audio a un livello leggermente inferiore alla percezione del tuo tinnito.<\/p>\n<ul>\n<li>Posso ascoltare con un auricolare o una cuffia, e a che volume devo ascoltare?<\/li>\n<\/ul>\n<p>S\u00ec, questo va bene e forse \u00e8 meglio perch\u00e9 non disturba nessuno. Si consiglia di regolare il volume in modo che l&#8217;elaborazione audio sia leggermente inferiore al volume percepito del tinnito.<\/p>\n<ul>\n<li>Per quanto tempo si pu\u00f2 ascoltare l&#8217;elaborazione audio?<\/li>\n<\/ul>\n<p>Non c&#8217;\u00e8 limite, e l&#8217;efficacia del trattamento dipende dal tempo di ascolto. Naturalmente dovrai rispettare l&#8217;ambiente circostante, e si consiglia una durata minima di 30 minuti al giorno.<\/p>\n<ul>\n<li>Posso trasferire i file audio dal mio telefono al mio computer o altro dispositivo e come?<\/li>\n<\/ul>\n<p>S\u00ec, puoi trasferire liberamente i file audio che sono in formato MP3 dal tuo telefono al tuo computer o a qualsiasi dispositivo di riproduzione audio.<\/p>\n<p>Trovare gli elementi scaricati sul tuo telefono pu\u00f2 essere difficile, ecco <a href=\"https:\/\/www.digitaltrends.com\/mobile\/how-to-find-downloads-iphone-android\/\" target=\"_blank\" rel=\"noopener\">un link per aiutarti<\/a>\u00a0(in inglese).<\/p>\n<ul>\n<li>Posso dare il mio audio a mio cugino che \u00e8 anche lui vittima dell&#8217;acufene?<\/li>\n<\/ul>\n<p>No, l&#8217;audioterapia \u00e8 personalizzata per il trattamento del tuo acufene e non \u00e8 adattata alla patologia di un&#8217;altra persona.<\/p>\n<ul>\n<li>Gli esercizi di respirazione e di rilassamento sono obbligatori?<\/li>\n<\/ul>\n<p>No, completano l&#8217;audioterapia, ma potete anche praticarli da soli a vostro piacimento.<\/p>\n<\/div>\n<\/div>\n<\/div>\n<\/div>\n<\/div>\n<\/div>\n<\/div>\n<\/div>\n<\/section>\n<\/div>\n<\/div>\n<\/div>\n<\/div>\n\t\t\t\t\t\t\t\t<\/div>\n\t\t\t\t<\/div>\n\t\t\t\t\t<\/div>\n\t\t<\/div>\n\t\t\t\t\t<\/div>\n\t\t<\/section>\n\t\t\t\t<section class=\"elementor-section elementor-top-section elementor-element elementor-element-96d0797 elementor-section-boxed elementor-section-height-default elementor-section-height-default\" data-id=\"96d0797\" data-element_type=\"section\">\n\t\t\t\t\t\t<div class=\"elementor-container elementor-column-gap-default\">\n\t\t\t\t\t<div class=\"elementor-column elementor-col-100 elementor-top-column elementor-element elementor-element-4dd7533\" data-id=\"4dd7533\" data-element_type=\"column\">\n\t\t\t<div class=\"elementor-widget-wrap elementor-element-populated\">\n\t\t\t\t\t\t<div class=\"elementor-element elementor-element-510ce71 elementor-widget elementor-widget-image\" data-id=\"510ce71\" data-element_type=\"widget\" data-widget_type=\"image.default\">\n\t\t\t\t<div class=\"elementor-widget-container\">\n\t\t\t\t\t\t\t\t\t\t\t\t\t\t\t<img decoding=\"async\" width=\"400\" height=\"278\" src=\"https:\/\/tinnitus-treatments.com\/wp-content\/uploads\/2021\/09\/faqs-about-audio-treatment-400.png\" class=\"attachment-full size-full wp-image-32356\" alt=\"faq sul trattamento audio\" srcset=\"https:\/\/tinnitus-treatments.com\/wp-content\/uploads\/2021\/09\/faqs-about-audio-treatment-400.png 400w, https:\/\/tinnitus-treatments.com\/wp-content\/uploads\/2021\/09\/faqs-about-audio-treatment-400-300x209.png 300w\" sizes=\"(max-width: 400px) 100vw, 400px\" \/>\t\t\t\t\t\t\t\t\t\t\t\t\t\t\t<\/div>\n\t\t\t\t<\/div>\n\t\t\t\t\t<\/div>\n\t\t<\/div>\n\t\t\t\t\t<\/div>\n\t\t<\/section>\n\t\t\t\t<section class=\"elementor-section elementor-top-section elementor-element elementor-element-85b7e9d elementor-section-boxed elementor-section-height-default elementor-section-height-default\" data-id=\"85b7e9d\" data-element_type=\"section\" data-settings=\"{&quot;background_background&quot;:&quot;classic&quot;}\">\n\t\t\t\t\t\t<div class=\"elementor-container elementor-column-gap-default\">\n\t\t\t\t\t<div class=\"elementor-column elementor-col-100 elementor-top-column elementor-element elementor-element-8a435a6\" data-id=\"8a435a6\" data-element_type=\"column\">\n\t\t\t<div class=\"elementor-widget-wrap elementor-element-populated\">\n\t\t\t\t\t\t<div class=\"elementor-element elementor-element-d51c53b elementor-widget elementor-widget-text-editor\" data-id=\"d51c53b\" data-element_type=\"widget\" data-widget_type=\"text-editor.default\">\n\t\t\t\t<div class=\"elementor-widget-container\">\n\t\t\t\t\t\t\t\t\t<div class=\"page-content\">\n<div class=\"elementor elementor-129 elementor-edit-area elementor-edit-mode elementor-edit-area-active\" data-elementor-type=\"wp-page\" data-elementor-id=\"129\" data-elementor-title=\"Page\">\n<div class=\"elementor-inner\">\n<div class=\"elementor-section-wrap ui-sortable\">\n<section id=\"\" class=\"elementor-element elementor-element-edit-mode elementor-element-8e0054b elementor-section elementor-top-section elementor-section-boxed elementor-section-height-default\" data-id=\"8e0054b\" data-element_type=\"section\" data-model-cid=\"c38\">\n<div class=\"elementor-container elementor-column-gap-default\">\n<div class=\"elementor-row ui-sortable\">\n<div id=\"\" class=\"elementor-element elementor-element-edit-mode elementor-element-62dda90 elementor-element--toggle-edit-tools elementor-column elementor-top-column ui-resizable\" data-id=\"62dda90\" data-element_type=\"column\" data-col=\"100\" data-model-cid=\"c39\">\n<div class=\"elementor-column-wrap elementor-element-populated\">\n<div class=\"elementor-widget-wrap ui-sortable\">\n<div id=\"\" class=\"elementor-element elementor-element-edit-mode elementor-element-975102f elementor-element--toggle-edit-tools elementor-widget elementor-widget-text-editor\" data-id=\"975102f\" data-element_type=\"widget\" data-model-cid=\"c40\" data-widget_type=\"text-editor.default\">\n<div class=\"elementor-widget-container\">\n<div class=\"elementor-text-editor elementor-clearfix elementor-inline-editing\" data-elementor-setting-key=\"editor\" data-elementor-inline-editing-toolbar=\"advanced\">\n<p><strong>3 &#8211; Amministrazione<\/strong><\/p>\n<ul>\n<li>Non voglio pi\u00f9 ricevere la newsletter, come fare?<\/li>\n<\/ul>\n<p>Basta inviare una mail con oggetto &#8216;Unsuscribe&#8217; a <a href=\"mailto:contact@atinysilence.com\" target=\"_blank\" rel=\"noopener\">contact@atinysilence.com<\/a>.<\/p>\n<ul>\n<li>Come vengono gestiti i miei dati personali e quali sono i miei diritti?<\/li>\n<\/ul>\n<p>I tuoi dati personali sono gestiti in conformit\u00e0 con il regolamento dell&#8217;Unione Europea n. 2016\/679 del 27 aprile 2016 (GDPR); Maggiori informazioni con la nostra <a href=\"http:\/\/tinnitus-treatments.com\/it\/politica-sulla-privacy\/\" target=\"_blank\" rel=\"noopener\">informativa sulla privacy<\/a>.<\/p>\n<ul>\n<li>Una volta effettuato il pagamento, il trattamento sar\u00e0 acquisito a vita?<\/li>\n<\/ul>\n<p>S\u00ec, il pagamento unico ti d\u00e0 il diritto illimitato e non alienabile di utilizzare la tua elaborazione audio personalizzata su qualsiasi supporto di tua scelta.<\/p>\n<\/div>\n<\/div>\n<\/div>\n<\/div>\n<\/div>\n<\/div>\n<\/div>\n<\/div>\n<\/section>\n<\/div>\n<\/div>\n<\/div>\n<\/div>\n\t\t\t\t\t\t\t\t<\/div>\n\t\t\t\t<\/div>\n\t\t\t\t\t<\/div>\n\t\t<\/div>\n\t\t\t\t\t<\/div>\n\t\t<\/section>\n\t\t\t\t<\/div>\n\t\t","protected":false},"excerpt":{"rendered":"<p>F.A.Q. 1 &#8211; Sul tinnito. Posso usare l&#8217;audioterapia senza il parere del medico? S\u00ec, ma tenete presente che l&#8217;elaborazione audio non pu\u00f2 in alcun modo sostituire un parere medico e\/o un follow-up medico. Sento il mio acufene da un lato, posso seguire il trattamento? S\u00ec, puoi seguire il trattamento allo stesso modo. Sento diversi acufeni [&hellip;]<\/p>\n","protected":false},"author":1,"featured_media":0,"parent":0,"menu_order":0,"comment_status":"closed","ping_status":"closed","template":"","meta":{"pmpro_default_level":"","footnotes":""},"class_list":["post-32681","page","type-page","status-publish","hentry","pmpro-has-access"],"_links":{"self":[{"href":"https:\/\/tinnitus-treatments.com\/it\/wp-json\/wp\/v2\/pages\/32681","targetHints":{"allow":["GET"]}}],"collection":[{"href":"https:\/\/tinnitus-treatments.com\/it\/wp-json\/wp\/v2\/pages"}],"about":[{"href":"https:\/\/tinnitus-treatments.com\/it\/wp-json\/wp\/v2\/types\/page"}],"author":[{"embeddable":true,"href":"https:\/\/tinnitus-treatments.com\/it\/wp-json\/wp\/v2\/users\/1"}],"replies":[{"embeddable":true,"href":"https:\/\/tinnitus-treatments.com\/it\/wp-json\/wp\/v2\/comments?post=32681"}],"version-history":[{"count":0,"href":"https:\/\/tinnitus-treatments.com\/it\/wp-json\/wp\/v2\/pages\/32681\/revisions"}],"wp:attachment":[{"href":"https:\/\/tinnitus-treatments.com\/it\/wp-json\/wp\/v2\/media?parent=32681"}],"curies":[{"name":"wp","href":"https:\/\/api.w.org\/{rel}","templated":true}]}}