{"id":32676,"date":"2021-08-10T13:30:53","date_gmt":"2021-08-10T13:30:53","guid":{"rendered":"http:\/\/tinnitus-treatments.com\/notched-audio-therapy\/"},"modified":"2022-02-02T17:40:14","modified_gmt":"2022-02-02T17:40:14","slug":"notched-audio-therapy","status":"publish","type":"page","link":"https:\/\/tinnitus-treatments.com\/it\/notched-audio-therapy\/","title":{"rendered":"Notched Audio Therapy"},"content":{"rendered":"\t\t<div data-elementor-type=\"wp-page\" data-elementor-id=\"32676\" class=\"elementor elementor-32676 elementor-21369\" data-elementor-post-type=\"page\">\n\t\t\t\t\t\t<section class=\"elementor-section elementor-top-section elementor-element elementor-element-79376e6 elementor-section-boxed elementor-section-height-default elementor-section-height-default\" data-id=\"79376e6\" data-element_type=\"section\">\n\t\t\t\t\t\t<div class=\"elementor-container elementor-column-gap-default\">\n\t\t\t\t\t<div class=\"elementor-column elementor-col-50 elementor-top-column elementor-element elementor-element-6e3d2b8\" data-id=\"6e3d2b8\" data-element_type=\"column\" data-settings=\"{&quot;background_background&quot;:&quot;classic&quot;}\">\n\t\t\t<div class=\"elementor-widget-wrap elementor-element-populated\">\n\t\t\t\t\t\t<div class=\"elementor-element elementor-element-da3f179 elementor-widget elementor-widget-heading\" data-id=\"da3f179\" data-element_type=\"widget\" data-widget_type=\"heading.default\">\n\t\t\t\t<div class=\"elementor-widget-container\">\n\t\t\t\t\t<h1 class=\"elementor-heading-title elementor-size-default\">Notched Audio Therapy<\/h1>\t\t\t\t<\/div>\n\t\t\t\t<\/div>\n\t\t\t\t\t<\/div>\n\t\t<\/div>\n\t\t\t\t<div class=\"elementor-column elementor-col-50 elementor-top-column elementor-element elementor-element-660505a\" data-id=\"660505a\" data-element_type=\"column\">\n\t\t\t<div class=\"elementor-widget-wrap elementor-element-populated\">\n\t\t\t\t\t\t<div class=\"elementor-element elementor-element-96b9185 elementor-widget elementor-widget-image\" data-id=\"96b9185\" data-element_type=\"widget\" data-widget_type=\"image.default\">\n\t\t\t\t<div class=\"elementor-widget-container\">\n\t\t\t\t\t\t\t\t\t\t\t\t\t\t\t<img decoding=\"async\" src=\"https:\/\/tinnitus-treatments.com\/wp-content\/uploads\/2021\/10\/tinnitus-audio-therapy.jpg\" title=\"audio terapia del tinnito\" alt=\"audio terapia del tinnito\" loading=\"lazy\" \/>\t\t\t\t\t\t\t\t\t\t\t\t\t\t\t<\/div>\n\t\t\t\t<\/div>\n\t\t\t\t\t<\/div>\n\t\t<\/div>\n\t\t\t\t\t<\/div>\n\t\t<\/section>\n\t\t\t\t<section class=\"elementor-section elementor-top-section elementor-element elementor-element-9684862 elementor-section-boxed elementor-section-height-default elementor-section-height-default\" data-id=\"9684862\" data-element_type=\"section\" data-settings=\"{&quot;background_background&quot;:&quot;classic&quot;}\">\n\t\t\t\t\t\t<div class=\"elementor-container elementor-column-gap-default\">\n\t\t\t\t\t<div class=\"elementor-column elementor-col-100 elementor-top-column elementor-element elementor-element-63178fc\" data-id=\"63178fc\" data-element_type=\"column\" data-settings=\"{&quot;background_background&quot;:&quot;classic&quot;}\">\n\t\t\t<div class=\"elementor-widget-wrap elementor-element-populated\">\n\t\t\t\t\t<div class=\"elementor-background-overlay\"><\/div>\n\t\t\t\t\t\t<div class=\"elementor-element elementor-element-78cffad elementor-widget elementor-widget-heading\" data-id=\"78cffad\" data-element_type=\"widget\" data-widget_type=\"heading.default\">\n\t\t\t\t<div class=\"elementor-widget-container\">\n\t\t\t\t\t<h2 class=\"elementor-heading-title elementor-size-default\">Come funziona la terapia ...<\/h2>\t\t\t\t<\/div>\n\t\t\t\t<\/div>\n\t\t\t\t\t<\/div>\n\t\t<\/div>\n\t\t\t\t\t<\/div>\n\t\t<\/section>\n\t\t\t\t<section class=\"elementor-section elementor-top-section elementor-element elementor-element-4c9e1be elementor-section-boxed elementor-section-height-default elementor-section-height-default\" data-id=\"4c9e1be\" data-element_type=\"section\">\n\t\t\t\t\t\t<div class=\"elementor-container elementor-column-gap-default\">\n\t\t\t\t\t<div class=\"elementor-column elementor-col-100 elementor-top-column elementor-element elementor-element-e4c48a0\" data-id=\"e4c48a0\" data-element_type=\"column\">\n\t\t\t<div class=\"elementor-widget-wrap elementor-element-populated\">\n\t\t\t\t\t\t<div class=\"elementor-element elementor-element-1d5450a elementor-widget elementor-widget-text-editor\" data-id=\"1d5450a\" data-element_type=\"widget\" data-widget_type=\"text-editor.default\">\n\t\t\t\t<div class=\"elementor-widget-container\">\n\t\t\t\t\t\t\t\t\t<p>Gli scienziati sono ora d&#8217;accordo che la comprensione e quindi il trattamento del tinnito richiede un approccio globale in cui l&#8217;orecchio e il sistema nervoso centrale devono essere considerati insieme.<\/p>\n<p>Nella maggior parte dei casi, l&#8217;acufene sembra essere un suono creato erroneamente dal cervello per compensare qualche perdita uditiva. Pi\u00f9 precisamente, il danno alle cellule uditive fa s\u00ec che i neuroni coinvolti nell&#8217;udito si sincronizzino con un meccanismo di compensazione, che ricreer\u00e0 la sensazione uditiva della frequenza danneggiata.<\/p>\n<p>La plasticit\u00e0 cerebrale \u00e8 la capacit\u00e0 dei circuiti neurali del cervello di cambiare, in una direzione o nell&#8217;altra. In caso di circuiti cerebrali danneggiati, questo ci permette di sperare in un ripristino, almeno parziale, dello stato iniziale.<\/p>\n\t\t\t\t\t\t\t\t<\/div>\n\t\t\t\t<\/div>\n\t\t\t\t<section class=\"elementor-section elementor-inner-section elementor-element elementor-element-988d6a0 elementor-section-boxed elementor-section-height-default elementor-section-height-default\" data-id=\"988d6a0\" data-element_type=\"section\">\n\t\t\t\t\t\t<div class=\"elementor-container elementor-column-gap-default\">\n\t\t\t\t\t<div class=\"elementor-column elementor-col-50 elementor-inner-column elementor-element elementor-element-fc31f9d\" data-id=\"fc31f9d\" data-element_type=\"column\">\n\t\t\t<div class=\"elementor-widget-wrap elementor-element-populated\">\n\t\t\t\t\t\t<div class=\"elementor-element elementor-element-626757d elementor-widget elementor-widget-text-editor\" data-id=\"626757d\" data-element_type=\"widget\" data-widget_type=\"text-editor.default\">\n\t\t\t\t<div class=\"elementor-widget-container\">\n\t\t\t\t\t\t\t\t\t<p>Il processo audio di abbassare o annullare il volume in una certa banda di frequenza \u00e8 chiamato &#8220;notch&#8221;.\u00a0 I suoni cos\u00ec elaborati sono chiamati &#8220;suoni notched&#8221;.<\/p>\n<p>Ecco una rappresentazione visiva di un suono &#8220;notched&#8221;: sulla scala orizzontale, la frequenza dalle basse frequenze (bassi) a sinistra, alle alte frequenze (alti) a destra; sulla scala verticale, l&#8217;intensit\u00e0 o volume.<\/p>\n<p>In alto: il suono iniziale, in basso: il suono &#8220;notched&#8221;.<\/p>\n\t\t\t\t\t\t\t\t<\/div>\n\t\t\t\t<\/div>\n\t\t\t\t\t<\/div>\n\t\t<\/div>\n\t\t\t\t<div class=\"elementor-column elementor-col-50 elementor-inner-column elementor-element elementor-element-7b54dd5\" data-id=\"7b54dd5\" data-element_type=\"column\">\n\t\t\t<div class=\"elementor-widget-wrap elementor-element-populated\">\n\t\t\t\t\t\t<div class=\"elementor-element elementor-element-4ea5840 elementor-widget elementor-widget-image\" data-id=\"4ea5840\" data-element_type=\"widget\" data-widget_type=\"image.default\">\n\t\t\t\t<div class=\"elementor-widget-container\">\n\t\t\t\t\t\t\t\t\t\t\t\t\t\t\t<img fetchpriority=\"high\" decoding=\"async\" width=\"500\" height=\"212\" src=\"https:\/\/tinnitus-treatments.com\/wp-content\/uploads\/2022\/01\/tinnitus-sound-audio-therapy.jpg\" class=\"attachment-full size-full wp-image-39845\" alt=\"suono del tinnito - audio terapia\" srcset=\"https:\/\/tinnitus-treatments.com\/wp-content\/uploads\/2022\/01\/tinnitus-sound-audio-therapy.jpg 500w, https:\/\/tinnitus-treatments.com\/wp-content\/uploads\/2022\/01\/tinnitus-sound-audio-therapy-300x127.jpg 300w\" sizes=\"(max-width: 500px) 100vw, 500px\" \/>\t\t\t\t\t\t\t\t\t\t\t\t\t\t\t<\/div>\n\t\t\t\t<\/div>\n\t\t\t\t<div class=\"elementor-element elementor-element-ad79d57 elementor-widget elementor-widget-image\" data-id=\"ad79d57\" data-element_type=\"widget\" data-widget_type=\"image.default\">\n\t\t\t\t<div class=\"elementor-widget-container\">\n\t\t\t\t\t\t\t\t\t\t\t\t\t\t\t<img decoding=\"async\" width=\"500\" height=\"211\" src=\"https:\/\/tinnitus-treatments.com\/wp-content\/uploads\/2022\/01\/tinnitus-notched-audio-therapy.jpg\" class=\"attachment-full size-full wp-image-39837\" alt=\"tinnito notched audio therapy\" srcset=\"https:\/\/tinnitus-treatments.com\/wp-content\/uploads\/2022\/01\/tinnitus-notched-audio-therapy.jpg 500w, https:\/\/tinnitus-treatments.com\/wp-content\/uploads\/2022\/01\/tinnitus-notched-audio-therapy-300x127.jpg 300w\" sizes=\"(max-width: 500px) 100vw, 500px\" \/>\t\t\t\t\t\t\t\t\t\t\t\t\t\t\t<\/div>\n\t\t\t\t<\/div>\n\t\t\t\t\t<\/div>\n\t\t<\/div>\n\t\t\t\t\t<\/div>\n\t\t<\/section>\n\t\t\t\t<div class=\"elementor-element elementor-element-f836cd3 elementor-widget elementor-widget-text-editor\" data-id=\"f836cd3\" data-element_type=\"widget\" data-widget_type=\"text-editor.default\">\n\t\t\t\t<div class=\"elementor-widget-container\">\n\t\t\t\t\t\t\t\t\t<p>La &#8220;Notched Audio Therapy&#8221; \u00e8 l&#8217;ascolto regolare di audio che \u00e8 stato &#8220;notched&#8221; su una banda di frequenza centrata sulla frequenza dell&#8217;tinnito<\/p>\n<p>L&#8217;ascolto di suoni &#8220;notched&#8221; secondo la frequenza del tuo tinnito aiuter\u00e0 ad invertire i circuiti neurali difettosi del tuo cervello, e come risultato, pu\u00f2 abbassare il volume del tuo tinnito.<\/p>\n<p>Queste tecniche di elaborazione del suono permettono miglioramenti significativi in pi\u00f9 del 70% dei casi, e portano alla completa scomparsa in circa il 25% dei casi.<\/p>\n\t\t\t\t\t\t\t\t<\/div>\n\t\t\t\t<\/div>\n\t\t\t\t<div class=\"elementor-element elementor-element-b716978 elementor-align-center elementor-widget elementor-widget-button\" data-id=\"b716978\" data-element_type=\"widget\" data-widget_type=\"button.default\">\n\t\t\t\t<div class=\"elementor-widget-container\">\n\t\t\t\t\t\t\t\t\t<div class=\"elementor-button-wrapper\">\n\t\t\t\t\t<a class=\"elementor-button elementor-button-link elementor-size-sm\" href=\"http:\/\/tinnitus-treatments.com\/it\/la-tua-terapia\/\">\n\t\t\t\t\t\t<span class=\"elementor-button-content-wrapper\">\n\t\t\t\t\t\t<span class=\"elementor-button-icon\">\n\t\t\t\t<i aria-hidden=\"true\" class=\"fas fa-long-arrow-alt-right\"><\/i>\t\t\t<\/span>\n\t\t\t\t\t\t\t\t\t<span class=\"elementor-button-text\">Provate!<\/span>\n\t\t\t\t\t<\/span>\n\t\t\t\t\t<\/a>\n\t\t\t\t<\/div>\n\t\t\t\t\t\t\t\t<\/div>\n\t\t\t\t<\/div>\n\t\t\t\t\t<\/div>\n\t\t<\/div>\n\t\t\t\t\t<\/div>\n\t\t<\/section>\n\t\t\t\t<section class=\"elementor-section elementor-top-section elementor-element elementor-element-09065a9 elementor-section-boxed elementor-section-height-default elementor-section-height-default\" data-id=\"09065a9\" data-element_type=\"section\" data-settings=\"{&quot;background_background&quot;:&quot;classic&quot;}\">\n\t\t\t\t\t\t<div class=\"elementor-container elementor-column-gap-default\">\n\t\t\t\t\t<div class=\"elementor-column elementor-col-100 elementor-top-column elementor-element elementor-element-aee9ff4\" data-id=\"aee9ff4\" data-element_type=\"column\" data-settings=\"{&quot;background_background&quot;:&quot;classic&quot;}\">\n\t\t\t<div class=\"elementor-widget-wrap elementor-element-populated\">\n\t\t\t\t\t<div class=\"elementor-background-overlay\"><\/div>\n\t\t\t\t\t\t<div class=\"elementor-element elementor-element-ce0cbb8 elementor-widget elementor-widget-heading\" data-id=\"ce0cbb8\" data-element_type=\"widget\" data-widget_type=\"heading.default\">\n\t\t\t\t<div class=\"elementor-widget-container\">\n\t\t\t\t\t<h2 class=\"elementor-heading-title elementor-size-default\">Notched Audio Therapy<\/h2>\t\t\t\t<\/div>\n\t\t\t\t<\/div>\n\t\t\t\t\t<\/div>\n\t\t<\/div>\n\t\t\t\t\t<\/div>\n\t\t<\/section>\n\t\t\t\t<section class=\"elementor-section elementor-top-section elementor-element elementor-element-3c38c94 elementor-section-boxed elementor-section-height-default elementor-section-height-default\" data-id=\"3c38c94\" data-element_type=\"section\">\n\t\t\t\t\t\t<div class=\"elementor-container elementor-column-gap-default\">\n\t\t\t\t\t<div class=\"elementor-column elementor-col-100 elementor-top-column elementor-element elementor-element-969bbb6\" data-id=\"969bbb6\" data-element_type=\"column\">\n\t\t\t<div class=\"elementor-widget-wrap elementor-element-populated\">\n\t\t\t\t\t\t<div class=\"elementor-element elementor-element-e45aa09 elementor-widget elementor-widget-text-editor\" data-id=\"e45aa09\" data-element_type=\"widget\" data-widget_type=\"text-editor.default\">\n\t\t\t\t<div class=\"elementor-widget-container\">\n\t\t\t\t\t\t\t\t\t<p>Ecco un riassunto di una pubblicazione scientifica che dettaglia come funziona la Notched Audio Therapy e come \u00e8 stata applicata in condizioni reali.<\/p>\n<p>L&#8217;articolo completo <a href=\"https:\/\/www.pnas.org\/content\/pnas\/107\/3\/1207.full.pdf\" target=\"_blank\" rel=\"noopener\">\u00e8 disponibile qui<\/a>\u00a0(in inglese).<\/p>\n<p><strong>La riorganizzazione disadattiva della corteccia uditiva pu\u00f2 contribuire alla generazione e al mantenimento dell&#8217;acufene.<\/strong><\/p>\n<p>Poich\u00e9 l&#8217;organizzazione corticale pu\u00f2 essere modificata dall&#8217;addestramento comportamentale, abbiamo tentato di ridurre il volume dell&#8217;acufene esponendo i pazienti affetti da acufene cronico a musica piacevole scelta da loro stessi, che \u00e8 stata modificata (&#8220;notched&#8221;) per non contenere energia nella gamma di frequenza che circonda la frequenza dell&#8217;acufene individuale.<\/p>\n<p>Dopo 12 mesi di ascolto regolare, il gruppo di pazienti di destinazione (n = 8) ha mostrato significativamente ridotto volume soggettivo acufene e concomitantemente esibito ridotta attivit\u00e0 evocata nelle aree della corteccia uditiva corrispondente alla frequenza di tinnito rispetto ai pazienti che avevano ricevuto un analogo trattamento placebo musica dentellato (n = 8).<\/p>\n<blockquote><p><strong>Questi risultati indicano che il rumore dell&#8217;acufene pu\u00f2 essere significativamente diminuito da un piacevole, a basso costo, personalizzato trattamento audio dentellato, potenzialmente attraverso l&#8217;inversione di organizzazione della corteccia uditiva maladattativa.<\/strong><\/p><\/blockquote>\n\t\t\t\t\t\t\t\t<\/div>\n\t\t\t\t<\/div>\n\t\t\t\t\t<\/div>\n\t\t<\/div>\n\t\t\t\t\t<\/div>\n\t\t<\/section>\n\t\t\t\t<\/div>\n\t\t","protected":false},"excerpt":{"rendered":"<p>Notched Audio Therapy Come funziona la terapia &#8230; Gli scienziati sono ora d&#8217;accordo che la comprensione e quindi il trattamento del tinnito richiede un approccio globale in cui l&#8217;orecchio e il sistema nervoso centrale devono essere considerati insieme. Nella maggior parte dei casi, l&#8217;acufene sembra essere un suono creato erroneamente dal cervello per compensare qualche [&hellip;]<\/p>\n","protected":false},"author":1,"featured_media":0,"parent":0,"menu_order":0,"comment_status":"closed","ping_status":"closed","template":"","meta":{"pmpro_default_level":"","footnotes":""},"class_list":["post-32676","page","type-page","status-publish","hentry","pmpro-has-access"],"_links":{"self":[{"href":"https:\/\/tinnitus-treatments.com\/it\/wp-json\/wp\/v2\/pages\/32676","targetHints":{"allow":["GET"]}}],"collection":[{"href":"https:\/\/tinnitus-treatments.com\/it\/wp-json\/wp\/v2\/pages"}],"about":[{"href":"https:\/\/tinnitus-treatments.com\/it\/wp-json\/wp\/v2\/types\/page"}],"author":[{"embeddable":true,"href":"https:\/\/tinnitus-treatments.com\/it\/wp-json\/wp\/v2\/users\/1"}],"replies":[{"embeddable":true,"href":"https:\/\/tinnitus-treatments.com\/it\/wp-json\/wp\/v2\/comments?post=32676"}],"version-history":[{"count":0,"href":"https:\/\/tinnitus-treatments.com\/it\/wp-json\/wp\/v2\/pages\/32676\/revisions"}],"wp:attachment":[{"href":"https:\/\/tinnitus-treatments.com\/it\/wp-json\/wp\/v2\/media?parent=32676"}],"curies":[{"name":"wp","href":"https:\/\/api.w.org\/{rel}","templated":true}]}}