{"id":32674,"date":"2021-08-10T14:12:37","date_gmt":"2021-08-10T14:12:37","guid":{"rendered":"http:\/\/tinnitus-treatments.com\/condizioni-generali-di-vendita\/"},"modified":"2022-02-02T07:15:18","modified_gmt":"2022-02-02T07:15:18","slug":"condizioni-generali-di-vendita","status":"publish","type":"page","link":"https:\/\/tinnitus-treatments.com\/it\/condizioni-generali-di-vendita\/","title":{"rendered":"Condizioni generali di vendita"},"content":{"rendered":"\t\t<div data-elementor-type=\"wp-page\" data-elementor-id=\"32674\" class=\"elementor elementor-32674 elementor-21399\" data-elementor-post-type=\"page\">\n\t\t\t\t\t\t<section class=\"elementor-section elementor-top-section elementor-element elementor-element-efc0b98 elementor-section-boxed elementor-section-height-default elementor-section-height-default\" data-id=\"efc0b98\" data-element_type=\"section\">\n\t\t\t\t\t\t<div class=\"elementor-container elementor-column-gap-default\">\n\t\t\t\t\t<div class=\"elementor-column elementor-col-50 elementor-top-column elementor-element elementor-element-9e19e12\" data-id=\"9e19e12\" data-element_type=\"column\" data-settings=\"{&quot;background_background&quot;:&quot;classic&quot;}\">\n\t\t\t<div class=\"elementor-widget-wrap elementor-element-populated\">\n\t\t\t\t\t\t<div class=\"elementor-element elementor-element-7872481 elementor-widget elementor-widget-heading\" data-id=\"7872481\" data-element_type=\"widget\" data-widget_type=\"heading.default\">\n\t\t\t\t<div class=\"elementor-widget-container\">\n\t\t\t\t\t<h1 class=\"elementor-heading-title elementor-size-default\">Condizioni generali di vendita<\/h1>\t\t\t\t<\/div>\n\t\t\t\t<\/div>\n\t\t\t\t\t<\/div>\n\t\t<\/div>\n\t\t\t\t<div class=\"elementor-column elementor-col-50 elementor-top-column elementor-element elementor-element-20f59d8\" data-id=\"20f59d8\" data-element_type=\"column\">\n\t\t\t<div class=\"elementor-widget-wrap elementor-element-populated\">\n\t\t\t\t\t\t<div class=\"elementor-element elementor-element-2cfc90e elementor-widget elementor-widget-image\" data-id=\"2cfc90e\" data-element_type=\"widget\" data-widget_type=\"image.default\">\n\t\t\t\t<div class=\"elementor-widget-container\">\n\t\t\t\t\t\t\t\t\t\t\t\t\t\t\t<img decoding=\"async\" src=\"https:\/\/tinnitus-treatments.com\/wp-content\/uploads\/2021\/10\/tinnitus-audio-therapy.jpg\" title=\"audio terapia del tinnito\" alt=\"audio terapia del tinnito\" loading=\"lazy\" \/>\t\t\t\t\t\t\t\t\t\t\t\t\t\t\t<\/div>\n\t\t\t\t<\/div>\n\t\t\t\t\t<\/div>\n\t\t<\/div>\n\t\t\t\t\t<\/div>\n\t\t<\/section>\n\t\t\t\t<section class=\"elementor-section elementor-top-section elementor-element elementor-element-5f3b811 elementor-section-boxed elementor-section-height-default elementor-section-height-default\" data-id=\"5f3b811\" data-element_type=\"section\">\n\t\t\t\t\t\t<div class=\"elementor-container elementor-column-gap-default\">\n\t\t\t\t\t<div class=\"elementor-column elementor-col-100 elementor-top-column elementor-element elementor-element-61751f4\" data-id=\"61751f4\" data-element_type=\"column\">\n\t\t\t<div class=\"elementor-widget-wrap elementor-element-populated\">\n\t\t\t\t\t\t<div class=\"elementor-element elementor-element-bdc2e50 elementor-widget elementor-widget-text-editor\" data-id=\"bdc2e50\" data-element_type=\"widget\" data-widget_type=\"text-editor.default\">\n\t\t\t\t<div class=\"elementor-widget-container\">\n\t\t\t\t\t\t\t\t\t<p>A Tiny Silence<br \/>\nTERMINI E CONDIZIONI D&#8217;USO<br \/>\nArticolo 1. Definizioni.<br \/>\n&#8220;A Tiny Silence&#8221; o &#8220;l&#8217;Editore&#8221; indica &#8220;A Tiny Silence&#8221;, Societ\u00e0 per Azioni semplificata con un capitale di 200 euro, iscritta al Registro del Commercio e delle Societ\u00e0 di Narbonne con il numero 216 455 88 77 e la cui sede legale \u00e8 situata al 140 rue du Moulinas, Nefs des Sables 25K4, 11370 Leucate.<br \/>\n&#8220;Sito web&#8221; indica il sito web dell&#8217;Editore accessibile all&#8217;indirizzo http:\/\/tinnitus-treatments.com e https:\/\/atinysilence.com<br \/>\n&#8220;Applicazione&#8221; indica la soluzione software creata, sviluppata e commercializzata dall&#8217;Editore, disponibile online e scaricabile sul terminale degli utenti come applicazione mobile.<\/p>\n<p>&#8220;Servizi&#8221; indica tutti i servizi offerti all&#8217;Utente dal Sito web e dall&#8217;Applicazione.<br \/>\n&#8220;Contenuto&#8221; indica tutte le informazioni, i consigli e i Servizi presenti sul Sito web e\/o sull&#8217;Applicazione.<br \/>\n&#8220;Terminale&#8221; indica qualsiasi computer o dispositivo di comunicazione che fornisce l&#8217;accesso al Contenuto.<br \/>\n&#8220;Utente&#8221;, &#8220;Utenti&#8221; o &#8220;Utente finale&#8221; indica l&#8217;individuo o gli individui che sono utenti del Sito web, dell&#8217;Applicazione e\/o del Contenuto.<br \/>\n&#8220;Parte(i)&#8221; o &#8220;Le Parti&#8221; indica individualmente o collettivamente l&#8217;Editore e\/o l&#8217;Utente(i).<br \/>\n&#8220;TCU&#8221; indica i presenti Termini e Condizioni d&#8217;Uso che regolano i termini di accesso e utilizzo del Sito Web, dell&#8217;Applicazione e dei Servizi, cos\u00ec come i diritti e gli obblighi delle Parti ai sensi delle TCU.<br \/>\n&#8220;Dati personali&#8221; indica le informazioni personali che identificano gli Utenti al fine di offrire loro i Servizi.<\/p>\n<p>Articolo 2. Objet.<br \/>\nLe TCU definiscono:<br \/>\n&#8211; 1 &#8211; Come gli Utenti accedono e utilizzano il Sito Web, l&#8217;Applicazione e i Servizi per uso personale a fini non commerciali.<br \/>\n&#8211; 2 &#8211; I diritti, gli obblighi e le limitazioni delle parti.<br \/>\nLe TCU si applicano senza alcuna restrizione o ritardo a tutti gli aggiornamenti o patch del Sito web, dell&#8217;Applicazione e\/o dei Servizi forniti dall&#8217;Editore.<\/p>\n<p>Articolo 3. Accettazione.<br \/>\nL&#8217;accesso e l&#8217;uso del Contenuto richiede la previa accettazione completa e integrale delle presenti TCU da parte dell&#8217;Utente.<br \/>\n.<br \/>\nArticolo 4. Limitazione di responsabilit\u00e0.<br \/>\n. L&#8217;Utente accetta e riconosce:<br \/>\n&#8211; 1 &#8211; che, conformemente alle disposizioni dell&#8217;articolo L.5211-1 del Codice della Salute Pubblica, il Contenuto fornito dall&#8217;Editore pu\u00f2 essere utilizzato solo a fini diagnostici o terapeutici.<br \/>\n&#8211; 2 &#8211; che l&#8217;obbligo di fornire i Servizi da parte dell&#8217;Editore si limita a un&#8217;obbligazione di mezzi e non d\u00e0 alcuna garanzia di miglioramento o di cura di qualsiasi patologia.<br \/>\n&#8211; 3 &#8211; che le informazioni messe a disposizione non sono n\u00e9 complete n\u00e9 esaustive e che queste informazioni non coprono tutti i diversi sintomi, medicinali e trattamenti adeguati alle patologie che le riguardano.<br \/>\n&#8211; 4 &#8211; che le informazioni, i consigli e i Servizi disponibili sul Sito web e\/o sull&#8217;Applicazione (il &#8220;Contenuto&#8221;), non creano una relazione paziente-medico, non costituiscono direttamente o indirettamente un consulto medico e non sostituiscono in alcun modo il consiglio di un medico o di un operatore sanitario per la diagnosi o il trattamento dell&#8217;udito o di altri disturbi.<br \/>\nDi conseguenza, l&#8217;Utente \u00e8 invitato a consultare il proprio fornitore di assistenza sanitaria prima di prendere qualsiasi decisione sulla salute, e non dovrebbe mai ritardare la ricerca di un parere medico, ignorare il parere medico o interrompere il trattamento medico o i trattamenti a causa del Contenuto.<br \/>\nD&#8217;altra parte, l&#8217;Utente \u00e8 debitamente informato che il Contenuto \u00e8 basato su un lavoro scientifico condotto da medici, ma che non \u00e8 stato scritto o creato da medici.<br \/>\nNe consegue che l&#8217;uso del Sito web, dell&#8217;Applicazione e del Contenuto \u00e8 responsabilit\u00e0 dell&#8217;Utente e l&#8217;Editore non si assume alcuna responsabilit\u00e0 diretta o indiretta per le decisioni prese dall&#8217;Utente e basate parzialmente o totalmente sul Contenuto, cos\u00ec come per qualsiasi danno diretto o indiretto, perdita o conseguenza che possa derivarne.<\/p>\n<p>Articolo 5. Propriet\u00e0 intellettuale.<br \/>\nPer tutti i paesi, l&#8217;Editore conserva tutti i diritti di propriet\u00e0 intellettuale e commerciale, compresi in particolare<br \/>\n&#8211; marchi, denominazioni sociali, nomi commerciali, marchi e nomi di dominio,<br \/>\n&#8211; rappresentazioni o elementi grafici,<br \/>\n&#8211; creazioni audio,<br \/>\n&#8211; e tutti i consigli e i servizi<br \/>\ndisponibili sul Sito web e\/o sull&#8217;Applicazione.<br \/>\nLa TCU non implica alcuna cessione di diritti di propriet\u00e0 intellettuale all&#8217;Utente.<br \/>\nDi conseguenza, tutte le operazioni di riproduzione, traduzione, diffusione, distribuzione, rappresentazione, adattamento, modifica, commercializzazione, concessione di sub-licenze relative a tutti o parte dei diritti di propriet\u00e0 intellettuale dell&#8217;Editore sono vietate indipendentemente dallo scopo, dal mezzo, dalla durata, dal luogo e dai mezzi utilizzati.<\/p>\n<p>Articolo 6. Account utente.<br \/>\nPrima di utilizzare i Servizi, l&#8217;Utente crea un account utente (l'&#8221;Account utente&#8221;) che gli consente di accedere al suo spazio utente e ai Servizi.<br \/>\nL&#8217;Utente dichiara di essere maggiorenne o di beneficiare dell&#8217;autorizzazione di un adulto che esercita la patria potest\u00e0.<br \/>\nL&#8217;Utente riconosce che l&#8217;Account Utente \u00e8 strettamente personale, indivisibile e non trasferibile.<br \/>\nQualsiasi uso di un nome utente contenente termini contrari alle leggi in vigore, pu\u00f2 comportare la sospensione o la chiusura dell&#8217;Account utente da parte dell&#8217;Editore.<br \/>\nL&#8217;Utente si impegna a mantenere le proprie credenziali e password strettamente riservate.<br \/>\nA Tiny Silence non potr\u00e0 essere ritenuto responsabile di qualsiasi uso fraudolento dell&#8217;Account Utente e\/o delle sue conseguenze dirette o indirette.<\/p>\n<p>Articolo 7. Dati personali.<br \/>\nI Dati personali sono raccolti e trattati dall&#8217;Editore in conformit\u00e0 alle disposizioni del Regolamento UE n. 2016\/679 del 27 aprile 2016, noto come &#8220;GDPR&#8221;, (il &#8220;Regolamento applicabile&#8221;).<br \/>\nRaccolta:<br \/>\nI Dati Personali raccolti sono:<br \/>\n&#8211; Quando si crea un account utente: frequenza dell&#8217;acufene selezionata dall&#8217;utente, nome utente, codice di accesso, indirizzo e-mail, data e ora di creazione.<\/p>\n<p>Utilizzo:<br \/>\nI dati personali sono utilizzati dall&#8217;editore solo per lo scopo di:<br \/>\n&#8211; Creazione e gestione dell&#8217;account utente.<br \/>\n&#8211; Accesso al Sito Web e all&#8217;Applicazione e lotta contro le intrusioni e gli abusi.<br \/>\n&#8211; Invio di informazioni commerciali e di una newsletter all&#8217;Utente.<br \/>\n&#8211; Notifiche all&#8217;Utente di modifiche al Sito Web, all&#8217;Applicazione, al Contenuto e\/o alle TCU.<br \/>\n&#8211; Identificazione personalizzata degli acufeni.<br \/>\n&#8211; Fornitura di servizi personalizzati.<br \/>\n&#8211; Analisi statistica finalizzata al miglioramento del Contenuto.<br \/>\n.<br \/>\nDiritti dell&#8217;Utente:<br \/>\nIn conformit\u00e0 con la Normativa Applicabile, l&#8217;Utente pu\u00f2 in qualsiasi momento esercitare il suo diritto:<br \/>\n&#8211; opporsi alla ricezione della newsletter e\/o delle offerte commerciali dell&#8217;Editore.<br \/>\n&#8211; accedere e\/o ottenere la rettifica o la cancellazione dei propri Dati Personali.<br \/>\n&#8211; far cancellare il proprio account utente.<br \/>\ninformando l&#8217;editore della sua intenzione utilizzando l&#8217;indirizzo e-mail: contact@atinysilence.com. Si prega di specificare: oggetto: &#8220;personal data&#8221;.<br \/>\nAl fine di preservare la sicurezza e la riservatezza dei Dati Personali, questa richiesta deve essere accompagnata da una prova di identit\u00e0. Il voucher sar\u00e0 distrutto una volta che la richiesta sar\u00e0 elaborata.<br \/>\nIn caso di richieste infondate o eccessive, in particolare a causa del loro carattere ripetitivo, l&#8217;Editore si riserva il diritto di fatturare o non rispondere a qualsiasi richiesta di un Utente successiva a una richiesta debitamente soddisfatta dall&#8217;Editore e relativa allo stesso soggetto.<\/p>\n<p>Destinatari:<br \/>\nI dati personali forniti al momento della registrazione dall&#8217;Utente saranno utilizzati solo dall&#8217;Editore e non saranno oggetto di alcun uso commerciale o vendita o trasferimento a terzi.<\/p>\n<p>Conservazione:<br \/>\nL&#8217;Editore conserver\u00e0 i Dati personali per tre (3) anni dalla creazione dell&#8217;Account utente, a meno che non sia necessario adempiere a qualsiasi obbligo legale, normativo, contabile o fiscale di conservare i Dati personali e potr\u00e0, se del caso, conservarli in forma anonima.<\/p>\n<p>Sicurezza:<br \/>\nDurante questo periodo, l&#8217;Editore implementa tutti i mezzi organizzativi, software, legali, tecnici e fisici per garantire la riservatezza e la sicurezza dei Dati Personali, al fine di evitare il loro danneggiamento, cancellazione o accesso da parte di terzi non autorizzati.<\/p>\n<p>Subappalto:<br \/>\nI dati raccolti possono essere comunicati a subappaltatori contrattualmente responsabili di determinati compiti. Nell&#8217;esecuzione dei loro servizi, i subappaltatori hanno solo un accesso limitato ai Dati Personali e hanno l&#8217;obbligo contrattuale di utilizzarli in conformit\u00e0 con le disposizioni della legislazione applicabile sulla protezione dei dati personali.<\/p>\n<p>Portabilit\u00e0 \/ Reversibilit\u00e0:<br \/>\nIn conformit\u00e0 con la Normativa Applicabile, e previa dimostrazione della propria identit\u00e0, l&#8217;Utente pu\u00f2 ottenere la reversibilit\u00e0 dei propri Dati Personali gratuitamente, notificandolo all&#8217;Editore tramite lettera raccomandata con ricevuta di ritorno.<br \/>\nI Dati Personali saranno restituiti sotto forma di un file informatico standard che sar\u00e0 inviato via e-mail all&#8217;Utente entro un periodo massimo di trenta (30) giorni dalla richiesta.<\/p>\n<p>Dati derivati:<br \/>\nIn conformit\u00e0 con la Normativa Applicabile, si informa l&#8217;Utente che i Dati Personali derivati, calcolati o creati dall&#8217;Editore dai dati forniti dall&#8217;Utente sono esclusi dal diritto alla portabilit\u00e0, nella misura in cui non siano forniti dall&#8217;Utente, ma creati dall&#8217;Editore.<\/p>\n<p>Trasferimento:<br \/>\nI dati personali vengono elaborati e conservati nell&#8217;Unione Europea.<\/p>\n<p>L&#8217;Utente \u00e8 informato che pu\u00f2 contattare la Commission Nationale de l&#8217;Informatique et des Libert\u00e9s: 3 Place de Fontenoy &#8211; TSA 80715 &#8211; 75334 PARIS CEDEX 07.<\/p>\n<p>Articolo 8. Servizi<br \/>\nDue livelli di servizi sono a disposizione dell&#8217;Utente:<br \/>\n1 &#8211; L&#8217;utente ha la possibilit\u00e0 di identificare gratuitamente il suo acufene e di eseguire il test THI. Non vengono raccolti dati.<br \/>\n2 &#8211; Dopo aver convalidato il processo di identificazione dell&#8217;acufene, l&#8217;utente ha accesso alla piattaforma di pagamento online.<br \/>\nUna volta effettuato il pagamento unico, l&#8217;Utente pu\u00f2 accedere tramite il suo Account Utente ad un insieme di servizi terapeutici personalizzati che gli vengono definitivamente acquisiti:<br \/>\n&#8211; Audioterapie.<br \/>\n&#8211; Ambienti terapeutici.<br \/>\n&#8211; Attivit\u00e0 aggiuntive di rilassamento e respirazione controllata.<\/p>\n<p>Articolo 9. Disponibilit\u00e0 dei Servizi<br \/>\nL&#8217;Editore si impegna a compiere ogni sforzo per garantire all&#8217;Utente la disponibilit\u00e0 24 ore su 24 e 7 giorni su 7 del Sito web, dell&#8217;Applicazione e del Contenuto, compresi i Servizi, salvo in caso di guasto informatico o delle reti, operazioni di manutenzione o forza maggiore.<br \/>\nTuttavia, t \u00e8 la responsabilit\u00e0 dell&#8217;Utente che riconosce di garantire la compatibilit\u00e0 e il corretto funzionamento del suo terminale, il suo accesso alle reti, e il rispetto degli aggiornamenti.<br \/>\nDi conseguenza, l&#8217;Utente riconosce che l&#8217;Editore non potr\u00e0 in nessun caso essere ritenuto responsabile di malfunzionamenti o interruzioni dell&#8217;accesso al Sito web, all&#8217;Applicazione e\/o al Contenuto.<\/p>\n<p>Articolo 10. Forza maggiore<br \/>\nIn caso di forza maggiore ai sensi dell&#8217;articolo 1218 del codice civile, la mancanza di accesso al Sito web, all&#8217;Applicazione e\/o al Contenuto non potr\u00e0 essere oggetto di alcun ricorso, e gli obblighi delle Parti, ai sensi delle TCU, saranno sospesi per la durata del caso di forza maggiore e riprenderanno a partire dalla cessazione della forza maggiore.<\/p>\n<p>Articolo 11. Condizioni di vendita<br \/>\nAlla conclusione della vendita, l&#8217;Editore concede all&#8217;Utente finale che la accetta, un diritto personale, definitivo, non sub-licenziabile e non trasferibile di accedere a tutti i Servizi tramite l&#8217;Applicazione, dal suo Terminale e di utilizzarli in modo non commerciale e a proprio vantaggio.<br \/>\nL&#8217;Utente \u00e8 informato che secondo l&#8217;articolo L. 121-21-8 punto 13 del Codice del Consumo:<br \/>\n&#8220;Il diritto di recesso non pu\u00f2 essere esercitato per la fornitura di contenuto digitale non fornito su un supporto fisico, la cui esecuzione \u00e8 iniziata dopo il previo accordo espresso del consumatore e la rinuncia espressa al suo diritto di recesso. &#8220;<br \/>\nL&#8217;utente accetta e riconosce che la convalida delle Condizioni Generali di Vendita durante il processo di pagamento costituisce una rinuncia espressa al suo diritto di recesso.<\/p>\n<p>Articolo 12. Aggiornamenti<br \/>\nl&#8217;Editore pu\u00f2, a sua discrezione, mettere a disposizione dell&#8217;Utente sulle piattaforme di distribuzione, aggiornamenti che apportano correzioni o modifiche alla funzionalit\u00e0 del Sito web, dell&#8217;Applicazione e\/o del Contenuto, in particolare al fine di adeguarsi agli sviluppi tecnici e\/o legislativi.<br \/>\nL&#8217;Utente si impegna a installare senza indugio qualsiasi aggiornamento o patch fornito dall&#8217;Editore.<br \/>\nDurante le operazioni di aggiornamento e\/o manutenzione, l&#8217;Editore pu\u00f2 sospendere l&#8217;accesso al Sito web, all&#8217;Applicazione e al Contenuto senza preavviso e senza compenso.<br \/>\nSe un aggiornamento dovesse comportare una modifica delle presenti TCU, l&#8217;Editore si impegna a informare l&#8217;Utente<br \/>\n1 &#8211; via e-mail all&#8217;indirizzo di posta elettronica dell&#8217;account dell&#8217;utente con un collegamento ipertestuale che reindirizzi ai Termini e condizioni modificati.<br \/>\n2 &#8211; sotto forma di visualizzazione pop-up sullo schermo del terminale al successivo lancio dell&#8217;Applicazione, subordinando l&#8217;accesso ai Servizi all&#8217;accettazione da parte dell&#8217;Utente delle TCU modificate.<br \/>\nQualsiasi utilizzo dell&#8217;Applicazione e\/o dei Servizi dopo la notifica delle TCU modificate sar\u00e0 considerato come accettazione senza riserve di tali modifiche.<br \/>\nIn caso di rifiuto dell&#8217;accettazione da parte dell&#8217;Utente delle TCU modificate, quest&#8217;ultimo dichiara e riconosce che i Servizi non saranno disponibili.<\/p>\n<p>Articolo 13. Fornitura &#8220;cos\u00ec com&#8217;\u00e8<br \/>\nL&#8217;obbligo di fornire i Servizi da parte dell&#8217;Editore \u00e8 limitato a un&#8217;obbligazione di mezzi.<br \/>\nDi conseguenza:<br \/>\n&#8211; Il Sito web, l&#8217;Applicazione e il Contenuto sono forniti &#8220;cos\u00ec come sono&#8221; senza alcuna garanzia esplicita o implicita di alcun tipo, che l&#8217;Utente riconosce e accetta.<br \/>\n&#8211; L&#8217;Editore non garantisce che il Sito web, l&#8217;Applicazione e\/o il Contenuto siano privi di anomalie, errori o bug.<br \/>\n&#8211; Le informazioni e i consigli forniti riflettono lo stato delle conoscenze dell&#8217;Editore al momento della pubblicazione. A causa dei continui progressi nel campo della salute e di altri fattori, queste informazioni e consigli potrebbero non essere aggiornati. L&#8217;Editore lavora instancabilmente per garantirne l&#8217;accuratezza e si impegna a rettificare prontamente qualsiasi errore o imprecisione che sar\u00e0 portato alla sua attenzione.<\/p>\n<p>Articolo 14. Terze parti<br \/>\nIl Sito web e\/o l&#8217;Applicazione possono fornire all&#8217;Utente collegamenti a contenuti, siti web o applicazioni (di seguito il &#8220;Contenuto esterno&#8221;) sviluppati da altre entit\u00e0 (di seguito le &#8220;Parti terze&#8221;);<br \/>\nL&#8217;Editore non esercita alcun controllo sui Contenuti Esterni di Terze Parti e non si assume alcuna responsabilit\u00e0 per essi.<br \/>\nLe condizioni d&#8217;uso e le politiche sulla privacy delle Terze Parti sono di loro propriet\u00e0 e non vincolano in alcun modo l&#8217;Editore.<\/p>\n<p>Articolo 15. Legge applicabile<br \/>\nTutte le disposizioni delle presenti TCU, cos\u00ec come l&#8217;accesso e l&#8217;uso del Sito web, dell&#8217;Applicazione e del Contenuto sono soggetti esclusivamente alla legge francese.<br \/>\nGli utenti accettano inoltre di rispettare tutte le leggi e i regolamenti nazionali applicabili quando utilizzano il loro terminale per accedere al Sito web, all&#8217;Applicazione e al Contenuto al di fuori del territorio francese.<\/p>\n<p>Articolo 16. Trattamento delle controversie dei consumatori<br \/>\nL&#8217;Utente \u00e8 informato che, oltre a qualsiasi altro mezzo di risoluzione amichevole delle controversie, ha la possibilit\u00e0 di utilizzare gratuitamente una procedura di mediazione convenzionale delle controversie dei consumatori, conformemente agli articoli L611-1 e seguenti, e R612-1 e seguenti del Codice del consumo francese.<br \/>\nLa procedura richiede che l&#8217;Utente abbia precedentemente tentato una risoluzione amichevole della controversia con l&#8217;Editore, contattandolo tramite:<br \/>\n&#8211; Email a reclamations@atinysilence.com, o<br \/>\n&#8211; Posta raccomandata con ricevuta di ritorno a: &#8216;A Tiny Silence&#8217;, Ufficio reclami, 140 rue du Moulinas, Nefs des Sables 25K4, 11340 Leucate<br \/>\nL&#8217;Utente pu\u00f2 quindi contattare il mediatore competente entro un termine massimo di dodici (12) mesi.<br \/>\nMediatore competente: MEDICYS, 73 boulevard de Clichy, 75009 Paris \/ contact@medicys.fr<\/p>\n<p>Conformemente all&#8217;articolo 14.1 del regolamento (UE) n. 524\/2013 del Parlamento europeo e del Consiglio del 21 maggio 2013, ecco il link alla piattaforma di risoluzione delle controversie online:<br \/>\nhttps:\/\/webgate.ec.europa.eu\/odr\/main\/index.cfm?event=main.home.show&amp;lng=FR.<\/p>\n\t\t\t\t\t\t\t\t<\/div>\n\t\t\t\t<\/div>\n\t\t\t\t\t<\/div>\n\t\t<\/div>\n\t\t\t\t\t<\/div>\n\t\t<\/section>\n\t\t\t\t<\/div>\n\t\t","protected":false},"excerpt":{"rendered":"<p>Condizioni generali di vendita A Tiny Silence TERMINI E CONDIZIONI D&#8217;USO Articolo 1. Definizioni. &#8220;A Tiny Silence&#8221; o &#8220;l&#8217;Editore&#8221; indica &#8220;A Tiny Silence&#8221;, Societ\u00e0 per Azioni semplificata con un capitale di 200 euro, iscritta al Registro del Commercio e delle Societ\u00e0 di Narbonne con il numero 216 455 88 77 e la cui sede legale [&hellip;]<\/p>\n","protected":false},"author":1,"featured_media":0,"parent":0,"menu_order":0,"comment_status":"closed","ping_status":"closed","template":"","meta":{"pmpro_default_level":"","footnotes":""},"class_list":["post-32674","page","type-page","status-publish","hentry","pmpro-has-access"],"_links":{"self":[{"href":"https:\/\/tinnitus-treatments.com\/it\/wp-json\/wp\/v2\/pages\/32674","targetHints":{"allow":["GET"]}}],"collection":[{"href":"https:\/\/tinnitus-treatments.com\/it\/wp-json\/wp\/v2\/pages"}],"about":[{"href":"https:\/\/tinnitus-treatments.com\/it\/wp-json\/wp\/v2\/types\/page"}],"author":[{"embeddable":true,"href":"https:\/\/tinnitus-treatments.com\/it\/wp-json\/wp\/v2\/users\/1"}],"replies":[{"embeddable":true,"href":"https:\/\/tinnitus-treatments.com\/it\/wp-json\/wp\/v2\/comments?post=32674"}],"version-history":[{"count":0,"href":"https:\/\/tinnitus-treatments.com\/it\/wp-json\/wp\/v2\/pages\/32674\/revisions"}],"wp:attachment":[{"href":"https:\/\/tinnitus-treatments.com\/it\/wp-json\/wp\/v2\/media?parent=32674"}],"curies":[{"name":"wp","href":"https:\/\/api.w.org\/{rel}","templated":true}]}}