{"id":32671,"date":"2021-08-10T13:44:37","date_gmt":"2021-08-10T13:44:37","guid":{"rendered":"http:\/\/tinnitus-treatments.com\/politica-sulla-privacy\/"},"modified":"2022-02-02T07:15:31","modified_gmt":"2022-02-02T07:15:31","slug":"politica-sulla-privacy","status":"publish","type":"page","link":"https:\/\/tinnitus-treatments.com\/it\/politica-sulla-privacy\/","title":{"rendered":"Politica sulla privacy"},"content":{"rendered":"\t\t<div data-elementor-type=\"wp-page\" data-elementor-id=\"32671\" class=\"elementor elementor-32671 elementor-21384\" data-elementor-post-type=\"page\">\n\t\t\t\t\t\t<section class=\"elementor-section elementor-top-section elementor-element elementor-element-17fbe89 elementor-section-boxed elementor-section-height-default elementor-section-height-default\" data-id=\"17fbe89\" data-element_type=\"section\">\n\t\t\t\t\t\t<div class=\"elementor-container elementor-column-gap-default\">\n\t\t\t\t\t<div class=\"elementor-column elementor-col-50 elementor-top-column elementor-element elementor-element-e17a44a\" data-id=\"e17a44a\" data-element_type=\"column\" data-settings=\"{&quot;background_background&quot;:&quot;classic&quot;}\">\n\t\t\t<div class=\"elementor-widget-wrap elementor-element-populated\">\n\t\t\t\t\t\t<div class=\"elementor-element elementor-element-798d451 elementor-widget elementor-widget-heading\" data-id=\"798d451\" data-element_type=\"widget\" data-widget_type=\"heading.default\">\n\t\t\t\t<div class=\"elementor-widget-container\">\n\t\t\t\t\t<h1 class=\"elementor-heading-title elementor-size-default\">Politica sulla privacy<\/h1>\t\t\t\t<\/div>\n\t\t\t\t<\/div>\n\t\t\t\t\t<\/div>\n\t\t<\/div>\n\t\t\t\t<div class=\"elementor-column elementor-col-50 elementor-top-column elementor-element elementor-element-19025b0\" data-id=\"19025b0\" data-element_type=\"column\">\n\t\t\t<div class=\"elementor-widget-wrap elementor-element-populated\">\n\t\t\t\t\t\t<div class=\"elementor-element elementor-element-38eeb6b elementor-widget elementor-widget-image\" data-id=\"38eeb6b\" data-element_type=\"widget\" data-widget_type=\"image.default\">\n\t\t\t\t<div class=\"elementor-widget-container\">\n\t\t\t\t\t\t\t\t\t\t\t\t\t\t\t<img decoding=\"async\" src=\"https:\/\/tinnitus-treatments.com\/wp-content\/uploads\/2021\/10\/tinnitus-audio-therapy.jpg\" title=\"audio terapia del tinnito\" alt=\"audio terapia del tinnito\" loading=\"lazy\" \/>\t\t\t\t\t\t\t\t\t\t\t\t\t\t\t<\/div>\n\t\t\t\t<\/div>\n\t\t\t\t\t<\/div>\n\t\t<\/div>\n\t\t\t\t\t<\/div>\n\t\t<\/section>\n\t\t\t\t<section class=\"elementor-section elementor-top-section elementor-element elementor-element-9b9f14e elementor-section-boxed elementor-section-height-default elementor-section-height-default\" data-id=\"9b9f14e\" data-element_type=\"section\">\n\t\t\t\t\t\t<div class=\"elementor-container elementor-column-gap-default\">\n\t\t\t\t\t<div class=\"elementor-column elementor-col-100 elementor-top-column elementor-element elementor-element-3c2fd5b\" data-id=\"3c2fd5b\" data-element_type=\"column\">\n\t\t\t<div class=\"elementor-widget-wrap elementor-element-populated\">\n\t\t\t\t\t\t<div class=\"elementor-element elementor-element-920a7a6 elementor-widget elementor-widget-text-editor\" data-id=\"920a7a6\" data-element_type=\"widget\" data-widget_type=\"text-editor.default\">\n\t\t\t\t<div class=\"elementor-widget-container\">\n\t\t\t\t\t\t\t\t\t<h2><strong>Definizioni.<\/strong><\/h2>\n<p>&#8220;A Tiny Silence&#8221; o &#8220;l&#8217;Editore&#8221; indica &#8220;A Tiny Silence&#8221;, Societ\u00e0 per Azioni semplificata con un capitale di 200 euro, registrata nel Registro del Commercio e delle Societ\u00e0 di Narbonne con il numero 216 455 88 77 e la cui sede legale si trova al 140 rue du Moulinas, Nefs des Sables 25K4, 11370 Leucate, Francia.<\/p>\n<p>&#8220;Sito web&#8221; o siti web indica il sito o i siti web dell&#8217;editore accessibili all&#8217;indirizzo https:\/\/atinysilence.com e http:\/\/tinnitus-treatments.com<\/p>\n<p>&#8220;Applicazione&#8221; indica l&#8217;applicazione sviluppata dall&#8217;editore.<\/p>\n<p>&#8220;Contenuto&#8221; indica il contenuto del Sito web e\/o dell&#8217;Applicazione.<\/p>\n<p>&#8220;Utente&#8221; indica l&#8217;individuo o gli individui che utilizzano il Sito web e\/o l&#8217;Applicazione.<\/p>\n<p>&#8220;Account utente&#8221; indica l&#8217;account creato quando un Utente si registra.<\/p>\n<p>&#8220;Dati personali&#8221; significa informazioni personali che identificano l&#8217;Utente.<\/p>\n<\/p>\n<h2><strong>Dati personali.<\/strong><\/h2>\n<p>I dati personali sono raccolti e trattati dall&#8217;Editore in conformit\u00e0 alle disposizioni del Regolamento UE n. 2016\/679 del 27 aprile 2016, noto come &#8220;GDPR&#8221;, (il &#8220;Regolamento applicabile&#8221;).<\/p>\n<p>I Dati Personali raccolti sono, quando si crea un Account Utente:<\/p>\n<ul>\n<li>frequenza dell&#8217;acufene selezionata dall&#8217;utente,<\/li>\n<li>nome utente,<\/li>\n<li>codice di accesso,<\/li>\n<li>indirizzo e-mail,<\/li>\n<li>data e ora della creazione.<\/li>\n<\/ul>\n<h3>Utilizzare.<\/h3>\n<p>I dati personali possono essere utilizzati dall&#8217;editore solo ai fini di:<\/p>\n<ul>\n<li>Identificazione personalizzata dell&#8217;acufene.<\/li>\n<li>Creazione e gestione dell&#8217;account utente.<\/li>\n<li>Fornitura di servizi personalizzati.<\/li>\n<li>Accesso al sito web e all&#8217;applicazione e lotta contro le intrusioni e gli abusi.<\/li>\n<li>L&#8217;invio all&#8217;utente di informazioni commerciali e\/o di una newsletter.<\/li>\n<li>Notifiche all&#8217;utente di modifiche al sito web, l&#8217;applicazione, il contenuto e\/o la politica sulla privacy e le condizioni generali.<\/li>\n<li>Analisi statistiche volte a migliorare il contenuto.<\/li>\n<\/ul>\n<h3> <\/h3>\n<h3>Diritti dell&#8217;utente.<\/h3>\n<p>In conformit\u00e0 con la Normativa Applicabile, l&#8217;Utente pu\u00f2 in qualsiasi momento esercitare il suo diritto di:<\/p>\n<ul>\n<li>opporsi alla ricezione della newsletter e\/o delle offerte commerciali dell&#8217;Editore.<\/li>\n<li>accedere e\/o ottenere la rettifica o la cancellazione dei dati personali.<\/li>\n<li>ottenere la cancellazione del suo account utente.<\/li>\n<\/ul>\n<p>informando l&#8217;editore della sua intenzione utilizzando l&#8217;indirizzo e-mail: contact@atinysilence.com. Si prega di specificare: oggetto: personal data<\/p>\n<p>Al fine di preservare la sicurezza e la riservatezza dei Dati Personali, questa richiesta deve essere accompagnata da una prova di identit\u00e0. La credenziale sar\u00e0 distrutta una volta che la richiesta \u00e8 stata elaborata.<\/p>\n<p>In caso di richieste infondate o eccessive, in particolare a causa del loro carattere ripetitivo, l&#8217;Editore si riserva il diritto di fatturare o non dare seguito a qualsiasi richiesta di un Utente successiva a una richiesta debitamente soddisfatta dall&#8217;Editore e relativa allo stesso argomento.<\/p>\n<\/p>\n<h3>Destinatari.<\/h3>\n<p>I Dati Personali forniti al momento dell&#8217;iscrizione dall&#8217;Utente saranno utilizzati solo dall&#8217;Editore e non saranno oggetto di alcun uso commerciale o vendita o cessione a terzi.<\/p>\n<\/p>\n<h3>Conservazione.<\/h3>\n<p>L&#8217;editore conserver\u00e0 i dati personali per tre (3) anni dalla data di sottoscrizione, a meno che non sia necessario rispettare qualsiasi obbligo legale, normativo, contabile o fiscale di conservare i dati personali e pu\u00f2, se del caso, conservarli in forma anonima.<\/p>\n<\/p>\n<h3>Sicurezza.<\/h3>\n<p>L&#8217;Editore implementa tutti i mezzi organizzativi, software, legali, tecnici e fisici per garantire la riservatezza e la sicurezza dei Dati Personali, al fine di evitare il loro danneggiamento, cancellazione o accesso da parte di terzi non autorizzati.<\/p>\n<\/p>\n<h3>Subappalto.<\/h3>\n<p>I dati raccolti possono essere comunicati a subappaltatori contrattualmente responsabili di alcuni compiti. Nell&#8217;esecuzione dei loro servizi, i subappaltatori hanno solo un accesso limitato ai Dati Personali e hanno l&#8217;obbligo contrattuale di utilizzarli in conformit\u00e0 con le disposizioni della legislazione applicabile sulla protezione dei Dati Personali.<\/p>\n<\/p>\n<h3>Portabilit\u00e0 \/ Reversibilit\u00e0.<\/h3>\n<p>In conformit\u00e0 con la Normativa Applicabile, e previa presentazione di un documento d&#8217;identit\u00e0, l&#8217;Utente pu\u00f2 ottenere la reversibilit\u00e0 dei suoi Dati Personali gratuitamente, notificandolo all&#8217;Editore tramite lettera raccomandata con ricevuta di ritorno.<br \/>I Dati Personali saranno restituiti sotto forma di un file informatico standard che sar\u00e0 inviato via e-mail all&#8217;Utente entro un massimo di trenta (30) giorni dalla richiesta.<\/p>\n<\/p>\n<h3>Dati derivati.<\/h3>\n<p>In conformit\u00e0 con la Normativa Applicabile, l&#8217;Utente \u00e8 informato che i Dati Personali che sono derivati, calcolati o creati dall&#8217;Editore dai dati forniti dall&#8217;Utente sono esclusi dal diritto alla portabilit\u00e0, nella misura in cui non sono forniti dall&#8217;Utente, ma creati dall&#8217;Editore.<\/p>\n<\/p>\n<h3>Trasferimento.<\/h3>\n<p>I dati personali sono trattati e conservati nell&#8217;Unione Europea.<\/p>\n<\/p>\n<p>L&#8217;Utente \u00e8 informato che pu\u00f2 contattare la Commission Nationale de l&#8217;Informatique et des Libert\u00e9s: 3 Place de Fontenoy &#8211; TSA 80715 &#8211; 75334 PARIS CEDEX 07.<\/p>\n\t\t\t\t\t\t\t\t<\/div>\n\t\t\t\t<\/div>\n\t\t\t\t\t<\/div>\n\t\t<\/div>\n\t\t\t\t\t<\/div>\n\t\t<\/section>\n\t\t\t\t<\/div>\n\t\t","protected":false},"excerpt":{"rendered":"<p>Politica sulla privacy Definizioni. &#8220;A Tiny Silence&#8221; o &#8220;l&#8217;Editore&#8221; indica &#8220;A Tiny Silence&#8221;, Societ\u00e0 per Azioni semplificata con un capitale di 200 euro, registrata nel Registro del Commercio e delle Societ\u00e0 di Narbonne con il numero 216 455 88 77 e la cui sede legale si trova al 140 rue du Moulinas, Nefs des Sables [&hellip;]<\/p>\n","protected":false},"author":1,"featured_media":0,"parent":0,"menu_order":0,"comment_status":"closed","ping_status":"closed","template":"","meta":{"pmpro_default_level":"","footnotes":""},"class_list":["post-32671","page","type-page","status-publish","hentry","pmpro-has-access"],"_links":{"self":[{"href":"https:\/\/tinnitus-treatments.com\/it\/wp-json\/wp\/v2\/pages\/32671","targetHints":{"allow":["GET"]}}],"collection":[{"href":"https:\/\/tinnitus-treatments.com\/it\/wp-json\/wp\/v2\/pages"}],"about":[{"href":"https:\/\/tinnitus-treatments.com\/it\/wp-json\/wp\/v2\/types\/page"}],"author":[{"embeddable":true,"href":"https:\/\/tinnitus-treatments.com\/it\/wp-json\/wp\/v2\/users\/1"}],"replies":[{"embeddable":true,"href":"https:\/\/tinnitus-treatments.com\/it\/wp-json\/wp\/v2\/comments?post=32671"}],"version-history":[{"count":0,"href":"https:\/\/tinnitus-treatments.com\/it\/wp-json\/wp\/v2\/pages\/32671\/revisions"}],"wp:attachment":[{"href":"https:\/\/tinnitus-treatments.com\/it\/wp-json\/wp\/v2\/media?parent=32671"}],"curies":[{"name":"wp","href":"https:\/\/api.w.org\/{rel}","templated":true}]}}