{"id":36880,"date":"2021-11-15T16:11:26","date_gmt":"2021-11-15T16:11:26","guid":{"rendered":"http:\/\/tinnitus-treatments.com\/shop\/non%20class\u00e9\/silence\/"},"modified":"2025-09-03T19:01:12","modified_gmt":"2025-09-03T19:01:12","slug":"silence","status":"publish","type":"product","link":"https:\/\/tinnitus-treatments.com\/fr\/shop\/therapie-audio\/silence\/","title":{"rendered":"Silence."},"content":{"rendered":"","protected":false},"excerpt":{"rendered":"<h2 style=\"text-align: center;\">Silence.<\/h2>\n<p>Une solution audio personnalis\u00e9e pour le traitement des acouph\u00e8nes chroniques.<\/p>\n<p>Maintenant gratuit pour tous et pour l&rsquo;\u00e9ternit\u00e9.<\/p>\n<p>Vous devez cependant choisir la fr\u00e9quence de votre acouph\u00e8ne avant de continuer.<\/p>\n<p style=\"text-align: center;\"><em>Sachez qu&rsquo;apr\u00e8s le paiement, ce choix ne pourra plus \u00eatre modifi\u00e9.<\/em><\/p>\n","protected":false},"featured_media":39567,"template":"","meta":{"pmpro_default_level":""},"product_brand":[],"product_cat":[203],"product_tag":[],"class_list":{"0":"post-36880","1":"product","2":"type-product","3":"status-publish","4":"has-post-thumbnail","6":"product_cat-therapie-audio","7":"pmpro-has-access","9":"first","10":"instock","11":"sale","12":"sold-individually","13":"shipping-taxable","14":"purchasable","15":"product-type-variable"},"_links":{"self":[{"href":"https:\/\/tinnitus-treatments.com\/fr\/wp-json\/wp\/v2\/product\/36880","targetHints":{"allow":["GET"]}}],"collection":[{"href":"https:\/\/tinnitus-treatments.com\/fr\/wp-json\/wp\/v2\/product"}],"about":[{"href":"https:\/\/tinnitus-treatments.com\/fr\/wp-json\/wp\/v2\/types\/product"}],"wp:featuredmedia":[{"embeddable":true,"href":"https:\/\/tinnitus-treatments.com\/fr\/wp-json\/wp\/v2\/media\/39567"}],"wp:attachment":[{"href":"https:\/\/tinnitus-treatments.com\/fr\/wp-json\/wp\/v2\/media?parent=36880"}],"wp:term":[{"taxonomy":"product_brand","embeddable":true,"href":"https:\/\/tinnitus-treatments.com\/fr\/wp-json\/wp\/v2\/product_brand?post=36880"},{"taxonomy":"product_cat","embeddable":true,"href":"https:\/\/tinnitus-treatments.com\/fr\/wp-json\/wp\/v2\/product_cat?post=36880"},{"taxonomy":"product_tag","embeddable":true,"href":"https:\/\/tinnitus-treatments.com\/fr\/wp-json\/wp\/v2\/product_tag?post=36880"}],"curies":[{"name":"wp","href":"https:\/\/api.w.org\/{rel}","templated":true}]}}