{"id":29541,"date":"2021-08-10T13:44:37","date_gmt":"2021-08-10T13:44:37","guid":{"rendered":"http:\/\/tinnitus-treatments.com\/politique-de-confidentialite\/"},"modified":"2022-02-02T07:12:09","modified_gmt":"2022-02-02T07:12:09","slug":"politique-de-confidentialite","status":"publish","type":"page","link":"https:\/\/tinnitus-treatments.com\/fr\/politique-de-confidentialite\/","title":{"rendered":"Politique de confidentialit\u00e9"},"content":{"rendered":"\t\t<div data-elementor-type=\"wp-page\" data-elementor-id=\"29541\" class=\"elementor elementor-29541 elementor-21384\" data-elementor-post-type=\"page\">\n\t\t\t\t\t\t<section class=\"elementor-section elementor-top-section elementor-element elementor-element-17fbe89 elementor-section-boxed elementor-section-height-default elementor-section-height-default\" data-id=\"17fbe89\" data-element_type=\"section\">\n\t\t\t\t\t\t<div class=\"elementor-container elementor-column-gap-default\">\n\t\t\t\t\t<div class=\"elementor-column elementor-col-50 elementor-top-column elementor-element elementor-element-e17a44a\" data-id=\"e17a44a\" data-element_type=\"column\" data-settings=\"{&quot;background_background&quot;:&quot;classic&quot;}\">\n\t\t\t<div class=\"elementor-widget-wrap elementor-element-populated\">\n\t\t\t\t\t\t<div class=\"elementor-element elementor-element-798d451 elementor-widget elementor-widget-heading\" data-id=\"798d451\" data-element_type=\"widget\" data-widget_type=\"heading.default\">\n\t\t\t\t<div class=\"elementor-widget-container\">\n\t\t\t\t\t<h1 class=\"elementor-heading-title elementor-size-default\">Politique de confidentialit\u00e9<\/h1>\t\t\t\t<\/div>\n\t\t\t\t<\/div>\n\t\t\t\t\t<\/div>\n\t\t<\/div>\n\t\t\t\t<div class=\"elementor-column elementor-col-50 elementor-top-column elementor-element elementor-element-19025b0\" data-id=\"19025b0\" data-element_type=\"column\">\n\t\t\t<div class=\"elementor-widget-wrap elementor-element-populated\">\n\t\t\t\t\t\t<div class=\"elementor-element elementor-element-38eeb6b elementor-widget elementor-widget-image\" data-id=\"38eeb6b\" data-element_type=\"widget\" data-widget_type=\"image.default\">\n\t\t\t\t<div class=\"elementor-widget-container\">\n\t\t\t\t\t\t\t\t\t\t\t\t\t\t\t<img decoding=\"async\" src=\"https:\/\/tinnitus-treatments.com\/wp-content\/uploads\/2021\/10\/tinnitus-audio-therapy.jpg\" title=\"th\u00e9rapie audio acouph\u00e8ne\" alt=\"th\u00e9rapie audio acouph\u00e8ne\" loading=\"lazy\" \/>\t\t\t\t\t\t\t\t\t\t\t\t\t\t\t<\/div>\n\t\t\t\t<\/div>\n\t\t\t\t\t<\/div>\n\t\t<\/div>\n\t\t\t\t\t<\/div>\n\t\t<\/section>\n\t\t\t\t<section class=\"elementor-section elementor-top-section elementor-element elementor-element-9b9f14e elementor-section-boxed elementor-section-height-default elementor-section-height-default\" data-id=\"9b9f14e\" data-element_type=\"section\">\n\t\t\t\t\t\t<div class=\"elementor-container elementor-column-gap-default\">\n\t\t\t\t\t<div class=\"elementor-column elementor-col-100 elementor-top-column elementor-element elementor-element-3c2fd5b\" data-id=\"3c2fd5b\" data-element_type=\"column\">\n\t\t\t<div class=\"elementor-widget-wrap elementor-element-populated\">\n\t\t\t\t\t\t<div class=\"elementor-element elementor-element-920a7a6 elementor-widget elementor-widget-text-editor\" data-id=\"920a7a6\" data-element_type=\"widget\" data-widget_type=\"text-editor.default\">\n\t\t\t\t<div class=\"elementor-widget-container\">\n\t\t\t\t\t\t\t\t\t<h2><strong>D\u00e9finitions.<\/strong><\/h2>\n<p>\u00a0\u00bb A Tiny Silence \u00a0\u00bb ou \u00a0\u00bb l&rsquo;Editeur \u00a0\u00bb d\u00e9signe \u00a0\u00bb A Tiny Silence \u00ab\u00a0, Soci\u00e9t\u00e9 par Actions Simplifi\u00e9e au capital de 200 euros, immatricul\u00e9e au Registre du Commerce et des Soci\u00e9t\u00e9s de Narbonne sous le n\u00b0 216 455 88 77 et dont le si\u00e8ge social est situ\u00e9 140 rue du Moulinas, Nefs des Sables 25K4, 11370 Leucate, France.<\/p>\n<p>\u00ab\u00a0Le ou les sites Internet\u00a0\u00bb d\u00e9signe le ou les sites Internet de l&rsquo;\u00e9diteur accessibles \u00e0 l&rsquo;adresse https:\/\/atinysilence.com et http:\/\/tinnitus-treatments.com.<\/p>\n<p>\u00ab\u00a0Application\u00a0\u00bb d\u00e9signe l&rsquo;application d\u00e9velopp\u00e9e par l&rsquo;Editeur.<\/p>\n<p>\u00ab\u00a0Contenu\u00a0\u00bb d\u00e9signe le contenu du site web et\/ou de l&rsquo;application.<\/p>\n<p>\u00a0\u00bb Utilisateur \u00a0\u00bb d\u00e9signe la ou les personnes physiques qui utilisent le Site Internet et\/ou l&rsquo;Application.<\/p>\n<p>\u00a0\u00bb Compte Utilisateur \u00a0\u00bb d\u00e9signe le compte cr\u00e9\u00e9 lors de l&rsquo;inscription d&rsquo;un utilisateur.<\/p>\n<p>\u00a0\u00bb Donn\u00e9es Personnelles \u00a0\u00bb d\u00e9signe les informations personnelles permettant d&rsquo;identifier l&rsquo;Utilisateur.<\/p>\n<\/p>\n<h2><strong>Donn\u00e9es personnelles.<\/strong><\/h2>\n<p>Les Donn\u00e9es Personnelles sont collect\u00e9es et trait\u00e9es par l&rsquo;\u00c9diteur conform\u00e9ment aux dispositions du R\u00e8glement UE n\u00b0 2016\/679 du 27 avril 2016, dit \u00a0\u00bb GDPR \u00ab\u00a0, (le \u00a0\u00bb R\u00e8glement Applicable \u00ab\u00a0).<\/p>\n<p>Les Donn\u00e9es Personnelles collect\u00e9es sont, lors de la cr\u00e9ation d&rsquo;un Compte Utilisateur :<\/p>\n<ul>\n<li>la fr\u00e9quence des acouph\u00e8nes choisie par l&rsquo;utilisateur,<\/li>\n<li>nom d&rsquo;utilisateur,<\/li>\n<li>code d&rsquo;acc\u00e8s,<\/li>\n<li>adresse \u00e9lectronique,<\/li>\n<li>la date et l&rsquo;heure de la cr\u00e9ation.<\/li>\n<\/ul>\n<h3>Utilisation.<\/h3>\n<p>Les donn\u00e9es personnelles ne peuvent \u00eatre utilis\u00e9es par l&rsquo;\u00e9diteur qu&rsquo;aux fins suivantes :<\/p>\n<ul>\n<li>Identification personnalis\u00e9e des acouph\u00e8nes.<\/li>\n<li>Cr\u00e9ation et gestion du compte utilisateur.<\/li>\n<li>Fourniture de services personnalis\u00e9s.<\/li>\n<li>Acc\u00e8s au site web et \u00e0 l&rsquo;application et lutte contre les intrusions et les abus.<\/li>\n<li>Envoyer \u00e0 l&rsquo;utilisateur des informations commerciales et\/ou une newsletter.<\/li>\n<li>Notifications \u00e0 l&rsquo;Utilisateur des modifications apport\u00e9es au Site, \u00e0 l&rsquo;Application, au Contenu et\/ou \u00e0 la Politique de Confidentialit\u00e9 et aux Conditions G\u00e9n\u00e9rales .<\/li>\n<li>Analyses statistiques visant \u00e0 am\u00e9liorer le contenu.<\/li>\n<\/ul>\n<h3> <\/h3>\n<h3>Droits de l&rsquo;utilisateur.<\/h3>\n<p>Conform\u00e9ment \u00e0 la R\u00e9glementation Applicable, l&rsquo;Utilisateur peut \u00e0 tout moment exercer son droit \u00e0 :<\/p>\n<ul>\n<li>s&rsquo;opposer \u00e0 la r\u00e9ception de la newsletter et\/ou des offres commerciales de l&rsquo;Editeur.<\/li>\n<li>acc\u00e9der et\/ou obtenir la rectification ou l&rsquo;effacement des donn\u00e9es personnelles.<\/li>\n<li>obtenir la suppression de son compte d&rsquo;utilisateur.<\/li>\n<\/ul>\n<p>en informant l&rsquo;\u00e9diteur de son intention \u00e0 l&rsquo;adresse suivante : contact@atinysilence.com. Veuillez pr\u00e9ciser : objet : donn\u00e9es personnelles<\/p>\n<p>Afin de pr\u00e9server la s\u00e9curit\u00e9 et la confidentialit\u00e9 des Donn\u00e9es Personnelles, cette demande doit \u00eatre accompagn\u00e9e d&rsquo;une preuve d&rsquo;identit\u00e9. L&rsquo;identifiant sera d\u00e9truit une fois la demande trait\u00e9e.<\/p>\n<p>En cas de demandes infond\u00e9es ou excessives, notamment en raison de leur caract\u00e8re r\u00e9p\u00e9titif, l&rsquo;Editeur se r\u00e9serve le droit de facturer ou de ne pas donner suite \u00e0 toute demande d&rsquo;un Utilisateur post\u00e9rieure \u00e0 une demande d\u00fbment satisfaite par l&rsquo;Editeur et portant sur le m\u00eame objet.<\/p>\n<\/p>\n<h3>B\u00e9n\u00e9ficiaires.<\/h3>\n<p>Les Donn\u00e9es Personnelles fournies lors de l&rsquo;inscription par l&rsquo;Utilisateur seront utilis\u00e9es uniquement par l&rsquo;Editeur et ne feront l&rsquo;objet d&rsquo;aucune utilisation commerciale ou vente ou cession \u00e0 des tiers.<\/p>\n<\/p>\n<h3>Conservation.<\/h3>\n<p>L&rsquo;\u00c9diteur conservera les Donn\u00e9es Personnelles pendant trois (3) ans \u00e0 compter de la date de souscription, sauf n\u00e9cessit\u00e9 de respecter une obligation l\u00e9gale, r\u00e9glementaire, comptable ou fiscale de conservation des Donn\u00e9es Personnelles et pourra, le cas \u00e9ch\u00e9ant, les conserver sous forme anonymis\u00e9e.<\/p>\n<\/p>\n<h3>S\u00e9curit\u00e9.<\/h3>\n<p>L&rsquo;\u00c9diteur met en \u0153uvre tous les moyens organisationnels, logiciels, juridiques, techniques et physiques pour assurer la confidentialit\u00e9 et la s\u00e9curit\u00e9 des Donn\u00e9es Personnelles, afin d&#8217;emp\u00eacher leur endommagement, effacement ou acc\u00e8s par des tiers non autoris\u00e9s.<\/p>\n<\/p>\n<h3>Sous-traitance.<\/h3>\n<p>Les donn\u00e9es collect\u00e9es peuvent \u00eatre communiqu\u00e9es \u00e0 des sous-traitants charg\u00e9s contractuellement de certaines t\u00e2ches. Dans le cadre de l&rsquo;ex\u00e9cution de leurs services, les sous-traitants n&rsquo;ont qu&rsquo;un acc\u00e8s limit\u00e9 aux Donn\u00e9es Personnelles et ont l&rsquo;obligation contractuelle de les utiliser conform\u00e9ment aux dispositions de la l\u00e9gislation applicable en mati\u00e8re de protection des Donn\u00e9es Personnelles.<\/p>\n<\/p>\n<h3>Portabilit\u00e9 \/ R\u00e9versibilit\u00e9.<\/h3>\n<p>Conform\u00e9ment \u00e0 la R\u00e9glementation Applicable, et sous r\u00e9serve de justifier de son identit\u00e9, l&rsquo;Utilisateur peut obtenir gratuitement la r\u00e9versibilit\u00e9 de ses Donn\u00e9es Personnelles en le notifiant \u00e0 l&rsquo;\u00c9diteur par lettre recommand\u00e9e avec accus\u00e9 de r\u00e9ception.<br \/>Les Donn\u00e9es Personnelles seront restitu\u00e9es sous la forme d&rsquo;un fichier informatique standard qui sera envoy\u00e9 par email \u00e0 l&rsquo;Utilisateur dans un d\u00e9lai maximum de trente (30) jours \u00e0 compter de la demande.<\/p>\n<\/p>\n<h3>Donn\u00e9es d\u00e9riv\u00e9es.<\/h3>\n<p>Conform\u00e9ment \u00e0 la R\u00e9glementation Applicable, l&rsquo;Utilisateur est inform\u00e9 que les Donn\u00e9es Personnelles qui sont d\u00e9riv\u00e9es, calcul\u00e9es ou cr\u00e9\u00e9es par l&rsquo;Editeur \u00e0 partir des donn\u00e9es fournies par l&rsquo;Utilisateur sont exclues du droit \u00e0 la portabilit\u00e9, dans la mesure o\u00f9 elles ne sont pas fournies par l&rsquo;Utilisateur, mais cr\u00e9\u00e9es par l&rsquo;Editeur.<\/p>\n<\/p>\n<h3>Transfert.<\/h3>\n<p>Les donn\u00e9es personnelles sont trait\u00e9es et stock\u00e9es dans l&rsquo;Union europ\u00e9enne.<\/p>\n<\/p>\n<p>L&rsquo;Utilisateur est inform\u00e9 qu&rsquo;il peut contacter la Commission Nationale de l&rsquo;Informatique et des Libert\u00e9s : 3 Place de Fontenoy &#8211; TSA 80715 &#8211; 75334 PARIS CEDEX 07.<\/p>\n\t\t\t\t\t\t\t\t<\/div>\n\t\t\t\t<\/div>\n\t\t\t\t\t<\/div>\n\t\t<\/div>\n\t\t\t\t\t<\/div>\n\t\t<\/section>\n\t\t\t\t<\/div>\n\t\t","protected":false},"excerpt":{"rendered":"<p>Politique de confidentialit\u00e9 D\u00e9finitions. \u00a0\u00bb A Tiny Silence \u00a0\u00bb ou \u00a0\u00bb l&rsquo;Editeur \u00a0\u00bb d\u00e9signe \u00a0\u00bb A Tiny Silence \u00ab\u00a0, Soci\u00e9t\u00e9 par Actions Simplifi\u00e9e au capital de 200 euros, immatricul\u00e9e au Registre du Commerce et des Soci\u00e9t\u00e9s de Narbonne sous le n\u00b0 216 455 88 77 et dont le si\u00e8ge social est situ\u00e9 140 rue du [&hellip;]<\/p>\n","protected":false},"author":1,"featured_media":0,"parent":0,"menu_order":0,"comment_status":"closed","ping_status":"closed","template":"","meta":{"pmpro_default_level":"","footnotes":""},"class_list":["post-29541","page","type-page","status-publish","hentry","pmpro-has-access"],"_links":{"self":[{"href":"https:\/\/tinnitus-treatments.com\/fr\/wp-json\/wp\/v2\/pages\/29541","targetHints":{"allow":["GET"]}}],"collection":[{"href":"https:\/\/tinnitus-treatments.com\/fr\/wp-json\/wp\/v2\/pages"}],"about":[{"href":"https:\/\/tinnitus-treatments.com\/fr\/wp-json\/wp\/v2\/types\/page"}],"author":[{"embeddable":true,"href":"https:\/\/tinnitus-treatments.com\/fr\/wp-json\/wp\/v2\/users\/1"}],"replies":[{"embeddable":true,"href":"https:\/\/tinnitus-treatments.com\/fr\/wp-json\/wp\/v2\/comments?post=29541"}],"version-history":[{"count":0,"href":"https:\/\/tinnitus-treatments.com\/fr\/wp-json\/wp\/v2\/pages\/29541\/revisions"}],"wp:attachment":[{"href":"https:\/\/tinnitus-treatments.com\/fr\/wp-json\/wp\/v2\/media?parent=29541"}],"curies":[{"name":"wp","href":"https:\/\/api.w.org\/{rel}","templated":true}]}}