{"id":29376,"date":"2021-08-10T14:17:32","date_gmt":"2021-08-10T14:17:32","guid":{"rendered":"http:\/\/tinnitus-treatments.com\/votre-acouphene\/"},"modified":"2025-09-03T20:59:36","modified_gmt":"2025-09-03T20:59:36","slug":"votre-acouphene","status":"publish","type":"page","link":"https:\/\/tinnitus-treatments.com\/fr\/votre-acouphene\/","title":{"rendered":"Votre Acouph\u00e8ne"},"content":{"rendered":"\t\t<div data-elementor-type=\"wp-page\" data-elementor-id=\"29376\" class=\"elementor elementor-29376 elementor-21404\" data-elementor-post-type=\"page\">\n\t\t\t\t\t\t<section class=\"elementor-section elementor-top-section elementor-element elementor-element-3f00417 elementor-section-boxed elementor-section-height-default elementor-section-height-default\" data-id=\"3f00417\" data-element_type=\"section\">\n\t\t\t\t\t\t<div class=\"elementor-container elementor-column-gap-default\">\n\t\t\t\t\t<div class=\"elementor-column elementor-col-50 elementor-top-column elementor-element elementor-element-365bbb0\" data-id=\"365bbb0\" data-element_type=\"column\" data-settings=\"{&quot;background_background&quot;:&quot;gradient&quot;}\">\n\t\t\t<div class=\"elementor-widget-wrap elementor-element-populated\">\n\t\t\t\t\t\t<div class=\"elementor-element elementor-element-5ebfa2a elementor-widget elementor-widget-heading\" data-id=\"5ebfa2a\" data-element_type=\"widget\" data-widget_type=\"heading.default\">\n\t\t\t\t<div class=\"elementor-widget-container\">\n\t\t\t\t\t<h1 class=\"elementor-heading-title elementor-size-default\">Votre Acouph\u00e8ne<\/h1>\t\t\t\t<\/div>\n\t\t\t\t<\/div>\n\t\t\t\t\t<\/div>\n\t\t<\/div>\n\t\t\t\t<div class=\"elementor-column elementor-col-50 elementor-top-column elementor-element elementor-element-ce7d1f4\" data-id=\"ce7d1f4\" data-element_type=\"column\">\n\t\t\t<div class=\"elementor-widget-wrap elementor-element-populated\">\n\t\t\t\t\t\t<div class=\"elementor-element elementor-element-c3a6d4a animated-slow elementor-widget elementor-widget-image\" data-id=\"c3a6d4a\" data-element_type=\"widget\" data-settings=\"{&quot;_animation&quot;:&quot;none&quot;,&quot;_animation_delay&quot;:0}\" data-widget_type=\"image.default\">\n\t\t\t\t<div class=\"elementor-widget-container\">\n\t\t\t\t\t\t\t\t\t\t\t\t\t\t\t<img decoding=\"async\" src=\"https:\/\/tinnitus-treatments.com\/wp-content\/uploads\/2021\/08\/tinnitus-sound-treatment-01-1024x140-1.png\" title=\"Traitement audio de l&rsquo;acouph\u00e8ne\" alt=\"Traitement audio de l&#039;acouph\u00e8ne\" loading=\"lazy\" \/>\t\t\t\t\t\t\t\t\t\t\t\t\t\t\t<\/div>\n\t\t\t\t<\/div>\n\t\t\t\t\t<\/div>\n\t\t<\/div>\n\t\t\t\t\t<\/div>\n\t\t<\/section>\n\t\t\t\t<section class=\"elementor-section elementor-top-section elementor-element elementor-element-8e1913b elementor-section-boxed elementor-section-height-default elementor-section-height-default\" data-id=\"8e1913b\" data-element_type=\"section\">\n\t\t\t\t\t\t<div class=\"elementor-container elementor-column-gap-default\">\n\t\t\t\t\t<div class=\"elementor-column elementor-col-50 elementor-top-column elementor-element elementor-element-2c6dc9d\" data-id=\"2c6dc9d\" data-element_type=\"column\" data-settings=\"{&quot;background_background&quot;:&quot;classic&quot;}\">\n\t\t\t<div class=\"elementor-widget-wrap elementor-element-populated\">\n\t\t\t\t\t\t<div class=\"elementor-element elementor-element-bd56b5e elementor-widget elementor-widget-image\" data-id=\"bd56b5e\" data-element_type=\"widget\" data-widget_type=\"image.default\">\n\t\t\t\t<div class=\"elementor-widget-container\">\n\t\t\t\t\t\t\t\t\t\t\t\t\t\t\t<img fetchpriority=\"high\" decoding=\"async\" width=\"300\" height=\"203\" src=\"https:\/\/tinnitus-treatments.com\/wp-content\/uploads\/2021\/09\/your-tinnitus-400-300x203.png\" class=\"attachment-medium size-medium wp-image-29378\" alt=\"Votre acouph\u00e8ne\" srcset=\"https:\/\/tinnitus-treatments.com\/wp-content\/uploads\/2021\/09\/your-tinnitus-400-300x203.png 300w, https:\/\/tinnitus-treatments.com\/wp-content\/uploads\/2021\/09\/your-tinnitus-400.png 400w\" sizes=\"(max-width: 300px) 100vw, 300px\" \/>\t\t\t\t\t\t\t\t\t\t\t\t\t\t\t<\/div>\n\t\t\t\t<\/div>\n\t\t\t\t\t<\/div>\n\t\t<\/div>\n\t\t\t\t<div class=\"elementor-column elementor-col-50 elementor-top-column elementor-element elementor-element-020357e\" data-id=\"020357e\" data-element_type=\"column\">\n\t\t\t<div class=\"elementor-widget-wrap elementor-element-populated\">\n\t\t\t\t\t\t<div class=\"elementor-element elementor-element-c0107c2 elementor-widget elementor-widget-text-editor\" data-id=\"c0107c2\" data-element_type=\"widget\" data-widget_type=\"text-editor.default\">\n\t\t\t\t<div class=\"elementor-widget-container\">\n\t\t\t\t\t\t\t\t\t<p>Pour gu\u00e9rir vos acouph\u00e8nes, il est tr\u00e8s important d&rsquo;avoir une id\u00e9e aussi pr\u00e9cise que possible de tous leurs aspects.<\/p>\n<p>Le contr\u00f4le de vos acouph\u00e8nes doit inclure non seulement les aspects auditifs mais aussi les aspects psychologiques et \u00e9motionnels.<\/p>\n<p><strong>Deux voies compl\u00e9mentaires<\/strong> sont couramment utilis\u00e9es \u00e0 cet effet :<\/p>\n<ul>\n<li>Les mesures audio.<\/li>\n<li>Les questionnaires sur les acouph\u00e8nes.<\/li>\n<\/ul>\n\t\t\t\t\t\t\t\t<\/div>\n\t\t\t\t<\/div>\n\t\t\t\t\t<\/div>\n\t\t<\/div>\n\t\t\t\t\t<\/div>\n\t\t<\/section>\n\t\t\t\t<section class=\"elementor-section elementor-top-section elementor-element elementor-element-b3d9b39 elementor-section-boxed elementor-section-height-default elementor-section-height-default\" data-id=\"b3d9b39\" data-element_type=\"section\">\n\t\t\t\t\t\t<div class=\"elementor-container elementor-column-gap-default\">\n\t\t\t\t\t<div class=\"elementor-column elementor-col-100 elementor-top-column elementor-element elementor-element-425caea\" data-id=\"425caea\" data-element_type=\"column\">\n\t\t\t<div class=\"elementor-widget-wrap elementor-element-populated\">\n\t\t\t\t\t\t<div class=\"elementor-element elementor-element-134f1d3 elementor-widget elementor-widget-text-editor\" data-id=\"134f1d3\" data-element_type=\"widget\" data-widget_type=\"text-editor.default\">\n\t\t\t\t<div class=\"elementor-widget-container\">\n\t\t\t\t\t\t\t\t\t<ul>\n<li><strong>Les mesures audio<\/strong> sont importantes, car elles vous donnent des informations physiques sur vos acouph\u00e8nes. Mais elles ne refl\u00e8tent pas de mani\u00e8re fiable le degr\u00e9 d&rsquo;intensit\u00e9 des acouph\u00e8nes d&rsquo;un individu \u00e0 l&rsquo;autre. C&rsquo;est le r\u00f4le d&rsquo;un questionnaire.<\/li>\n<li><strong>Les questionnaires<\/strong> permettent de quantifier la s\u00e9v\u00e9rit\u00e9 des acouph\u00e8nes et de mesurer l&rsquo;\u00e9volution du handicap acouph\u00e9nique dans le temps. Il existe plusieurs questionnaires diff\u00e9rents, chacun se concentrant davantage sur certains aspects.<\/li>\n<\/ul>\n\t\t\t\t\t\t\t\t<\/div>\n\t\t\t\t<\/div>\n\t\t\t\t\t<\/div>\n\t\t<\/div>\n\t\t\t\t\t<\/div>\n\t\t<\/section>\n\t\t\t\t<section class=\"elementor-section elementor-top-section elementor-element elementor-element-e1235a6 elementor-section-boxed elementor-section-height-default elementor-section-height-default\" data-id=\"e1235a6\" data-element_type=\"section\">\n\t\t\t\t\t\t<div class=\"elementor-container elementor-column-gap-default\">\n\t\t\t\t\t<div class=\"elementor-column elementor-col-100 elementor-top-column elementor-element elementor-element-0c301f0\" data-id=\"0c301f0\" data-element_type=\"column\">\n\t\t\t<div class=\"elementor-widget-wrap elementor-element-populated\">\n\t\t\t\t\t\t<div class=\"elementor-element elementor-element-e1c53a1 elementor-widget-divider--view-line elementor-widget elementor-widget-divider\" data-id=\"e1c53a1\" data-element_type=\"widget\" data-widget_type=\"divider.default\">\n\t\t\t\t<div class=\"elementor-widget-container\">\n\t\t\t\t\t\t\t<div class=\"elementor-divider\">\n\t\t\t<span class=\"elementor-divider-separator\">\n\t\t\t\t\t\t<\/span>\n\t\t<\/div>\n\t\t\t\t\t\t<\/div>\n\t\t\t\t<\/div>\n\t\t\t\t\t<\/div>\n\t\t<\/div>\n\t\t\t\t\t<\/div>\n\t\t<\/section>\n\t\t\t\t<section class=\"elementor-section elementor-top-section elementor-element elementor-element-ee84286 elementor-section-boxed elementor-section-height-default elementor-section-height-default\" data-id=\"ee84286\" data-element_type=\"section\">\n\t\t\t\t\t\t<div class=\"elementor-container elementor-column-gap-default\">\n\t\t\t\t\t<div class=\"elementor-column elementor-col-100 elementor-top-column elementor-element elementor-element-95eba8c\" data-id=\"95eba8c\" data-element_type=\"column\">\n\t\t\t<div class=\"elementor-widget-wrap elementor-element-populated\">\n\t\t\t\t\t\t<div class=\"elementor-element elementor-element-5862492 elementor-widget elementor-widget-text-editor\" data-id=\"5862492\" data-element_type=\"widget\" data-widget_type=\"text-editor.default\">\n\t\t\t\t<div class=\"elementor-widget-container\">\n\t\t\t\t\t\t\t\t\t<p>Dans la plupart des cas, l&rsquo;acouph\u00e8ne est per\u00e7u comme un bruit constant.<\/p>\n<p>Cela signifie qu&rsquo;il peut \u00eatre d\u00e9crit par certains param\u00e8tres physiques, le plus important d&rsquo;entre eux \u00e9tant la fr\u00e9quence.<\/p>\n<p>En jouant un son \u00e0 une fr\u00e9quence fixe et en le comparant \u00e0 votre acouph\u00e8ne, vous devriez \u00eatre en mesure d&rsquo;identifier la fr\u00e9quence de ce dernier.<\/p>\n\t\t\t\t\t\t\t\t<\/div>\n\t\t\t\t<\/div>\n\t\t\t\t\t<\/div>\n\t\t<\/div>\n\t\t\t\t\t<\/div>\n\t\t<\/section>\n\t\t\t\t<section class=\"elementor-section elementor-top-section elementor-element elementor-element-16f24d2 elementor-section-boxed elementor-section-height-default elementor-section-height-default\" data-id=\"16f24d2\" data-element_type=\"section\" data-settings=\"{&quot;background_background&quot;:&quot;classic&quot;}\">\n\t\t\t\t\t\t<div class=\"elementor-container elementor-column-gap-default\">\n\t\t\t\t\t<div class=\"elementor-column elementor-col-100 elementor-top-column elementor-element elementor-element-5d4910d\" data-id=\"5d4910d\" data-element_type=\"column\" data-settings=\"{&quot;background_background&quot;:&quot;classic&quot;}\">\n\t\t\t<div class=\"elementor-widget-wrap elementor-element-populated\">\n\t\t\t\t\t<div class=\"elementor-background-overlay\"><\/div>\n\t\t\t\t\t\t<div class=\"elementor-element elementor-element-065b9e9 elementor-widget elementor-widget-text-editor\" data-id=\"065b9e9\" data-element_type=\"widget\" data-widget_type=\"text-editor.default\">\n\t\t\t\t<div class=\"elementor-widget-container\">\n\t\t\t\t\t\t\t\t\t<h2>Utilisez notre lecteur pour identifier la fr\u00e9quence de votre acouph\u00e8ne<\/h2>\n\t\t\t\t\t\t\t\t<\/div>\n\t\t\t\t<\/div>\n\t\t\t\t\t<\/div>\n\t\t<\/div>\n\t\t\t\t\t<\/div>\n\t\t<\/section>\n\t\t\t\t<section class=\"elementor-section elementor-top-section elementor-element elementor-element-3e6f132 elementor-section-boxed elementor-section-height-default elementor-section-height-default\" data-id=\"3e6f132\" data-element_type=\"section\">\n\t\t\t\t\t\t<div class=\"elementor-container elementor-column-gap-default\">\n\t\t\t\t\t<div class=\"elementor-column elementor-col-100 elementor-top-column elementor-element elementor-element-69509a6\" data-id=\"69509a6\" data-element_type=\"column\">\n\t\t\t<div class=\"elementor-widget-wrap elementor-element-populated\">\n\t\t\t\t\t\t<div class=\"elementor-element elementor-element-744d304 elementor-widget elementor-widget-text-editor\" data-id=\"744d304\" data-element_type=\"widget\" data-widget_type=\"text-editor.default\">\n\t\t\t\t<div class=\"elementor-widget-container\">\n\t\t\t\t\t\t\t\t\t<p>Le lecteur audio que nous utilisons a besoin de quelques secondes pour s&rsquo;initialiser.<\/p>\n\t\t\t\t\t\t\t\t<\/div>\n\t\t\t\t<\/div>\n\t\t\t\t<div class=\"elementor-element elementor-element-7e6f4c6 elementor-align-center elementor-widget elementor-widget-button\" data-id=\"7e6f4c6\" data-element_type=\"widget\" data-widget_type=\"button.default\">\n\t\t\t\t<div class=\"elementor-widget-container\">\n\t\t\t\t\t\t\t\t\t<div class=\"elementor-button-wrapper\">\n\t\t\t\t\t<a class=\"elementor-button elementor-button-link elementor-size-sm\" href=\"#elementor-action%3Aaction%3Dpopup%3Aopen%26settings%3DeyJpZCI6Mjk1NTAsInRvZ2dsZSI6ZmFsc2V9\">\n\t\t\t\t\t\t<span class=\"elementor-button-content-wrapper\">\n\t\t\t\t\t\t<span class=\"elementor-button-icon\">\n\t\t\t\t<i aria-hidden=\"true\" class=\"fas fa-long-arrow-alt-right\"><\/i>\t\t\t<\/span>\n\t\t\t\t\t\t\t\t\t<span class=\"elementor-button-text\">Comment utiliser le lecteur<\/span>\n\t\t\t\t\t<\/span>\n\t\t\t\t\t<\/a>\n\t\t\t\t<\/div>\n\t\t\t\t\t\t\t\t<\/div>\n\t\t\t\t<\/div>\n\t\t\t\t\t<\/div>\n\t\t<\/div>\n\t\t\t\t\t<\/div>\n\t\t<\/section>\n\t\t\t\t<section class=\"elementor-section elementor-top-section elementor-element elementor-element-2f7888c elementor-section-boxed elementor-section-height-default elementor-section-height-default\" data-id=\"2f7888c\" data-element_type=\"section\">\n\t\t\t\t\t\t<div class=\"elementor-container elementor-column-gap-default\">\n\t\t\t\t\t<div class=\"elementor-column elementor-col-100 elementor-top-column elementor-element elementor-element-88ae333\" data-id=\"88ae333\" data-element_type=\"column\">\n\t\t\t<div class=\"elementor-widget-wrap elementor-element-populated\">\n\t\t\t\t\t\t<div class=\"elementor-element elementor-element-444f8bc elementor-widget elementor-widget-text-editor\" data-id=\"444f8bc\" data-element_type=\"widget\" data-widget_type=\"text-editor.default\">\n\t\t\t\t<div class=\"elementor-widget-container\">\n\t\t\t\t\t\t\t\t\t<p><script type='text\/javascript'>document.addEventListener('DOMContentLoaded', function(event) {FWDRAPUtils.checkIfHasTransofrms();new FWDRAP({instanceName:'fwdrapPlayer0',parentId:'fwdrapDiv0',playlistsId:'fwdrapMainPlaylistFrancais',mainFolderPath:'https:\/\/tinnitus-treatments.com\/wp-content\/plugins\/fwdrap\/content',skinPath:'modern_skin_white',showMainScrubberAndVolumeScrubberToolTipLabel:'yes',scrubbersToolTipLabelBackgroundColor:'#0200d2',scrubbersToolTipLabelFontColor:'#ffffff',atbTimeTextColorNormal:'#888888',atbTimeTextColorSelected:'#ffffff',atbButtonTextNormalColor:'#888888',atbButtonTextSelectedColor:'#ffffff',atbButtonBackgroundNormalColor:'#ffffff',atbButtonBackgroundSelectedColor:'#000000',googleAnalyticsTrackingCode:'',playIfLoggedIn:'no',playIfLoggedInMessage:\"Please login to play the track.\",showSoundCloudUserNameInTitle:'no',proxyCors:'',soundCloudAPIKey:'',youtubeAPIKey:'',useYoutube:'no',useVideo:'no',openPopupOnPlay:'no',initializeOnlyWhenVisible:'no',showPlaybackRateButton:'no',randomizePlaylist:'no',defaultPlaybackRate:'1',playlistSelectorHeight:37,playbackRateWindowTextColor:'#000000',playTrackAfterPlaylistLoad:'no',startAtRandomTrack:'no',showFullScreenButton:'no',useHEXColorsForSkin:'no',normalHEXButtonsColor:'#07a9f4',normalHEXButtonsColor2:'#0200d2',playlistLoop:'no',useContinuousPlayback:'no',useVectorIcons:'no',useDeepLinking:'no',rightClickContextMenu:'disabled',showButtonsToolTips:'yes',autoPlay:'no',loop:'yes',shuffle:'no',maxWidth:700,volume:0.4,toolTipsButtonsHideDelay:1,toolTipsButtonsBackgroundColor:'#ffffff',toolTipsButtonFontColor:'#5a5a5a',animateOnIntro:'no',showNextAndPrevButtons:'yes',disableAudioScrubbar:'no',showThumbnail:'yes',showLoopButton:'yes',showShuffleButton:'no',showDownloadMp3Button:'no',showShareButton:'no',showBuyButton:'no',addKeyboardSupport:'no',expandBackground:'no',titleColor:'#0b0bf9',timeColor:'#0200d2',controllerHeight:76,startSpaceBetweenButtons:9,spaceBetweenButtons:8,separatorOffsetOutSpace:5,separatorOffsetInSpace:9,lastButtonsOffsetTop:14,allButtonsOffsetTopAndBottom:14,titleBarOffsetTop:13,mainScrubberOffsetTop:47,spaceBetweenMainScrubberAndTime:10,startTimeSpace:10,scrubbersOffsetWidth:2,scrubbersOffestTotalWidth:0,volumeButtonAndScrubberOffsetTop:47,spaceBetweenVolumeButtonAndScrubber:6,volumeScrubberOffestWidth:4,scrubberOffsetBottom:10,playbackRateButtonsMargins:7,showPlaylistsButtonAndPlaylists:'no',showPlaylistsSearchInput:'no',usePlaylistsSelectBox:'no',mainSelectorBackgroundSelectedColor:'#00bde5',mainSelectorTextNormalColor:'#ffffff',mainSelectorTextSelectedColor:'#000000',mainButtonTextNormalColor:'#0200d2',mainButtonTextSelectedColor:'#ffffff',showPlaylistsSelectBoxNumbers:'no',showPlaylistsByDefault:'no',thumbnailSelectedType:'blackAndWhite',startAtPlaylist:0,startAtTrack:21,buttonsMargins:7,thumbnailMaxWidth:330,thumbnailMaxHeight:330,horizontalSpaceBetweenThumbnails:40,verticalSpaceBetweenThumbnails:40,showPlayListButtonAndPlaylist:'yes',showPlayListOnMobile:'yes',showPlayListByDefault:'yes',showPlaylistItemPlayButton:'yes',showPlaylistItemDownloadButton:'no',showPlaylistItemBuyButton:'no',forceDisableDownloadButtonForPodcast:'no',forceDisableDownloadButtonForFolder:'yes',addScrollBarMouseWheelSupport:'yes',showTracksNumbers:'yes',playlistBackgroundColor:'#ffffff',trackTitleNormalColor:'#888888',trackTitleSelectedColor:'#000000',trackDurationColor:'#888888',playlistItemHeight:33,maxPlaylistItems:100,nrOfVisiblePlaylistItems:3,trackTitleOffsetLeft:0,playPauseButtonOffsetLeftAndRight:11,durationOffsetRight:9,downloadButtonOffsetRight:11,borderColor:'#333333',secondaryLabelsColor:'#a1a1a1',textColor:'#5a5a5a',inputBackgroundColor:'#000000',inputColor:'#ffffff',privatePassword:'428c841430ea18a70f7b06525d4b748a',borderColor:'#333333',secondaryLabelsColor:'#a1a1a1',textColor:'#5a5a5a',inputBackgroundColor:'#000000',inputColor:'#ffffff',scrollbarOffestWidth:7,showPopupButton:'no',popupWindowBackgroundColor:'#878787',popupWindowWidth:790,popupWindowHeight:483,showSearchBar:'no',showSortButtons:'no',searchInputColor:'#999999',searchBarHeight:38,inputSearchTextOffsetTop:1,inputSearchOffsetLeft:0,useVisualizer:'no',visualizerRandomPreset:'no',visualizerPreset:'bars1',visualizerColor:['#666666','#777777','#888888','#999999','#aaaaaa'],visualizerCapColor:'#ffffff'})});<\/script><div id='fwdrapDiv0'><\/div><ul id='fwdrapMainPlaylistFrancais' style='display:none;'><li data-source='folder:francais'' data-playlist-name='Francais' data-thumbnail-path='http:\/\/tinnitus-treatments.com\/wp-content\/uploads\/2020\/06\/logo-tinnitus-treatments-512.jpg'><\/li><\/ul><\/p>\n\t\t\t\t\t\t\t\t<\/div>\n\t\t\t\t<\/div>\n\t\t\t\t\t<\/div>\n\t\t<\/div>\n\t\t\t\t\t<\/div>\n\t\t<\/section>\n\t\t\t\t<section class=\"elementor-section elementor-top-section elementor-element elementor-element-198e952 elementor-section-boxed elementor-section-height-default elementor-section-height-default\" data-id=\"198e952\" data-element_type=\"section\">\n\t\t\t\t\t\t<div class=\"elementor-container elementor-column-gap-default\">\n\t\t\t\t\t<div class=\"elementor-column elementor-col-100 elementor-top-column elementor-element elementor-element-3a5b966\" data-id=\"3a5b966\" data-element_type=\"column\">\n\t\t\t<div class=\"elementor-widget-wrap elementor-element-populated\">\n\t\t\t\t\t\t<div class=\"elementor-element elementor-element-c099d75 elementor-widget elementor-widget-heading\" data-id=\"c099d75\" data-element_type=\"widget\" data-widget_type=\"heading.default\">\n\t\t\t\t<div class=\"elementor-widget-container\">\n\t\t\t\t\t<h2 class=\"elementor-heading-title elementor-size-default\">Et commencez votre th\u00e9rapie !<\/h2>\t\t\t\t<\/div>\n\t\t\t\t<\/div>\n\t\t\t\t\t<\/div>\n\t\t<\/div>\n\t\t\t\t\t<\/div>\n\t\t<\/section>\n\t\t\t\t<section class=\"elementor-section elementor-top-section elementor-element elementor-element-30908d4 elementor-section-boxed elementor-section-height-default elementor-section-height-default\" data-id=\"30908d4\" data-element_type=\"section\" data-settings=\"{&quot;background_background&quot;:&quot;classic&quot;}\">\n\t\t\t\t\t\t<div class=\"elementor-container elementor-column-gap-default\">\n\t\t\t\t\t<div class=\"elementor-column elementor-col-100 elementor-top-column elementor-element elementor-element-2b36234\" data-id=\"2b36234\" data-element_type=\"column\" data-settings=\"{&quot;background_background&quot;:&quot;classic&quot;}\">\n\t\t\t<div class=\"elementor-widget-wrap elementor-element-populated\">\n\t\t\t\t\t\t<div class=\"elementor-element elementor-element-e94ede9 elementor-widget elementor-widget-price-table\" data-id=\"e94ede9\" data-element_type=\"widget\" data-widget_type=\"price-table.default\">\n\t\t\t\t<div class=\"elementor-widget-container\">\n\t\t\t\t\t\n\t\t<div class=\"elementor-price-table\">\n\t\t\t\t\t\t\t<div class=\"elementor-price-table__header\">\n\t\t\t\t\t\t\t\t\t\t\t<h3 class=\"elementor-price-table__heading\">\n\t\t\t\t\t\tSILENCE.\t\t\t\t\t\t<\/h3>\n\t\t\t\t\t\n\t\t\t\t\t\t\t\t\t\t\t<span class=\"elementor-price-table__subheading\">\n\t\t\t\t\t\t\tVotre th\u00e9rapie audio \u00e0 vie\t\t\t\t\t\t<\/span>\n\t\t\t\t\t\t\t\t\t<\/div>\n\t\t\t\n\t\t\t<div class=\"elementor-price-table__price\">\n\t\t\t\t\t\t\t\t<span class=\"elementor-price-table__currency\">&#128;<\/span>\t\t\t\t\t\t\t\t\t<span class=\"elementor-price-table__integer-part\">\n\t\t\t\t\t\t0\t\t\t\t\t<\/span>\n\t\t\t\t\n\t\t\t\t\t\t\t\t\t<div class=\"elementor-price-table__after-price\">\n\t\t\t\t\t\t<span class=\"elementor-price-table__fractional-part\">\n\t\t\t\t\t\t\t00\t\t\t\t\t\t<\/span>\n\n\t\t\t\t\t\t\t\t\t\t\t<\/div>\n\t\t\t\t\n\t\t\t\t\n\t\t\t\t\t\t\t\t\t<span class=\"elementor-price-table__period elementor-typo-excluded\">Pour l'\u00e9ternit\u00e9.<\/span>\t\t\t\t\t\t\t<\/div>\n\n\t\t\t\t\t\t\t<ul class=\"elementor-price-table__features-list\">\n\t\t\t\t\t\t\t\t\t\t\t<li class=\"elementor-repeater-item-c152236\">\n\t\t\t\t\t\t\t<div class=\"elementor-price-table__feature-inner\">\n\t\t\t\t\t\t\t\t<i aria-hidden=\"true\" class=\"far fa-check-circle\"><\/i>\t\t\t\t\t\t\t\t\t\t\t\t\t\t\t\t\t<span >\n\t\t\t\t\t\t\t\t\t\tBlog et conseils\t\t\t\t\t\t\t\t\t<\/span>\n\t\t\t\t\t\t\t\t\t\t\t\t\t\t\t\t<\/div>\n\t\t\t\t\t\t<\/li>\n\t\t\t\t\t\t\t\t\t\t\t<li class=\"elementor-repeater-item-e4e4802\">\n\t\t\t\t\t\t\t<div class=\"elementor-price-table__feature-inner\">\n\t\t\t\t\t\t\t\t<i aria-hidden=\"true\" class=\"far fa-check-circle\"><\/i>\t\t\t\t\t\t\t\t\t\t\t\t\t\t\t\t\t<span >\n\t\t\t\t\t\t\t\t\t\tVotre th\u00e9rapie audio personnalis\u00e9e\t\t\t\t\t\t\t\t\t<\/span>\n\t\t\t\t\t\t\t\t\t\t\t\t\t\t\t\t<\/div>\n\t\t\t\t\t\t<\/li>\n\t\t\t\t\t\t\t\t\t\t\t<li class=\"elementor-repeater-item-29efde1\">\n\t\t\t\t\t\t\t<div class=\"elementor-price-table__feature-inner\">\n\t\t\t\t\t\t\t\t<i aria-hidden=\"true\" class=\"far fa-check-circle\"><\/i>\t\t\t\t\t\t\t\t\t\t\t\t\t\t\t\t\t<span >\n\t\t\t\t\t\t\t\t\t\tExercices de relaxation & respiration\t\t\t\t\t\t\t\t\t<\/span>\n\t\t\t\t\t\t\t\t\t\t\t\t\t\t\t\t<\/div>\n\t\t\t\t\t\t<\/li>\n\t\t\t\t\t\t\t\t\t\t\t<li class=\"elementor-repeater-item-cfd78a1\">\n\t\t\t\t\t\t\t<div class=\"elementor-price-table__feature-inner\">\n\t\t\t\t\t\t\t\t<i aria-hidden=\"true\" class=\"far fa-check-circle\"><\/i>\t\t\t\t\t\t\t\t\t\t\t\t\t\t\t\t\t<span >\n\t\t\t\t\t\t\t\t\t\tMises \u00e0 jour illimit\u00e9es\t\t\t\t\t\t\t\t\t<\/span>\n\t\t\t\t\t\t\t\t\t\t\t\t\t\t\t\t<\/div>\n\t\t\t\t\t\t<\/li>\n\t\t\t\t\t\t\t\t\t<\/ul>\n\t\t\t\n\t\t\t\t\t\t\t<div class=\"elementor-price-table__footer\">\n\t\t\t\t\t\t\t\t\t\t\t<a class=\"elementor-price-table__button elementor-button elementor-size-md\" href=\"http:\/\/tinnitus-treatments.com\/fr\/votre-therapie-2\/\">\n\t\t\t\t\t\t\tCommencer.\t\t\t\t\t\t<\/a>\n\t\t\t\t\t\n\t\t\t\t\t\t\t\t\t<\/div>\n\t\t\t\t\t<\/div>\n\n\t\t\t\t\t\t<\/div>\n\t\t\t\t<\/div>\n\t\t\t\t\t<\/div>\n\t\t<\/div>\n\t\t\t\t\t<\/div>\n\t\t<\/section>\n\t\t\t\t<\/div>\n\t\t","protected":false},"excerpt":{"rendered":"<p>Votre Acouph\u00e8ne Pour gu\u00e9rir vos acouph\u00e8nes, il est tr\u00e8s important d&rsquo;avoir une id\u00e9e aussi pr\u00e9cise que possible de tous leurs aspects. Le contr\u00f4le de vos acouph\u00e8nes doit inclure non seulement les aspects auditifs mais aussi les aspects psychologiques et \u00e9motionnels. Deux voies compl\u00e9mentaires sont couramment utilis\u00e9es \u00e0 cet effet : Les mesures audio. Les questionnaires [&hellip;]<\/p>\n","protected":false},"author":1,"featured_media":0,"parent":0,"menu_order":0,"comment_status":"closed","ping_status":"closed","template":"","meta":{"pmpro_default_level":"","footnotes":""},"class_list":["post-29376","page","type-page","status-publish","hentry","pmpro-has-access"],"_links":{"self":[{"href":"https:\/\/tinnitus-treatments.com\/fr\/wp-json\/wp\/v2\/pages\/29376","targetHints":{"allow":["GET"]}}],"collection":[{"href":"https:\/\/tinnitus-treatments.com\/fr\/wp-json\/wp\/v2\/pages"}],"about":[{"href":"https:\/\/tinnitus-treatments.com\/fr\/wp-json\/wp\/v2\/types\/page"}],"author":[{"embeddable":true,"href":"https:\/\/tinnitus-treatments.com\/fr\/wp-json\/wp\/v2\/users\/1"}],"replies":[{"embeddable":true,"href":"https:\/\/tinnitus-treatments.com\/fr\/wp-json\/wp\/v2\/comments?post=29376"}],"version-history":[{"count":3,"href":"https:\/\/tinnitus-treatments.com\/fr\/wp-json\/wp\/v2\/pages\/29376\/revisions"}],"predecessor-version":[{"id":43069,"href":"https:\/\/tinnitus-treatments.com\/fr\/wp-json\/wp\/v2\/pages\/29376\/revisions\/43069"}],"wp:attachment":[{"href":"https:\/\/tinnitus-treatments.com\/fr\/wp-json\/wp\/v2\/media?parent=29376"}],"curies":[{"name":"wp","href":"https:\/\/api.w.org\/{rel}","templated":true}]}}