{"id":29313,"date":"2021-09-05T18:48:18","date_gmt":"2021-09-05T18:48:18","guid":{"rendered":"http:\/\/tinnitus-treatments.com\/_pmp-niveaux-dadhesion\/"},"modified":"2021-12-08T16:23:18","modified_gmt":"2021-12-08T16:23:18","slug":"_pmp-niveaux-dadhesion","status":"publish","type":"page","link":"https:\/\/tinnitus-treatments.com\/fr\/_pmp-niveaux-dadhesion\/","title":{"rendered":"_PMP Niveaux d&rsquo;Adh\u00e9sion"},"content":{"rendered":"\t\t<div data-elementor-type=\"wp-page\" data-elementor-id=\"29313\" class=\"elementor elementor-29313 elementor-23990\" data-elementor-post-type=\"page\">\n\t\t\t\t\t\t<section class=\"elementor-section elementor-top-section elementor-element elementor-element-4bb59cc elementor-section-boxed elementor-section-height-default elementor-section-height-default\" data-id=\"4bb59cc\" data-element_type=\"section\">\n\t\t\t\t\t\t<div class=\"elementor-container elementor-column-gap-default\">\n\t\t\t\t\t<div class=\"elementor-column elementor-col-50 elementor-top-column elementor-element elementor-element-dd9a481\" data-id=\"dd9a481\" data-element_type=\"column\" data-settings=\"{&quot;background_background&quot;:&quot;classic&quot;}\">\n\t\t\t<div class=\"elementor-widget-wrap elementor-element-populated\">\n\t\t\t\t\t\t<div class=\"elementor-element elementor-element-8e2e8a3 elementor-widget elementor-widget-heading\" data-id=\"8e2e8a3\" data-element_type=\"widget\" data-widget_type=\"heading.default\">\n\t\t\t\t<div class=\"elementor-widget-container\">\n\t\t\t\t\t<h1 class=\"elementor-heading-title elementor-size-default\">Niveaux d'Adh\u00e9sion<\/h1>\t\t\t\t<\/div>\n\t\t\t\t<\/div>\n\t\t\t\t\t<\/div>\n\t\t<\/div>\n\t\t\t\t<div class=\"elementor-column elementor-col-50 elementor-top-column elementor-element elementor-element-b44e91c\" data-id=\"b44e91c\" data-element_type=\"column\">\n\t\t\t<div class=\"elementor-widget-wrap elementor-element-populated\">\n\t\t\t\t\t\t<div class=\"elementor-element elementor-element-e0fc43b elementor-widget elementor-widget-image\" data-id=\"e0fc43b\" data-element_type=\"widget\" data-widget_type=\"image.default\">\n\t\t\t\t<div class=\"elementor-widget-container\">\n\t\t\t\t\t\t\t\t\t\t\t\t\t\t\t<img decoding=\"async\" src=\"https:\/\/tinnitus-treatments.com\/wp-content\/uploads\/2021\/10\/tinnitus-sound-therapy.jpg\" title=\"Acouph\u00e8ne th\u00e9rapie sonore\" alt=\"Acouph\u00e8ne th\u00e9rapie sonore\" loading=\"lazy\" \/>\t\t\t\t\t\t\t\t\t\t\t\t\t\t\t<\/div>\n\t\t\t\t<\/div>\n\t\t\t\t\t<\/div>\n\t\t<\/div>\n\t\t\t\t\t<\/div>\n\t\t<\/section>\n\t\t\t\t<section class=\"elementor-section elementor-top-section elementor-element elementor-element-e2772e2 elementor-section-boxed elementor-section-height-default elementor-section-height-default\" data-id=\"e2772e2\" data-element_type=\"section\">\n\t\t\t\t\t\t<div class=\"elementor-container elementor-column-gap-default\">\n\t\t\t\t\t<div class=\"elementor-column elementor-col-100 elementor-top-column elementor-element elementor-element-e8d6272\" data-id=\"e8d6272\" data-element_type=\"column\">\n\t\t\t<div class=\"elementor-widget-wrap elementor-element-populated\">\n\t\t\t\t\t\t<div class=\"elementor-element elementor-element-39cd889 elementor-widget elementor-widget-heading\" data-id=\"39cd889\" data-element_type=\"widget\" data-widget_type=\"heading.default\">\n\t\t\t\t<div class=\"elementor-widget-container\">\n\t\t\t\t\t<h2 class=\"elementor-heading-title elementor-size-default\">Cr\u00e9er Votre Compte<\/h2>\t\t\t\t<\/div>\n\t\t\t\t<\/div>\n\t\t\t\t<div class=\"elementor-element elementor-element-bedc2a2 elementor-widget elementor-widget-heading\" data-id=\"bedc2a2\" data-element_type=\"widget\" data-widget_type=\"heading.default\">\n\t\t\t\t<div class=\"elementor-widget-container\">\n\t\t\t\t\t<h2 class=\"elementor-heading-title elementor-size-default\">Pas encore inscrit ?<\/h2>\t\t\t\t<\/div>\n\t\t\t\t<\/div>\n\t\t\t\t<div class=\"elementor-element elementor-element-4f2f808 elementor-widget elementor-widget-text-editor\" data-id=\"4f2f808\" data-element_type=\"widget\" data-widget_type=\"text-editor.default\">\n\t\t\t\t<div class=\"elementor-widget-container\">\n\t\t\t\t\t\t\t\t\t<p>Pour cr\u00e9er un compte, vous devez d&rsquo;abord identifier la fr\u00e9quence de votre acouph\u00e8ne.<\/p>\n<p>Rendez-vous sur la page sur la page <a href=\"http:\/\/tinnitus-treatments.com\/fr\/votre-therapie-2\/\">Votre th\u00e9rapie<\/a>.<\/p>\n\t\t\t\t\t\t\t\t<\/div>\n\t\t\t\t<\/div>\n\t\t\t\t\t<\/div>\n\t\t<\/div>\n\t\t\t\t\t<\/div>\n\t\t<\/section>\n\t\t\t\t<\/div>\n\t\t","protected":false},"excerpt":{"rendered":"<p>Niveaux d&rsquo;Adh\u00e9sion Cr\u00e9er Votre Compte Pas encore inscrit ? Pour cr\u00e9er un compte, vous devez d&rsquo;abord identifier la fr\u00e9quence de votre acouph\u00e8ne. Rendez-vous sur la page sur la page Votre th\u00e9rapie. Votre Niveau Vous \u00eates inscrit au niveau payant.<\/p>\n","protected":false},"author":1,"featured_media":0,"parent":0,"menu_order":0,"comment_status":"closed","ping_status":"closed","template":"","meta":{"pmpro_default_level":"","footnotes":""},"class_list":["post-29313","page","type-page","status-publish","hentry","pmpro-has-access"],"_links":{"self":[{"href":"https:\/\/tinnitus-treatments.com\/fr\/wp-json\/wp\/v2\/pages\/29313","targetHints":{"allow":["GET"]}}],"collection":[{"href":"https:\/\/tinnitus-treatments.com\/fr\/wp-json\/wp\/v2\/pages"}],"about":[{"href":"https:\/\/tinnitus-treatments.com\/fr\/wp-json\/wp\/v2\/types\/page"}],"author":[{"embeddable":true,"href":"https:\/\/tinnitus-treatments.com\/fr\/wp-json\/wp\/v2\/users\/1"}],"replies":[{"embeddable":true,"href":"https:\/\/tinnitus-treatments.com\/fr\/wp-json\/wp\/v2\/comments?post=29313"}],"version-history":[{"count":0,"href":"https:\/\/tinnitus-treatments.com\/fr\/wp-json\/wp\/v2\/pages\/29313\/revisions"}],"wp:attachment":[{"href":"https:\/\/tinnitus-treatments.com\/fr\/wp-json\/wp\/v2\/media?parent=29313"}],"curies":[{"name":"wp","href":"https:\/\/api.w.org\/{rel}","templated":true}]}}