{"id":28262,"date":"2021-08-10T13:30:53","date_gmt":"2021-08-10T13:30:53","guid":{"rendered":"http:\/\/tinnitus-treatments.com\/notched-music-therapy\/"},"modified":"2022-02-02T17:40:13","modified_gmt":"2022-02-02T17:40:13","slug":"notched-audio-therapy","status":"publish","type":"page","link":"https:\/\/tinnitus-treatments.com\/fr\/notched-audio-therapy\/","title":{"rendered":"Notched Audio Therapy"},"content":{"rendered":"\t\t<div data-elementor-type=\"wp-page\" data-elementor-id=\"28262\" class=\"elementor elementor-28262 elementor-21369\" data-elementor-post-type=\"page\">\n\t\t\t\t\t\t<section class=\"elementor-section elementor-top-section elementor-element elementor-element-79376e6 elementor-section-boxed elementor-section-height-default elementor-section-height-default\" data-id=\"79376e6\" data-element_type=\"section\">\n\t\t\t\t\t\t<div class=\"elementor-container elementor-column-gap-default\">\n\t\t\t\t\t<div class=\"elementor-column elementor-col-50 elementor-top-column elementor-element elementor-element-6e3d2b8\" data-id=\"6e3d2b8\" data-element_type=\"column\" data-settings=\"{&quot;background_background&quot;:&quot;classic&quot;}\">\n\t\t\t<div class=\"elementor-widget-wrap elementor-element-populated\">\n\t\t\t\t\t\t<div class=\"elementor-element elementor-element-da3f179 elementor-widget elementor-widget-heading\" data-id=\"da3f179\" data-element_type=\"widget\" data-widget_type=\"heading.default\">\n\t\t\t\t<div class=\"elementor-widget-container\">\n\t\t\t\t\t<h1 class=\"elementor-heading-title elementor-size-default\">Notched Audio Therapy<\/h1>\t\t\t\t<\/div>\n\t\t\t\t<\/div>\n\t\t\t\t\t<\/div>\n\t\t<\/div>\n\t\t\t\t<div class=\"elementor-column elementor-col-50 elementor-top-column elementor-element elementor-element-660505a\" data-id=\"660505a\" data-element_type=\"column\">\n\t\t\t<div class=\"elementor-widget-wrap elementor-element-populated\">\n\t\t\t\t\t\t<div class=\"elementor-element elementor-element-96b9185 elementor-widget elementor-widget-image\" data-id=\"96b9185\" data-element_type=\"widget\" data-widget_type=\"image.default\">\n\t\t\t\t<div class=\"elementor-widget-container\">\n\t\t\t\t\t\t\t\t\t\t\t\t\t\t\t<img decoding=\"async\" src=\"https:\/\/tinnitus-treatments.com\/wp-content\/uploads\/2021\/10\/tinnitus-audio-therapy.jpg\" title=\"th\u00e9rapie audio acouph\u00e8ne\" alt=\"th\u00e9rapie audio acouph\u00e8ne\" loading=\"lazy\" \/>\t\t\t\t\t\t\t\t\t\t\t\t\t\t\t<\/div>\n\t\t\t\t<\/div>\n\t\t\t\t\t<\/div>\n\t\t<\/div>\n\t\t\t\t\t<\/div>\n\t\t<\/section>\n\t\t\t\t<section class=\"elementor-section elementor-top-section elementor-element elementor-element-9684862 elementor-section-boxed elementor-section-height-default elementor-section-height-default\" data-id=\"9684862\" data-element_type=\"section\" data-settings=\"{&quot;background_background&quot;:&quot;classic&quot;}\">\n\t\t\t\t\t\t<div class=\"elementor-container elementor-column-gap-default\">\n\t\t\t\t\t<div class=\"elementor-column elementor-col-100 elementor-top-column elementor-element elementor-element-63178fc\" data-id=\"63178fc\" data-element_type=\"column\" data-settings=\"{&quot;background_background&quot;:&quot;classic&quot;}\">\n\t\t\t<div class=\"elementor-widget-wrap elementor-element-populated\">\n\t\t\t\t\t<div class=\"elementor-background-overlay\"><\/div>\n\t\t\t\t\t\t<div class=\"elementor-element elementor-element-78cffad elementor-widget elementor-widget-heading\" data-id=\"78cffad\" data-element_type=\"widget\" data-widget_type=\"heading.default\">\n\t\t\t\t<div class=\"elementor-widget-container\">\n\t\t\t\t\t<h2 class=\"elementor-heading-title elementor-size-default\">Comment fonctionne la th\u00e9rapie ...<\/h2>\t\t\t\t<\/div>\n\t\t\t\t<\/div>\n\t\t\t\t\t<\/div>\n\t\t<\/div>\n\t\t\t\t\t<\/div>\n\t\t<\/section>\n\t\t\t\t<section class=\"elementor-section elementor-top-section elementor-element elementor-element-4c9e1be elementor-section-boxed elementor-section-height-default elementor-section-height-default\" data-id=\"4c9e1be\" data-element_type=\"section\">\n\t\t\t\t\t\t<div class=\"elementor-container elementor-column-gap-default\">\n\t\t\t\t\t<div class=\"elementor-column elementor-col-100 elementor-top-column elementor-element elementor-element-e4c48a0\" data-id=\"e4c48a0\" data-element_type=\"column\">\n\t\t\t<div class=\"elementor-widget-wrap elementor-element-populated\">\n\t\t\t\t\t\t<div class=\"elementor-element elementor-element-1d5450a elementor-widget elementor-widget-text-editor\" data-id=\"1d5450a\" data-element_type=\"widget\" data-widget_type=\"text-editor.default\">\n\t\t\t\t<div class=\"elementor-widget-container\">\n\t\t\t\t\t\t\t\t\t<p>Les scientifiques s&rsquo;accordent d\u00e9sormais \u00e0 dire que la compr\u00e9hension et donc le traitement des acouph\u00e8nes n\u00e9cessitent une approche globale dans laquelle l&rsquo;oreille et le syst\u00e8me nerveux central doivent \u00eatre consid\u00e9r\u00e9s ensemble.<\/p>\n<p>Dans la plupart des cas, les acouph\u00e8nes semblent \u00eatre un son cr\u00e9\u00e9 par erreur par le cerveau pour compenser une perte d&rsquo;audition. Plus pr\u00e9cis\u00e9ment, la l\u00e9sion des cellules auditives entra\u00eene la synchronisation des neurones impliqu\u00e9s dans l&rsquo;audition par un m\u00e9canisme de compensation, qui va recr\u00e9er la sensation auditive de la fr\u00e9quence l\u00e9s\u00e9e.<\/p>\n<p>La plasticit\u00e9 c\u00e9r\u00e9brale est la capacit\u00e9 des circuits neuronaux du cerveau \u00e0 se modifier, dans un sens ou dans l&rsquo;autre. Dans le cas de circuits c\u00e9r\u00e9braux endommag\u00e9s, cela nous permet d&rsquo;esp\u00e9rer un retour, au moins partiel, vers l&rsquo;\u00e9tat initial.<\/p>\n\t\t\t\t\t\t\t\t<\/div>\n\t\t\t\t<\/div>\n\t\t\t\t<section class=\"elementor-section elementor-inner-section elementor-element elementor-element-988d6a0 elementor-section-boxed elementor-section-height-default elementor-section-height-default\" data-id=\"988d6a0\" data-element_type=\"section\">\n\t\t\t\t\t\t<div class=\"elementor-container elementor-column-gap-default\">\n\t\t\t\t\t<div class=\"elementor-column elementor-col-50 elementor-inner-column elementor-element elementor-element-fc31f9d\" data-id=\"fc31f9d\" data-element_type=\"column\">\n\t\t\t<div class=\"elementor-widget-wrap elementor-element-populated\">\n\t\t\t\t\t\t<div class=\"elementor-element elementor-element-626757d elementor-widget elementor-widget-text-editor\" data-id=\"626757d\" data-element_type=\"widget\" data-widget_type=\"text-editor.default\">\n\t\t\t\t<div class=\"elementor-widget-container\">\n\t\t\t\t\t\t\t\t\t<p>Le processus audio consistant \u00e0 diminuer ou \u00e0 annuler le volume dans une certaine bande de fr\u00e9quences est appel\u00e9 \u00ab\u00a0notch\u00a0\u00bb.\u00a0 Les sons ainsi trait\u00e9s sont appel\u00e9s sons \u00ab\u00a0notch\u00e9s\u00a0\u00bb.<\/p>\n<p>Voici une repr\u00e9sentation visuelle d&rsquo;un son \u00ab\u00a0notch\u00e9\u00a0\u00bb : sur l&rsquo;\u00e9chelle horizontale, la fr\u00e9quence des basses (graves) \u00e0 gauche, aux hautes fr\u00e9quences (aigus) \u00e0 droite ; sur l&rsquo;\u00e9chelle verticale, l&rsquo;intensit\u00e9 ou le volume.<\/p>\n<p>En haut : le son initial, en bas : le son \u00ab\u00a0notch\u00e9\u00a0\u00bb.<\/p>\n\t\t\t\t\t\t\t\t<\/div>\n\t\t\t\t<\/div>\n\t\t\t\t\t<\/div>\n\t\t<\/div>\n\t\t\t\t<div class=\"elementor-column elementor-col-50 elementor-inner-column elementor-element elementor-element-7b54dd5\" data-id=\"7b54dd5\" data-element_type=\"column\">\n\t\t\t<div class=\"elementor-widget-wrap elementor-element-populated\">\n\t\t\t\t\t\t<div class=\"elementor-element elementor-element-4ea5840 elementor-widget elementor-widget-image\" data-id=\"4ea5840\" data-element_type=\"widget\" data-widget_type=\"image.default\">\n\t\t\t\t<div class=\"elementor-widget-container\">\n\t\t\t\t\t\t\t\t\t\t\t\t\t\t\t<img fetchpriority=\"high\" decoding=\"async\" width=\"500\" height=\"212\" src=\"https:\/\/tinnitus-treatments.com\/wp-content\/uploads\/2022\/01\/tinnitus-sound-audio-therapy.jpg\" class=\"attachment-full size-full wp-image-39843\" alt=\"acouph\u00e8nes - th\u00e9rapie audio\" srcset=\"https:\/\/tinnitus-treatments.com\/wp-content\/uploads\/2022\/01\/tinnitus-sound-audio-therapy.jpg 500w, https:\/\/tinnitus-treatments.com\/wp-content\/uploads\/2022\/01\/tinnitus-sound-audio-therapy-300x127.jpg 300w\" sizes=\"(max-width: 500px) 100vw, 500px\" \/>\t\t\t\t\t\t\t\t\t\t\t\t\t\t\t<\/div>\n\t\t\t\t<\/div>\n\t\t\t\t<div class=\"elementor-element elementor-element-ad79d57 elementor-widget elementor-widget-image\" data-id=\"ad79d57\" data-element_type=\"widget\" data-widget_type=\"image.default\">\n\t\t\t\t<div class=\"elementor-widget-container\">\n\t\t\t\t\t\t\t\t\t\t\t\t\t\t\t<img decoding=\"async\" width=\"500\" height=\"211\" src=\"https:\/\/tinnitus-treatments.com\/wp-content\/uploads\/2022\/01\/tinnitus-notched-audio-therapy.jpg\" class=\"attachment-full size-full wp-image-39835\" alt=\"acouph\u00e8ne notched audio therapy\" srcset=\"https:\/\/tinnitus-treatments.com\/wp-content\/uploads\/2022\/01\/tinnitus-notched-audio-therapy.jpg 500w, https:\/\/tinnitus-treatments.com\/wp-content\/uploads\/2022\/01\/tinnitus-notched-audio-therapy-300x127.jpg 300w\" sizes=\"(max-width: 500px) 100vw, 500px\" \/>\t\t\t\t\t\t\t\t\t\t\t\t\t\t\t<\/div>\n\t\t\t\t<\/div>\n\t\t\t\t\t<\/div>\n\t\t<\/div>\n\t\t\t\t\t<\/div>\n\t\t<\/section>\n\t\t\t\t<div class=\"elementor-element elementor-element-f836cd3 elementor-widget elementor-widget-text-editor\" data-id=\"f836cd3\" data-element_type=\"widget\" data-widget_type=\"text-editor.default\">\n\t\t\t\t<div class=\"elementor-widget-container\">\n\t\t\t\t\t\t\t\t\t<p>La \u00ab\u00a0Notched Audio Therapy\u00a0\u00bb consiste en l&rsquo;\u00e9coute r\u00e9guli\u00e8re de sons qui ont \u00e9t\u00e9 \u00ab\u00a0notch\u00e9s\u00a0\u00bb sur une bande de fr\u00e9quence centr\u00e9e sur la fr\u00e9quence de l&rsquo;acouph\u00e8ne.<\/p>\n<p>L&rsquo;\u00e9coute de sons \u00ab\u00a0notch\u00e9s\u00a0\u00bb en fonction de la fr\u00e9quence de votre acouph\u00e8ne permet d&rsquo;inverser les circuits neuronaux d\u00e9fectueux de votre cerveau et, par cons\u00e9quent, de diminuer le volume de votre acouph\u00e8ne.<\/p>\n<p>Ces techniques de traitement du son permettent des am\u00e9liorations significatives dans plus de 70% des cas, et conduisent \u00e0 une disparition compl\u00e8te dans environ 25% des cas.<\/p>\n\t\t\t\t\t\t\t\t<\/div>\n\t\t\t\t<\/div>\n\t\t\t\t<div class=\"elementor-element elementor-element-b716978 elementor-align-center elementor-widget elementor-widget-button\" data-id=\"b716978\" data-element_type=\"widget\" data-widget_type=\"button.default\">\n\t\t\t\t<div class=\"elementor-widget-container\">\n\t\t\t\t\t\t\t\t\t<div class=\"elementor-button-wrapper\">\n\t\t\t\t\t<a class=\"elementor-button elementor-button-link elementor-size-sm\" href=\"http:\/\/tinnitus-treatments.com\/fr\/votre-therapie-2\/\">\n\t\t\t\t\t\t<span class=\"elementor-button-content-wrapper\">\n\t\t\t\t\t\t<span class=\"elementor-button-icon\">\n\t\t\t\t<i aria-hidden=\"true\" class=\"fas fa-long-arrow-alt-right\"><\/i>\t\t\t<\/span>\n\t\t\t\t\t\t\t\t\t<span class=\"elementor-button-text\">Essayer .<\/span>\n\t\t\t\t\t<\/span>\n\t\t\t\t\t<\/a>\n\t\t\t\t<\/div>\n\t\t\t\t\t\t\t\t<\/div>\n\t\t\t\t<\/div>\n\t\t\t\t\t<\/div>\n\t\t<\/div>\n\t\t\t\t\t<\/div>\n\t\t<\/section>\n\t\t\t\t<section class=\"elementor-section elementor-top-section elementor-element elementor-element-09065a9 elementor-section-boxed elementor-section-height-default elementor-section-height-default\" data-id=\"09065a9\" data-element_type=\"section\" data-settings=\"{&quot;background_background&quot;:&quot;classic&quot;}\">\n\t\t\t\t\t\t<div class=\"elementor-container elementor-column-gap-default\">\n\t\t\t\t\t<div class=\"elementor-column elementor-col-100 elementor-top-column elementor-element elementor-element-aee9ff4\" data-id=\"aee9ff4\" data-element_type=\"column\" data-settings=\"{&quot;background_background&quot;:&quot;classic&quot;}\">\n\t\t\t<div class=\"elementor-widget-wrap elementor-element-populated\">\n\t\t\t\t\t<div class=\"elementor-background-overlay\"><\/div>\n\t\t\t\t\t\t<div class=\"elementor-element elementor-element-ce0cbb8 elementor-widget elementor-widget-heading\" data-id=\"ce0cbb8\" data-element_type=\"widget\" data-widget_type=\"heading.default\">\n\t\t\t\t<div class=\"elementor-widget-container\">\n\t\t\t\t\t<h2 class=\"elementor-heading-title elementor-size-default\">Notched Audio Therapy<\/h2>\t\t\t\t<\/div>\n\t\t\t\t<\/div>\n\t\t\t\t\t<\/div>\n\t\t<\/div>\n\t\t\t\t\t<\/div>\n\t\t<\/section>\n\t\t\t\t<section class=\"elementor-section elementor-top-section elementor-element elementor-element-3c38c94 elementor-section-boxed elementor-section-height-default elementor-section-height-default\" data-id=\"3c38c94\" data-element_type=\"section\">\n\t\t\t\t\t\t<div class=\"elementor-container elementor-column-gap-default\">\n\t\t\t\t\t<div class=\"elementor-column elementor-col-100 elementor-top-column elementor-element elementor-element-969bbb6\" data-id=\"969bbb6\" data-element_type=\"column\">\n\t\t\t<div class=\"elementor-widget-wrap elementor-element-populated\">\n\t\t\t\t\t\t<div class=\"elementor-element elementor-element-e45aa09 elementor-widget elementor-widget-text-editor\" data-id=\"e45aa09\" data-element_type=\"widget\" data-widget_type=\"text-editor.default\">\n\t\t\t\t<div class=\"elementor-widget-container\">\n\t\t\t\t\t\t\t\t\t<p>Voici un r\u00e9sum\u00e9 d&rsquo;une publication scientifique d\u00e9taillant le fonctionnement de la Notched Audio Therapy et son application dans des conditions r\u00e9elles.<\/p>\n<p>Article complet disponible <a href=\"https:\/\/www.pnas.org\/content\/pnas\/107\/3\/1207.full.pdf\" target=\"_blank\" rel=\"noopener\">ici<\/a> (en Anglais).<\/p>\n<p><strong>La r\u00e9organisation du cortex auditif endommag\u00e9 peut contribuer \u00e0 la diminution jusqu&rsquo;\u00e0 disparition des acouph\u00e8nes.<\/strong><\/p>\n<p>Parce que l\u2019organisation du cortex auditif peut \u00eatre modifi\u00e9e par des actions de formation comportementale, nous avons essay\u00e9 de r\u00e9duire l\u2019intensit\u00e9 de l\u2019acouph\u00e8ne en exposant les patients atteints d\u2019acouph\u00e8nes chroniques \u00e0 de la musique qui a \u00e9t\u00e9 modifi\u00e9e (\u00ab\u00a0notched\u00a0\u00bb) pour ne pas contenir d\u2019\u00e9nergie dans une plage de fr\u00e9quence centr\u00e9e sur la fr\u00e9quence de l&rsquo;acouph\u00e8ne.<\/p>\n<p>Apr\u00e8s 12 mois d\u2019\u00e9coute r\u00e9guli\u00e8re, le groupe de patients cible (n = 8) a montr\u00e9 une r\u00e9duction significative de l\u2019intensit\u00e9 sonore subjective des acouph\u00e8nes et, en m\u00eame temps, une diminution de l\u2019activit\u00e9 correspondante dans les zones du cortex auditif concern\u00e9es, par rapport aux patients qui avaient re\u00e7u un &lsquo;placebo musical&rsquo; (n = 8).<\/p>\n<p><strong>Ces r\u00e9sultats indiquent que l\u2019intensit\u00e9 sonore des acouph\u00e8nes peut \u00eatre consid\u00e9rablement diminu\u00e9e par un traitement musical peu co\u00fbteux et personnalis\u00e9, qui am\u00e8nera \u00e0 une r\u00e9organisation du cortex auditif.<\/strong><\/p>\n\t\t\t\t\t\t\t\t<\/div>\n\t\t\t\t<\/div>\n\t\t\t\t\t<\/div>\n\t\t<\/div>\n\t\t\t\t\t<\/div>\n\t\t<\/section>\n\t\t\t\t<\/div>\n\t\t","protected":false},"excerpt":{"rendered":"<p>Notched Audio Therapy Comment fonctionne la th\u00e9rapie &#8230; Les scientifiques s&rsquo;accordent d\u00e9sormais \u00e0 dire que la compr\u00e9hension et donc le traitement des acouph\u00e8nes n\u00e9cessitent une approche globale dans laquelle l&rsquo;oreille et le syst\u00e8me nerveux central doivent \u00eatre consid\u00e9r\u00e9s ensemble. Dans la plupart des cas, les acouph\u00e8nes semblent \u00eatre un son cr\u00e9\u00e9 par erreur par le [&hellip;]<\/p>\n","protected":false},"author":1,"featured_media":0,"parent":0,"menu_order":0,"comment_status":"closed","ping_status":"closed","template":"","meta":{"pmpro_default_level":"","footnotes":""},"class_list":["post-28262","page","type-page","status-publish","hentry","pmpro-has-access"],"_links":{"self":[{"href":"https:\/\/tinnitus-treatments.com\/fr\/wp-json\/wp\/v2\/pages\/28262","targetHints":{"allow":["GET"]}}],"collection":[{"href":"https:\/\/tinnitus-treatments.com\/fr\/wp-json\/wp\/v2\/pages"}],"about":[{"href":"https:\/\/tinnitus-treatments.com\/fr\/wp-json\/wp\/v2\/types\/page"}],"author":[{"embeddable":true,"href":"https:\/\/tinnitus-treatments.com\/fr\/wp-json\/wp\/v2\/users\/1"}],"replies":[{"embeddable":true,"href":"https:\/\/tinnitus-treatments.com\/fr\/wp-json\/wp\/v2\/comments?post=28262"}],"version-history":[{"count":0,"href":"https:\/\/tinnitus-treatments.com\/fr\/wp-json\/wp\/v2\/pages\/28262\/revisions"}],"wp:attachment":[{"href":"https:\/\/tinnitus-treatments.com\/fr\/wp-json\/wp\/v2\/media?parent=28262"}],"curies":[{"name":"wp","href":"https:\/\/api.w.org\/{rel}","templated":true}]}}