{"id":37056,"date":"2021-11-15T16:11:26","date_gmt":"2021-11-15T16:11:26","guid":{"rendered":"http:\/\/tinnitus-treatments.com\/shop\/sin%20categor\u00eda\/silence\/"},"modified":"2025-09-03T18:54:22","modified_gmt":"2025-09-03T18:54:22","slug":"silence","status":"publish","type":"product","link":"https:\/\/tinnitus-treatments.com\/es\/shop\/audio-terapia-es\/silence\/","title":{"rendered":"Silence."},"content":{"rendered":"","protected":false},"excerpt":{"rendered":"<h2 style=\"text-align: center;\">Silence.<\/h2>\n<p>Una soluci\u00f3n de audio personalizada para el tratamiento del tinnitus cr\u00f3nico.<\/p>\n<p>Ahora gratis para todos y para siempre.<\/p>\n<p>Solo tienes que elegir la frecuencia de tu tinnitus antes del procesamiento.<\/p>\n<p style=\"text-align: center;\"><em>Tenga en cuenta que despu\u00e9s de la revisi\u00f3n esta elecci\u00f3n ya no se puede cambiar.<\/em><\/p>\n","protected":false},"featured_media":39571,"template":"","meta":{"pmpro_default_level":""},"product_brand":[],"product_cat":[207],"product_tag":[],"class_list":{"0":"post-37056","1":"product","2":"type-product","3":"status-publish","4":"has-post-thumbnail","6":"product_cat-audio-terapia-es","7":"pmpro-has-access","9":"first","10":"instock","11":"sale","12":"sold-individually","13":"shipping-taxable","14":"purchasable","15":"product-type-variable"},"_links":{"self":[{"href":"https:\/\/tinnitus-treatments.com\/es\/wp-json\/wp\/v2\/product\/37056","targetHints":{"allow":["GET"]}}],"collection":[{"href":"https:\/\/tinnitus-treatments.com\/es\/wp-json\/wp\/v2\/product"}],"about":[{"href":"https:\/\/tinnitus-treatments.com\/es\/wp-json\/wp\/v2\/types\/product"}],"wp:featuredmedia":[{"embeddable":true,"href":"https:\/\/tinnitus-treatments.com\/es\/wp-json\/wp\/v2\/media\/39571"}],"wp:attachment":[{"href":"https:\/\/tinnitus-treatments.com\/es\/wp-json\/wp\/v2\/media?parent=37056"}],"wp:term":[{"taxonomy":"product_brand","embeddable":true,"href":"https:\/\/tinnitus-treatments.com\/es\/wp-json\/wp\/v2\/product_brand?post=37056"},{"taxonomy":"product_cat","embeddable":true,"href":"https:\/\/tinnitus-treatments.com\/es\/wp-json\/wp\/v2\/product_cat?post=37056"},{"taxonomy":"product_tag","embeddable":true,"href":"https:\/\/tinnitus-treatments.com\/es\/wp-json\/wp\/v2\/product_tag?post=37056"}],"curies":[{"name":"wp","href":"https:\/\/api.w.org\/{rel}","templated":true}]}}