{"id":29543,"date":"2021-08-10T13:44:37","date_gmt":"2021-08-10T13:44:37","guid":{"rendered":"http:\/\/tinnitus-treatments.com\/politica-de-privacidad\/"},"modified":"2022-02-02T07:19:08","modified_gmt":"2022-02-02T07:19:08","slug":"politica-de-privacidad","status":"publish","type":"page","link":"https:\/\/tinnitus-treatments.com\/es\/politica-de-privacidad\/","title":{"rendered":"Pol\u00edtica de privacidad"},"content":{"rendered":"\t\t<div data-elementor-type=\"wp-page\" data-elementor-id=\"29543\" class=\"elementor elementor-29543 elementor-21384\" data-elementor-post-type=\"page\">\n\t\t\t\t\t\t<section class=\"elementor-section elementor-top-section elementor-element elementor-element-17fbe89 elementor-section-boxed elementor-section-height-default elementor-section-height-default\" data-id=\"17fbe89\" data-element_type=\"section\">\n\t\t\t\t\t\t<div class=\"elementor-container elementor-column-gap-default\">\n\t\t\t\t\t<div class=\"elementor-column elementor-col-50 elementor-top-column elementor-element elementor-element-e17a44a\" data-id=\"e17a44a\" data-element_type=\"column\" data-settings=\"{&quot;background_background&quot;:&quot;classic&quot;}\">\n\t\t\t<div class=\"elementor-widget-wrap elementor-element-populated\">\n\t\t\t\t\t\t<div class=\"elementor-element elementor-element-798d451 elementor-widget elementor-widget-heading\" data-id=\"798d451\" data-element_type=\"widget\" data-widget_type=\"heading.default\">\n\t\t\t\t<div class=\"elementor-widget-container\">\n\t\t\t\t\t<h1 class=\"elementor-heading-title elementor-size-default\">Pol\u00edtica de privacidad<\/h1>\t\t\t\t<\/div>\n\t\t\t\t<\/div>\n\t\t\t\t\t<\/div>\n\t\t<\/div>\n\t\t\t\t<div class=\"elementor-column elementor-col-50 elementor-top-column elementor-element elementor-element-19025b0\" data-id=\"19025b0\" data-element_type=\"column\">\n\t\t\t<div class=\"elementor-widget-wrap elementor-element-populated\">\n\t\t\t\t\t\t<div class=\"elementor-element elementor-element-38eeb6b elementor-widget elementor-widget-image\" data-id=\"38eeb6b\" data-element_type=\"widget\" data-widget_type=\"image.default\">\n\t\t\t\t<div class=\"elementor-widget-container\">\n\t\t\t\t\t\t\t\t\t\t\t\t\t\t\t<img decoding=\"async\" src=\"https:\/\/tinnitus-treatments.com\/wp-content\/uploads\/2021\/10\/tinnitus-audio-therapy.jpg\" title=\"terapia de sonido para el tinnitus\" alt=\"terapia de sonido para el tinnitus\" loading=\"lazy\" \/>\t\t\t\t\t\t\t\t\t\t\t\t\t\t\t<\/div>\n\t\t\t\t<\/div>\n\t\t\t\t\t<\/div>\n\t\t<\/div>\n\t\t\t\t\t<\/div>\n\t\t<\/section>\n\t\t\t\t<section class=\"elementor-section elementor-top-section elementor-element elementor-element-9b9f14e elementor-section-boxed elementor-section-height-default elementor-section-height-default\" data-id=\"9b9f14e\" data-element_type=\"section\">\n\t\t\t\t\t\t<div class=\"elementor-container elementor-column-gap-default\">\n\t\t\t\t\t<div class=\"elementor-column elementor-col-100 elementor-top-column elementor-element elementor-element-3c2fd5b\" data-id=\"3c2fd5b\" data-element_type=\"column\">\n\t\t\t<div class=\"elementor-widget-wrap elementor-element-populated\">\n\t\t\t\t\t\t<div class=\"elementor-element elementor-element-920a7a6 elementor-widget elementor-widget-text-editor\" data-id=\"920a7a6\" data-element_type=\"widget\" data-widget_type=\"text-editor.default\">\n\t\t\t\t<div class=\"elementor-widget-container\">\n\t\t\t\t\t\t\t\t\t<h2><strong>Definiciones.<\/strong><\/h2>\n<p>\u00abA Tiny Silence\u00bb o \u00abel Editor\u00bb significa \u00abA Tiny Silence\u00bb, Sociedad An\u00f3nima Simplificada con un capital de 200 euros, inscrita en el Registro Mercantil de Narbona con el n\u00famero 216 455 88 77 y cuyo domicilio social se encuentra en 140 rue du Moulinas, Nefs des Sables 25K4, 11370 Leucate, Francia.<\/p>\n<p>\u00abSitio web\u00bb o sitios web significa el sitio o sitios web del Editor accesibles en https:\/\/atinysilence.com y http:\/\/tinnitus-treatments.com<\/p>\n<p>\u00abAplicaci\u00f3n\u00bb significa la aplicaci\u00f3n desarrollada por el Editor.<\/p>\n<p>\u00abContenido\u00bb significa el contenido del Sitio Web y\/o de la Aplicaci\u00f3n.<\/p>\n<p>\u00abUsuario\u00bb significa la(s) persona(s) que utiliza(n) el Sitio Web y\/o la Aplicaci\u00f3n.<\/p>\n<p>\u00abCuenta de Usuario\u00bb significa la cuenta creada cuando un Usuario se registra.<\/p>\n<p>\u00abDatos personales\u00bb: informaci\u00f3n personal que identifica al usuario.<\/p>\n<\/p>\n<h2><strong>Datos personales.<\/strong><\/h2>\n<p>Los Datos Personales son recogidos y procesados por el Editor de acuerdo con las disposiciones del Reglamento de la UE N\u00ba 2016\/679 de 27 de abril de 2016, conocido como \u00abGDPR\u00bb, (el \u00abReglamento Aplicable\u00bb).<\/p>\n<p>Los Datos Personales recogidos son, al crear una Cuenta de Usuario:<\/p>\n<ul>\n<li>frecuencia de los ac\u00fafenos seleccionada por el usuario,<\/li>\n<li>nombre de usuario,<\/li>\n<li>c\u00f3digo de acceso,<\/li>\n<li>direcci\u00f3n de correo electr\u00f3nico,<\/li>\n<li>fecha y hora de creaci\u00f3n.<\/li>\n<\/ul>\n<h3>Utilizar.<\/h3>\n<p>Los datos personales s\u00f3lo pueden ser utilizados por el Editor para los fines siguientes<\/p>\n<ul>\n<li>Identificaci\u00f3n personalizada del tinnitus.<\/li>\n<li>Creaci\u00f3n y gesti\u00f3n de la cuenta de usuario.<\/li>\n<li>Prestaci\u00f3n de servicios personalizados.<\/li>\n<li>Acceso al sitio web y a la aplicaci\u00f3n y lucha contra la intrusi\u00f3n y el uso indebido.<\/li>\n<li>Enviar al Usuario informaci\u00f3n comercial y\/o un bolet\u00edn informativo.<\/li>\n<li>Notificaciones al Usuario de cambios en el Sitio Web, la Aplicaci\u00f3n, el Contenido y\/o la Pol\u00edtica de Privacidad y las Condiciones Generales.<\/li>\n<li>An\u00e1lisis estad\u00edsticos para mejorar el contenido.<\/li>\n<\/ul>\n<h3> <\/h3>\n<h3>Derechos del usuario.<\/h3>\n<p>De acuerdo con la Normativa Aplicable, el Usuario podr\u00e1 ejercer en cualquier momento su derecho a:<\/p>\n<ul>\n<li>oponerse a recibir el bolet\u00edn de noticias y\/o las ofertas comerciales de la editorial.<\/li>\n<li>acceder y\/u obtener la rectificaci\u00f3n o supresi\u00f3n de los Datos Personales.<\/li>\n<li>obtener la supresi\u00f3n de su Cuenta de Usuario.<\/li>\n<\/ul>\n<p>informando al Editor de su intenci\u00f3n utilizando la direcci\u00f3n de correo: contact@atinysilence.com. Especifique: asunto: personal data<\/p>\n<p>Con el fin de preservar la seguridad y la confidencialidad de los datos personales, esta solicitud debe ir acompa\u00f1ada de una prueba de identidad. La credencial ser\u00e1 destruida una vez que la solicitud sea procesada.<\/p>\n<p>En caso de solicitudes infundadas o excesivas, en particular por su car\u00e1cter repetitivo, el Editor se reserva el derecho de facturar o no dar curso a cualquier solicitud de un Usuario posterior a una solicitud debidamente satisfecha por el Editor y relativa al mismo tema.<\/p>\n<\/p>\n<h3>Beneficiarios.<\/h3>\n<p>Los Datos Personales proporcionados en el momento de la suscripci\u00f3n por el Usuario ser\u00e1n utilizados \u00fanicamente por el Editor y no ser\u00e1n objeto de ning\u00fan uso comercial ni de venta o cesi\u00f3n a terceros.<\/p>\n<\/p>\n<h3>Conservaci\u00f3n.<\/h3>\n<p>El Editor conservar\u00e1 los Datos Personales durante tres (3) a\u00f1os a partir de la fecha de suscripci\u00f3n, a menos que sea necesario para cumplir con cualquier obligaci\u00f3n legal, reglamentaria, contable o fiscal de conservar los Datos Personales y podr\u00e1, en su caso, conservarlos de forma an\u00f3nima.<\/p>\n<\/p>\n<h3>La seguridad.<\/h3>\n<p>El Editor implementa todos los medios organizativos, de software, legales, t\u00e9cnicos y f\u00edsicos para garantizar la confidencialidad y la seguridad de los Datos Personales, con el fin de evitar su da\u00f1o, eliminaci\u00f3n o acceso por parte de terceros no autorizados.<\/p>\n<\/p>\n<h3>Subcontrataci\u00f3n.<\/h3>\n<p>Los datos recogidos podr\u00e1n ser comunicados a los subcontratistas encargados por contrato de determinadas tareas. En la ejecuci\u00f3n de sus servicios, los subcontratistas s\u00f3lo tienen un acceso limitado a los Datos Personales y tienen la obligaci\u00f3n contractual de utilizarlos de acuerdo con las disposiciones de la legislaci\u00f3n aplicable en materia de protecci\u00f3n de Datos Personales.<\/p>\n<\/p>\n<h3>Portabilidad \/ Reversibilidad.<\/h3>\n<p>De acuerdo con la Normativa Aplicable, y a condici\u00f3n de acreditar su identidad, el Usuario podr\u00e1 obtener la reversibilidad de sus Datos Personales de forma gratuita notific\u00e1ndolo al Editor por carta certificada con acuse de recibo.<br \/>Los Datos Personales ser\u00e1n devueltos en forma de archivo inform\u00e1tico est\u00e1ndar que ser\u00e1 enviado por correo electr\u00f3nico al Usuario en un plazo m\u00e1ximo de treinta (30) d\u00edas desde la solicitud.<\/p>\n<\/p>\n<h3>Datos derivados.<\/h3>\n<p>De acuerdo con la Normativa Aplicable, se informa al Usuario de que los Datos Personales derivados, calculados o creados por el Editor a partir de los datos proporcionados por el Usuario est\u00e1n excluidos del derecho a la portabilidad, en la medida en que no son proporcionados por el Usuario, sino creados por el Editor.<\/p>\n<\/p>\n<h3>Transferencia.<\/h3>\n<p>Los datos personales se procesan y almacenan en la Uni\u00f3n Europea.<\/p>\n<\/p>\n<p>El usuario queda informado de que puede dirigirse a la Commission Nationale de l&#8217;Informatique et des Libert\u00e9s: 3 Place de Fontenoy &#8211; TSA 80715 &#8211; 75334 PARIS CEDEX 07.<\/p>\n\t\t\t\t\t\t\t\t<\/div>\n\t\t\t\t<\/div>\n\t\t\t\t\t<\/div>\n\t\t<\/div>\n\t\t\t\t\t<\/div>\n\t\t<\/section>\n\t\t\t\t<\/div>\n\t\t","protected":false},"excerpt":{"rendered":"<p>Pol\u00edtica de privacidad Definiciones. \u00abA Tiny Silence\u00bb o \u00abel Editor\u00bb significa \u00abA Tiny Silence\u00bb, Sociedad An\u00f3nima Simplificada con un capital de 200 euros, inscrita en el Registro Mercantil de Narbona con el n\u00famero 216 455 88 77 y cuyo domicilio social se encuentra en 140 rue du Moulinas, Nefs des Sables 25K4, 11370 Leucate, Francia. [&hellip;]<\/p>\n","protected":false},"author":1,"featured_media":0,"parent":0,"menu_order":0,"comment_status":"closed","ping_status":"closed","template":"","meta":{"pmpro_default_level":"","footnotes":""},"class_list":["post-29543","page","type-page","status-publish","hentry","pmpro-has-access"],"_links":{"self":[{"href":"https:\/\/tinnitus-treatments.com\/es\/wp-json\/wp\/v2\/pages\/29543","targetHints":{"allow":["GET"]}}],"collection":[{"href":"https:\/\/tinnitus-treatments.com\/es\/wp-json\/wp\/v2\/pages"}],"about":[{"href":"https:\/\/tinnitus-treatments.com\/es\/wp-json\/wp\/v2\/types\/page"}],"author":[{"embeddable":true,"href":"https:\/\/tinnitus-treatments.com\/es\/wp-json\/wp\/v2\/users\/1"}],"replies":[{"embeddable":true,"href":"https:\/\/tinnitus-treatments.com\/es\/wp-json\/wp\/v2\/comments?post=29543"}],"version-history":[{"count":0,"href":"https:\/\/tinnitus-treatments.com\/es\/wp-json\/wp\/v2\/pages\/29543\/revisions"}],"wp:attachment":[{"href":"https:\/\/tinnitus-treatments.com\/es\/wp-json\/wp\/v2\/media?parent=29543"}],"curies":[{"name":"wp","href":"https:\/\/api.w.org\/{rel}","templated":true}]}}