{"id":29525,"date":"2021-08-10T11:58:19","date_gmt":"2021-08-10T11:58:19","guid":{"rendered":"http:\/\/tinnitus-treatments.com\/preguntas-frecuentes\/"},"modified":"2022-02-01T16:21:09","modified_gmt":"2022-02-01T16:21:09","slug":"preguntas-frecuentes","status":"publish","type":"page","link":"https:\/\/tinnitus-treatments.com\/es\/preguntas-frecuentes\/","title":{"rendered":"Preguntas frecuentes"},"content":{"rendered":"\t\t<div data-elementor-type=\"wp-page\" data-elementor-id=\"29525\" class=\"elementor elementor-29525 elementor-21331\" data-elementor-post-type=\"page\">\n\t\t\t\t\t\t<section class=\"elementor-section elementor-top-section elementor-element elementor-element-1068af1 elementor-section-boxed elementor-section-height-default elementor-section-height-default\" data-id=\"1068af1\" data-element_type=\"section\">\n\t\t\t\t\t\t<div class=\"elementor-container elementor-column-gap-default\">\n\t\t\t\t\t<div class=\"elementor-column elementor-col-50 elementor-top-column elementor-element elementor-element-98011a3\" data-id=\"98011a3\" data-element_type=\"column\" data-settings=\"{&quot;background_background&quot;:&quot;classic&quot;}\">\n\t\t\t<div class=\"elementor-widget-wrap elementor-element-populated\">\n\t\t\t\t\t\t<div class=\"elementor-element elementor-element-9bac3c2 elementor-widget elementor-widget-heading\" data-id=\"9bac3c2\" data-element_type=\"widget\" data-widget_type=\"heading.default\">\n\t\t\t\t<div class=\"elementor-widget-container\">\n\t\t\t\t\t<h1 class=\"elementor-heading-title elementor-size-default\">Preguntas frecuentes<\/h1>\t\t\t\t<\/div>\n\t\t\t\t<\/div>\n\t\t\t\t\t<\/div>\n\t\t<\/div>\n\t\t\t\t<div class=\"elementor-column elementor-col-50 elementor-top-column elementor-element elementor-element-6a2208d\" data-id=\"6a2208d\" data-element_type=\"column\">\n\t\t\t<div class=\"elementor-widget-wrap elementor-element-populated\">\n\t\t\t\t\t\t<div class=\"elementor-element elementor-element-5bed655 elementor-widget elementor-widget-image\" data-id=\"5bed655\" data-element_type=\"widget\" data-widget_type=\"image.default\">\n\t\t\t\t<div class=\"elementor-widget-container\">\n\t\t\t\t\t\t\t\t\t\t\t\t\t\t\t<img decoding=\"async\" src=\"https:\/\/tinnitus-treatments.com\/wp-content\/uploads\/2021\/10\/tinnitus-treatments-sound-therapy.png\" title=\"tratamiento para el tinnitus terapia de sonido\" alt=\"tratamiento para el tinnitus terapia de sonido\" loading=\"lazy\" \/>\t\t\t\t\t\t\t\t\t\t\t\t\t\t\t<\/div>\n\t\t\t\t<\/div>\n\t\t\t\t\t<\/div>\n\t\t<\/div>\n\t\t\t\t\t<\/div>\n\t\t<\/section>\n\t\t\t\t<section class=\"elementor-section elementor-top-section elementor-element elementor-element-726b23d elementor-section-boxed elementor-section-height-default elementor-section-height-default\" data-id=\"726b23d\" data-element_type=\"section\" data-settings=\"{&quot;background_background&quot;:&quot;classic&quot;}\">\n\t\t\t\t\t\t<div class=\"elementor-container elementor-column-gap-default\">\n\t\t\t\t\t<div class=\"elementor-column elementor-col-100 elementor-top-column elementor-element elementor-element-6edf787\" data-id=\"6edf787\" data-element_type=\"column\">\n\t\t\t<div class=\"elementor-widget-wrap elementor-element-populated\">\n\t\t\t\t\t\t<div class=\"elementor-element elementor-element-1355af4 elementor-widget elementor-widget-text-editor\" data-id=\"1355af4\" data-element_type=\"widget\" data-widget_type=\"text-editor.default\">\n\t\t\t\t<div class=\"elementor-widget-container\">\n\t\t\t\t\t\t\t\t\t<p><strong>1 &#8211; Sobre el tinnitus.<\/strong><\/p>\n<p>\u00bfPuedo utilizar la audioterapia sin asesoramiento m\u00e9dico?<\/p>\n<p>S\u00ed, pero hay que tener en cuenta que el tratamiento de audio no puede sustituir en ning\u00fan caso una opini\u00f3n y\/o un seguimiento m\u00e9dico.<\/p>\n<p>Siento mi tinnitus en un lado, \u00bfpuedo seguir el tratamiento?<br \/>\nS\u00ed, puede seguir el tratamiento de la misma manera.<\/p>\n<p>Siento varios tinnitus en diferentes frecuencias, \u00bfqu\u00e9 hacer?<br \/>\nDebe centrarse en la frecuencia del tinnitus dominante.<\/p>\n<p>Tengo hiperacusia, \u00bfpuedo utilizar la audioterapia?<br \/>\nNuestra terapia no ha sido creada para tratar la hiperacusia. En este caso concreto, debe consultar a su m\u00e9dico o especialista antes de utilizar la audioterapia.<\/p>\n\t\t\t\t\t\t\t\t<\/div>\n\t\t\t\t<\/div>\n\t\t\t\t\t<\/div>\n\t\t<\/div>\n\t\t\t\t\t<\/div>\n\t\t<\/section>\n\t\t\t\t<section class=\"elementor-section elementor-top-section elementor-element elementor-element-6841698 elementor-section-boxed elementor-section-height-default elementor-section-height-default\" data-id=\"6841698\" data-element_type=\"section\">\n\t\t\t\t\t\t<div class=\"elementor-container elementor-column-gap-default\">\n\t\t\t\t\t<div class=\"elementor-column elementor-col-100 elementor-top-column elementor-element elementor-element-0deec72\" data-id=\"0deec72\" data-element_type=\"column\">\n\t\t\t<div class=\"elementor-widget-wrap elementor-element-populated\">\n\t\t\t\t\t\t<div class=\"elementor-element elementor-element-6ae166c elementor-widget elementor-widget-image\" data-id=\"6ae166c\" data-element_type=\"widget\" data-widget_type=\"image.default\">\n\t\t\t\t<div class=\"elementor-widget-container\">\n\t\t\t\t\t\t\t\t\t\t\t\t\t\t\t<img fetchpriority=\"high\" decoding=\"async\" width=\"400\" height=\"278\" src=\"https:\/\/tinnitus-treatments.com\/wp-content\/uploads\/2021\/09\/faqs-about-tinnitus-400.png\" class=\"attachment-full size-full wp-image-29529\" alt=\"preguntas frecuentes sobre el tinnitus\" srcset=\"https:\/\/tinnitus-treatments.com\/wp-content\/uploads\/2021\/09\/faqs-about-tinnitus-400.png 400w, https:\/\/tinnitus-treatments.com\/wp-content\/uploads\/2021\/09\/faqs-about-tinnitus-400-300x209.png 300w\" sizes=\"(max-width: 400px) 100vw, 400px\" \/>\t\t\t\t\t\t\t\t\t\t\t\t\t\t\t<\/div>\n\t\t\t\t<\/div>\n\t\t\t\t\t<\/div>\n\t\t<\/div>\n\t\t\t\t\t<\/div>\n\t\t<\/section>\n\t\t\t\t<section class=\"elementor-section elementor-top-section elementor-element elementor-element-173bac7 elementor-section-boxed elementor-section-height-default elementor-section-height-default\" data-id=\"173bac7\" data-element_type=\"section\" data-settings=\"{&quot;background_background&quot;:&quot;classic&quot;}\">\n\t\t\t\t\t\t<div class=\"elementor-container elementor-column-gap-default\">\n\t\t\t\t\t<div class=\"elementor-column elementor-col-100 elementor-top-column elementor-element elementor-element-5fb0d1f\" data-id=\"5fb0d1f\" data-element_type=\"column\">\n\t\t\t<div class=\"elementor-widget-wrap elementor-element-populated\">\n\t\t\t\t\t\t<div class=\"elementor-element elementor-element-f3fc377 elementor-widget elementor-widget-text-editor\" data-id=\"f3fc377\" data-element_type=\"widget\" data-widget_type=\"text-editor.default\">\n\t\t\t\t<div class=\"elementor-widget-container\">\n\t\t\t\t\t\t\t\t\t<p><strong>2 &#8211; Sobre la audioterapia.<\/strong><\/p>\n<p>\u00bfC\u00f3mo funciona la audioterapia?<br \/>\n<a href=\"http:\/\/tinnitus-treatments.com\/es\/nuestra-solucion\/\" target=\"_blank\" rel=\"noopener\">Consulte aqu\u00ed<\/a>.<\/p>\n<p>\u00bfCu\u00e1l es la base cient\u00edfica de la audioterapia?<br \/>\nNuestra terapia se basa en la investigaci\u00f3n realizada por H. OKAMOTO, H. STRACKE, W. STOLL, C. PANTEV en Muenster, Alemania, <a href=\"http:\/\/tinnitus-treatments.com\/es\/notched-audio-therapy\/\" target=\"_blank\" rel=\"noopener\">resumida aqu\u00ed<\/a>. ; Encuentre la <a href=\"https:\/\/www.pnas.org\/content\/pnas\/107\/3\/1207.full.pdf\" target=\"_blank\" rel=\"noopener\">publicaci\u00f3n original aqu\u00ed<\/a>\u00a0(en ingl\u00e9s).<\/p>\n<p>No puedo identificar la frecuencia de mi tinnitus.<br \/>\nEsto puede ser problem\u00e1tico. Sea paciente y persistente, o pruebe los siguientes consejos:<\/p>\n<p>Canta tu tinnitus al mismo tiempo que ajustas la frecuencia del reproductor.<\/p>\n<p>Corta y devuelve el sonido del reproductor para sentir las diferencias.<\/p>\n<p>\u00bfPuedo escuchar la audioterapia toda la noche?<br \/>\nS\u00ed, no hay l\u00edmite, \u00a1excepto quiz\u00e1s la paciencia de tu pareja! Aseg\u00farese de ajustar el volumen del audio a un nivel ligeramente inferior a la percepci\u00f3n de su tinnitus.<\/p>\n<p>\u00bfPuedo escuchar con auriculares o cascos, y a qu\u00e9 volumen debo hacerlo?<br \/>\nS\u00ed, esto est\u00e1 bien y quiz\u00e1 sea mejor porque no vas a molestar a nadie. Es aconsejable ajustar el volumen para que el procesamiento de audio sea ligeramente inferior al volumen percibido del tinnitus.<\/p>\n<p>\u00bfCu\u00e1nto tiempo se puede escuchar el procesamiento de audio?<br \/>\nNo hay l\u00edmite, y la eficacia del tratamiento depende del tiempo de escucha. Por supuesto, hay que respetar el entorno, y se aconseja una duraci\u00f3n m\u00ednima de 30 minutos al d\u00eda.<\/p>\n<p>\u00bfPuedo transferir los archivos de audio de mi tel\u00e9fono a mi ordenador u otro dispositivo y c\u00f3mo?<br \/>\nS\u00ed, puedes transferir libremente los archivos de audio que est\u00e9n en formato MP3 desde tu tel\u00e9fono a tu ordenador o a cualquier dispositivo de reproducci\u00f3n de audio.<\/p>\n<p>Encontrar los elementos descargados en tu tel\u00e9fono puede ser complicado, aqu\u00ed tienes un <a href=\"https:\/\/www.digitaltrends.com\/mobile\/how-to-find-downloads-iphone-android\/\" target=\"_blank\" rel=\"noopener\">enlace de ayuda<\/a>\u00a0(en ingl\u00e9s).<\/p>\n<p>\u00bfPuedo dar mi audio a mi primo que tambi\u00e9n es v\u00edctima de ac\u00fafeno?<br \/>\nNo, la audioterapia est\u00e1 personalizada para el tratamiento de tu tinnitus y no se adapta a la patolog\u00eda de otra persona.<\/p>\n<p>\u00bfSon obligatorios los ejercicios de respiraci\u00f3n y relajaci\u00f3n?<br \/>\nNo, son un complemento de la audioterapia, pero tambi\u00e9n puede practicarlos solo cuando le convenga.<\/p>\n\t\t\t\t\t\t\t\t<\/div>\n\t\t\t\t<\/div>\n\t\t\t\t\t<\/div>\n\t\t<\/div>\n\t\t\t\t\t<\/div>\n\t\t<\/section>\n\t\t\t\t<section class=\"elementor-section elementor-top-section elementor-element elementor-element-96d0797 elementor-section-boxed elementor-section-height-default elementor-section-height-default\" data-id=\"96d0797\" data-element_type=\"section\">\n\t\t\t\t\t\t<div class=\"elementor-container elementor-column-gap-default\">\n\t\t\t\t\t<div class=\"elementor-column elementor-col-100 elementor-top-column elementor-element elementor-element-4dd7533\" data-id=\"4dd7533\" data-element_type=\"column\">\n\t\t\t<div class=\"elementor-widget-wrap elementor-element-populated\">\n\t\t\t\t\t\t<div class=\"elementor-element elementor-element-510ce71 elementor-widget elementor-widget-image\" data-id=\"510ce71\" data-element_type=\"widget\" data-widget_type=\"image.default\">\n\t\t\t\t<div class=\"elementor-widget-container\">\n\t\t\t\t\t\t\t\t\t\t\t\t\t\t\t<img decoding=\"async\" width=\"400\" height=\"278\" src=\"https:\/\/tinnitus-treatments.com\/wp-content\/uploads\/2021\/09\/faqs-about-audio-treatment-400.png\" class=\"attachment-full size-full wp-image-29532\" alt=\"preguntas frecuentes sobre el tratamiento de audio\" srcset=\"https:\/\/tinnitus-treatments.com\/wp-content\/uploads\/2021\/09\/faqs-about-audio-treatment-400.png 400w, https:\/\/tinnitus-treatments.com\/wp-content\/uploads\/2021\/09\/faqs-about-audio-treatment-400-300x209.png 300w\" sizes=\"(max-width: 400px) 100vw, 400px\" \/>\t\t\t\t\t\t\t\t\t\t\t\t\t\t\t<\/div>\n\t\t\t\t<\/div>\n\t\t\t\t\t<\/div>\n\t\t<\/div>\n\t\t\t\t\t<\/div>\n\t\t<\/section>\n\t\t\t\t<section class=\"elementor-section elementor-top-section elementor-element elementor-element-85b7e9d elementor-section-boxed elementor-section-height-default elementor-section-height-default\" data-id=\"85b7e9d\" data-element_type=\"section\" data-settings=\"{&quot;background_background&quot;:&quot;classic&quot;}\">\n\t\t\t\t\t\t<div class=\"elementor-container elementor-column-gap-default\">\n\t\t\t\t\t<div class=\"elementor-column elementor-col-100 elementor-top-column elementor-element elementor-element-8a435a6\" data-id=\"8a435a6\" data-element_type=\"column\">\n\t\t\t<div class=\"elementor-widget-wrap elementor-element-populated\">\n\t\t\t\t\t\t<div class=\"elementor-element elementor-element-d51c53b elementor-widget elementor-widget-text-editor\" data-id=\"d51c53b\" data-element_type=\"widget\" data-widget_type=\"text-editor.default\">\n\t\t\t\t<div class=\"elementor-widget-container\">\n\t\t\t\t\t\t\t\t\t<p><strong>3 &#8211; Administraci\u00f3n<\/strong><\/p>\n<p>No quiero seguir recibiendo el bolet\u00edn, \u00bfc\u00f3mo hacerlo?<br \/>\nSimplemente env\u00ede un correo electr\u00f3nico con el asunto \u00abunsuscribe\u00bb a <a href=\"mailto:contact@atinysilence.com\" target=\"_blank\" rel=\"noopener\">contact@atinysilence.com<\/a>.<\/p>\n<p>\u00bfC\u00f3mo se gestionan mis datos personales y cu\u00e1les son mis derechos?<br \/>\nSus datos personales se gestionan de acuerdo con el reglamento de la Uni\u00f3n Europea n\u00ba 2016\/679 de 27 de abril de 2016 (GDPR); M\u00e1s informaci\u00f3n con nuestra <a href=\"http:\/\/tinnitus-treatments.com\/es\/politica-de-privacidad\/\" target=\"_blank\" rel=\"noopener\">Pol\u00edtica de Privacidad<\/a>.<\/p>\n<p>Una vez realizado el pago, \u00bfse adquiere el tratamiento de por vida?<br \/>\nS\u00ed el pago \u00fanico le da el derecho ilimitado y no alienable de utilizar su tratamiento de audio personalizado en cualquier medio de su elecci\u00f3n.<\/p>\n\t\t\t\t\t\t\t\t<\/div>\n\t\t\t\t<\/div>\n\t\t\t\t\t<\/div>\n\t\t<\/div>\n\t\t\t\t\t<\/div>\n\t\t<\/section>\n\t\t\t\t<\/div>\n\t\t","protected":false},"excerpt":{"rendered":"<p>Preguntas frecuentes 1 &#8211; Sobre el tinnitus. \u00bfPuedo utilizar la audioterapia sin asesoramiento m\u00e9dico? S\u00ed, pero hay que tener en cuenta que el tratamiento de audio no puede sustituir en ning\u00fan caso una opini\u00f3n y\/o un seguimiento m\u00e9dico. Siento mi tinnitus en un lado, \u00bfpuedo seguir el tratamiento? S\u00ed, puede seguir el tratamiento de la [&hellip;]<\/p>\n","protected":false},"author":1,"featured_media":0,"parent":0,"menu_order":0,"comment_status":"closed","ping_status":"closed","template":"","meta":{"pmpro_default_level":"","footnotes":""},"class_list":["post-29525","page","type-page","status-publish","hentry","pmpro-has-access"],"_links":{"self":[{"href":"https:\/\/tinnitus-treatments.com\/es\/wp-json\/wp\/v2\/pages\/29525","targetHints":{"allow":["GET"]}}],"collection":[{"href":"https:\/\/tinnitus-treatments.com\/es\/wp-json\/wp\/v2\/pages"}],"about":[{"href":"https:\/\/tinnitus-treatments.com\/es\/wp-json\/wp\/v2\/types\/page"}],"author":[{"embeddable":true,"href":"https:\/\/tinnitus-treatments.com\/es\/wp-json\/wp\/v2\/users\/1"}],"replies":[{"embeddable":true,"href":"https:\/\/tinnitus-treatments.com\/es\/wp-json\/wp\/v2\/comments?post=29525"}],"version-history":[{"count":0,"href":"https:\/\/tinnitus-treatments.com\/es\/wp-json\/wp\/v2\/pages\/29525\/revisions"}],"wp:attachment":[{"href":"https:\/\/tinnitus-treatments.com\/es\/wp-json\/wp\/v2\/media?parent=29525"}],"curies":[{"name":"wp","href":"https:\/\/api.w.org\/{rel}","templated":true}]}}