{"id":28440,"date":"2021-08-10T13:30:53","date_gmt":"2021-08-10T13:30:53","guid":{"rendered":"http:\/\/tinnitus-treatments.com\/notched-music-therapy\/"},"modified":"2022-02-02T17:40:12","modified_gmt":"2022-02-02T17:40:12","slug":"notched-audio-therapy","status":"publish","type":"page","link":"https:\/\/tinnitus-treatments.com\/es\/notched-audio-therapy\/","title":{"rendered":"Notched Audioterapia"},"content":{"rendered":"\t\t<div data-elementor-type=\"wp-page\" data-elementor-id=\"28440\" class=\"elementor elementor-28440 elementor-21369\" data-elementor-post-type=\"page\">\n\t\t\t\t\t\t<section class=\"elementor-section elementor-top-section elementor-element elementor-element-79376e6 elementor-section-boxed elementor-section-height-default elementor-section-height-default\" data-id=\"79376e6\" data-element_type=\"section\">\n\t\t\t\t\t\t<div class=\"elementor-container elementor-column-gap-default\">\n\t\t\t\t\t<div class=\"elementor-column elementor-col-50 elementor-top-column elementor-element elementor-element-6e3d2b8\" data-id=\"6e3d2b8\" data-element_type=\"column\" data-settings=\"{&quot;background_background&quot;:&quot;classic&quot;}\">\n\t\t\t<div class=\"elementor-widget-wrap elementor-element-populated\">\n\t\t\t\t\t\t<div class=\"elementor-element elementor-element-da3f179 elementor-widget elementor-widget-heading\" data-id=\"da3f179\" data-element_type=\"widget\" data-widget_type=\"heading.default\">\n\t\t\t\t<div class=\"elementor-widget-container\">\n\t\t\t\t\t<h1 class=\"elementor-heading-title elementor-size-default\">Notched Audioterapia<\/h1>\t\t\t\t<\/div>\n\t\t\t\t<\/div>\n\t\t\t\t\t<\/div>\n\t\t<\/div>\n\t\t\t\t<div class=\"elementor-column elementor-col-50 elementor-top-column elementor-element elementor-element-660505a\" data-id=\"660505a\" data-element_type=\"column\">\n\t\t\t<div class=\"elementor-widget-wrap elementor-element-populated\">\n\t\t\t\t\t\t<div class=\"elementor-element elementor-element-96b9185 elementor-widget elementor-widget-image\" data-id=\"96b9185\" data-element_type=\"widget\" data-widget_type=\"image.default\">\n\t\t\t\t<div class=\"elementor-widget-container\">\n\t\t\t\t\t\t\t\t\t\t\t\t\t\t\t<img decoding=\"async\" src=\"https:\/\/tinnitus-treatments.com\/wp-content\/uploads\/2021\/10\/tinnitus-audio-therapy.jpg\" title=\"terapia de sonido para el tinnitus\" alt=\"terapia de sonido para el tinnitus\" loading=\"lazy\" \/>\t\t\t\t\t\t\t\t\t\t\t\t\t\t\t<\/div>\n\t\t\t\t<\/div>\n\t\t\t\t\t<\/div>\n\t\t<\/div>\n\t\t\t\t\t<\/div>\n\t\t<\/section>\n\t\t\t\t<section class=\"elementor-section elementor-top-section elementor-element elementor-element-9684862 elementor-section-boxed elementor-section-height-default elementor-section-height-default\" data-id=\"9684862\" data-element_type=\"section\" data-settings=\"{&quot;background_background&quot;:&quot;classic&quot;}\">\n\t\t\t\t\t\t<div class=\"elementor-container elementor-column-gap-default\">\n\t\t\t\t\t<div class=\"elementor-column elementor-col-100 elementor-top-column elementor-element elementor-element-63178fc\" data-id=\"63178fc\" data-element_type=\"column\" data-settings=\"{&quot;background_background&quot;:&quot;classic&quot;}\">\n\t\t\t<div class=\"elementor-widget-wrap elementor-element-populated\">\n\t\t\t\t\t<div class=\"elementor-background-overlay\"><\/div>\n\t\t\t\t\t\t<div class=\"elementor-element elementor-element-78cffad elementor-widget elementor-widget-heading\" data-id=\"78cffad\" data-element_type=\"widget\" data-widget_type=\"heading.default\">\n\t\t\t\t<div class=\"elementor-widget-container\">\n\t\t\t\t\t<h2 class=\"elementor-heading-title elementor-size-default\">C\u00f3mo funciona la terapia ...<\/h2>\t\t\t\t<\/div>\n\t\t\t\t<\/div>\n\t\t\t\t\t<\/div>\n\t\t<\/div>\n\t\t\t\t\t<\/div>\n\t\t<\/section>\n\t\t\t\t<section class=\"elementor-section elementor-top-section elementor-element elementor-element-4c9e1be elementor-section-boxed elementor-section-height-default elementor-section-height-default\" data-id=\"4c9e1be\" data-element_type=\"section\">\n\t\t\t\t\t\t<div class=\"elementor-container elementor-column-gap-default\">\n\t\t\t\t\t<div class=\"elementor-column elementor-col-100 elementor-top-column elementor-element elementor-element-e4c48a0\" data-id=\"e4c48a0\" data-element_type=\"column\">\n\t\t\t<div class=\"elementor-widget-wrap elementor-element-populated\">\n\t\t\t\t\t\t<div class=\"elementor-element elementor-element-1d5450a elementor-widget elementor-widget-text-editor\" data-id=\"1d5450a\" data-element_type=\"widget\" data-widget_type=\"text-editor.default\">\n\t\t\t\t<div class=\"elementor-widget-container\">\n\t\t\t\t\t\t\t\t\t<p>Los cient\u00edficos est\u00e1n ahora de acuerdo en que la comprensi\u00f3n y, por tanto, el tratamiento del tinnitus requiere un enfoque integral en el que deben considerarse conjuntamente el o\u00eddo y el sistema nervioso central.<\/p>\n<p>En la mayor\u00eda de los casos, el tinnitus parece ser un sonido creado err\u00f3neamente por el cerebro para compensar alguna p\u00e9rdida auditiva. M\u00e1s concretamente, el da\u00f1o de las c\u00e9lulas auditivas hace que las neuronas implicadas en la audici\u00f3n se sincronicen mediante un mecanismo de compensaci\u00f3n, que recrear\u00e1 la sensaci\u00f3n auditiva de la frecuencia da\u00f1ada.<\/p>\n<p>La plasticidad cerebral es la capacidad de los circuitos neuronales del cerebro para cambiar, en una u otra direcci\u00f3n. En el caso de los circuitos cerebrales da\u00f1ados, esto permite esperar una restauraci\u00f3n, al menos parcial, del estado inicial.<\/p>\n\t\t\t\t\t\t\t\t<\/div>\n\t\t\t\t<\/div>\n\t\t\t\t<section class=\"elementor-section elementor-inner-section elementor-element elementor-element-988d6a0 elementor-section-boxed elementor-section-height-default elementor-section-height-default\" data-id=\"988d6a0\" data-element_type=\"section\">\n\t\t\t\t\t\t<div class=\"elementor-container elementor-column-gap-default\">\n\t\t\t\t\t<div class=\"elementor-column elementor-col-50 elementor-inner-column elementor-element elementor-element-fc31f9d\" data-id=\"fc31f9d\" data-element_type=\"column\">\n\t\t\t<div class=\"elementor-widget-wrap elementor-element-populated\">\n\t\t\t\t\t\t<div class=\"elementor-element elementor-element-626757d elementor-widget elementor-widget-text-editor\" data-id=\"626757d\" data-element_type=\"widget\" data-widget_type=\"text-editor.default\">\n\t\t\t\t<div class=\"elementor-widget-container\">\n\t\t\t\t\t\t\t\t\t<p>El proceso de audio que consiste en bajar o anular el volumen en una determinada banda de frecuencias se llama \u00abnotch\u00bb.\u00a0 Los sonidos as\u00ed procesados se denominan \u00absonidos notched\u00bb.<\/p>\n<p>Esta es una representaci\u00f3n visual de un sonido \u00abnotched\u00bb: en la escala horizontal, la frecuencia desde las frecuencias bajas (graves) a la izquierda, hasta las frecuencias altas (agudos) a la derecha; en la escala vertical, la intensidad o el volumen.<\/p>\n<p>Arriba: el sonido inicial, abajo: el sonido \u00abnotched\u00bb.<\/p>\n\t\t\t\t\t\t\t\t<\/div>\n\t\t\t\t<\/div>\n\t\t\t\t\t<\/div>\n\t\t<\/div>\n\t\t\t\t<div class=\"elementor-column elementor-col-50 elementor-inner-column elementor-element elementor-element-7b54dd5\" data-id=\"7b54dd5\" data-element_type=\"column\">\n\t\t\t<div class=\"elementor-widget-wrap elementor-element-populated\">\n\t\t\t\t\t\t<div class=\"elementor-element elementor-element-4ea5840 elementor-widget elementor-widget-image\" data-id=\"4ea5840\" data-element_type=\"widget\" data-widget_type=\"image.default\">\n\t\t\t\t<div class=\"elementor-widget-container\">\n\t\t\t\t\t\t\t\t\t\t\t\t\t\t\t<img fetchpriority=\"high\" decoding=\"async\" width=\"500\" height=\"212\" src=\"https:\/\/tinnitus-treatments.com\/wp-content\/uploads\/2022\/01\/tinnitus-sound-audio-therapy.jpg\" class=\"attachment-full size-full wp-image-39847\" alt=\"sonido del tinnitus - terapia de audio\" srcset=\"https:\/\/tinnitus-treatments.com\/wp-content\/uploads\/2022\/01\/tinnitus-sound-audio-therapy.jpg 500w, https:\/\/tinnitus-treatments.com\/wp-content\/uploads\/2022\/01\/tinnitus-sound-audio-therapy-300x127.jpg 300w\" sizes=\"(max-width: 500px) 100vw, 500px\" \/>\t\t\t\t\t\t\t\t\t\t\t\t\t\t\t<\/div>\n\t\t\t\t<\/div>\n\t\t\t\t<div class=\"elementor-element elementor-element-ad79d57 elementor-widget elementor-widget-image\" data-id=\"ad79d57\" data-element_type=\"widget\" data-widget_type=\"image.default\">\n\t\t\t\t<div class=\"elementor-widget-container\">\n\t\t\t\t\t\t\t\t\t\t\t\t\t\t\t<img decoding=\"async\" width=\"500\" height=\"211\" src=\"https:\/\/tinnitus-treatments.com\/wp-content\/uploads\/2022\/01\/tinnitus-notched-audio-therapy.jpg\" class=\"attachment-full size-full wp-image-39839\" alt=\"tinnitus notched audioterapia\" srcset=\"https:\/\/tinnitus-treatments.com\/wp-content\/uploads\/2022\/01\/tinnitus-notched-audio-therapy.jpg 500w, https:\/\/tinnitus-treatments.com\/wp-content\/uploads\/2022\/01\/tinnitus-notched-audio-therapy-300x127.jpg 300w\" sizes=\"(max-width: 500px) 100vw, 500px\" \/>\t\t\t\t\t\t\t\t\t\t\t\t\t\t\t<\/div>\n\t\t\t\t<\/div>\n\t\t\t\t\t<\/div>\n\t\t<\/div>\n\t\t\t\t\t<\/div>\n\t\t<\/section>\n\t\t\t\t<div class=\"elementor-element elementor-element-f836cd3 elementor-widget elementor-widget-text-editor\" data-id=\"f836cd3\" data-element_type=\"widget\" data-widget_type=\"text-editor.default\">\n\t\t\t\t<div class=\"elementor-widget-container\">\n\t\t\t\t\t\t\t\t\t<p>La \u00abnotched audioterapia\u00bb consiste en escuchar con regularidad sonidos con \u00abnotch\u00bb en una banda de frecuencia centrada en la frecuencia del tinnitus.<\/p>\n<p>La escucha de sonidos \u00abnotched\u00bb seg\u00fan la frecuencia del tinnitus ayuda a invertir los circuitos neuronales defectuosos del cerebro y, como resultado, puede reducir el volumen del tinnitus.<\/p>\n<p>Estas t\u00e9cnicas de procesamiento de sonidos permiten mejoras significativas en m\u00e1s del 70% de los casos, y conducen a la desaparici\u00f3n completa en aproximadamente el 25% de los casos.<\/p>\n\t\t\t\t\t\t\t\t<\/div>\n\t\t\t\t<\/div>\n\t\t\t\t<div class=\"elementor-element elementor-element-b716978 elementor-align-center elementor-widget elementor-widget-button\" data-id=\"b716978\" data-element_type=\"widget\" data-widget_type=\"button.default\">\n\t\t\t\t<div class=\"elementor-widget-container\">\n\t\t\t\t\t\t\t\t\t<div class=\"elementor-button-wrapper\">\n\t\t\t\t\t<a class=\"elementor-button elementor-button-link elementor-size-sm\" href=\"http:\/\/tinnitus-treatments.com\/es\/su-terapia-2\/\">\n\t\t\t\t\t\t<span class=\"elementor-button-content-wrapper\">\n\t\t\t\t\t\t<span class=\"elementor-button-icon\">\n\t\t\t\t<i aria-hidden=\"true\" class=\"fas fa-long-arrow-alt-right\"><\/i>\t\t\t<\/span>\n\t\t\t\t\t\t\t\t\t<span class=\"elementor-button-text\">\u00a1Pru\u00e9balo!<\/span>\n\t\t\t\t\t<\/span>\n\t\t\t\t\t<\/a>\n\t\t\t\t<\/div>\n\t\t\t\t\t\t\t\t<\/div>\n\t\t\t\t<\/div>\n\t\t\t\t\t<\/div>\n\t\t<\/div>\n\t\t\t\t\t<\/div>\n\t\t<\/section>\n\t\t\t\t<section class=\"elementor-section elementor-top-section elementor-element elementor-element-09065a9 elementor-section-boxed elementor-section-height-default elementor-section-height-default\" data-id=\"09065a9\" data-element_type=\"section\" data-settings=\"{&quot;background_background&quot;:&quot;classic&quot;}\">\n\t\t\t\t\t\t<div class=\"elementor-container elementor-column-gap-default\">\n\t\t\t\t\t<div class=\"elementor-column elementor-col-100 elementor-top-column elementor-element elementor-element-aee9ff4\" data-id=\"aee9ff4\" data-element_type=\"column\" data-settings=\"{&quot;background_background&quot;:&quot;classic&quot;}\">\n\t\t\t<div class=\"elementor-widget-wrap elementor-element-populated\">\n\t\t\t\t\t<div class=\"elementor-background-overlay\"><\/div>\n\t\t\t\t\t\t<div class=\"elementor-element elementor-element-ce0cbb8 elementor-widget elementor-widget-heading\" data-id=\"ce0cbb8\" data-element_type=\"widget\" data-widget_type=\"heading.default\">\n\t\t\t\t<div class=\"elementor-widget-container\">\n\t\t\t\t\t<h2 class=\"elementor-heading-title elementor-size-default\">Notched Audioterapia<\/h2>\t\t\t\t<\/div>\n\t\t\t\t<\/div>\n\t\t\t\t\t<\/div>\n\t\t<\/div>\n\t\t\t\t\t<\/div>\n\t\t<\/section>\n\t\t\t\t<section class=\"elementor-section elementor-top-section elementor-element elementor-element-3c38c94 elementor-section-boxed elementor-section-height-default elementor-section-height-default\" data-id=\"3c38c94\" data-element_type=\"section\">\n\t\t\t\t\t\t<div class=\"elementor-container elementor-column-gap-default\">\n\t\t\t\t\t<div class=\"elementor-column elementor-col-100 elementor-top-column elementor-element elementor-element-969bbb6\" data-id=\"969bbb6\" data-element_type=\"column\">\n\t\t\t<div class=\"elementor-widget-wrap elementor-element-populated\">\n\t\t\t\t\t\t<div class=\"elementor-element elementor-element-e45aa09 elementor-widget elementor-widget-text-editor\" data-id=\"e45aa09\" data-element_type=\"widget\" data-widget_type=\"text-editor.default\">\n\t\t\t\t<div class=\"elementor-widget-container\">\n\t\t\t\t\t\t\t\t\t<p>A continuaci\u00f3n se presenta un resumen de una publicaci\u00f3n cient\u00edfica en la que se detalla c\u00f3mo funciona la notched audioterapia y c\u00f3mo se aplic\u00f3 en condiciones reales.<\/p>\n<p>El art\u00edculo completo est\u00e1 disponible <a href=\"https:\/\/www.pnas.org\/content\/pnas\/107\/3\/1207.full.pdf\" target=\"_blank\" rel=\"noopener\">aqu\u00ed<\/a> (en ingl\u00e9s).<\/p>\n<p><strong>La reorganizaci\u00f3n de la corteza auditiva puede contribuir a la generaci\u00f3n y mantenimiento del tinnitus.<\/strong><\/p>\n<p>Dado que la organizaci\u00f3n cortical puede modificarse mediante el entrenamiento de la conducta, intentamos reducir el volumen del tinnitus exponiendo a los pacientes con tinnitus cr\u00f3nico a m\u00fasica agradable elegida por ellos mismos, que fue modificada (\u00abnotched, filtrada\u00bb) para que no contuviera energ\u00eda en el rango de frecuencias que rodea a la frecuencia individual del tinnitus.<\/p>\n<p>Despu\u00e9s de 12 meses de escucha regular, el grupo de pacientes objetivo (n = 8) mostr\u00f3 una reducci\u00f3n significativa del volumen subjetivo del ac\u00fafeno y, al mismo tiempo, una reducci\u00f3n de la actividad evocada en las \u00e1reas de la corteza auditiva correspondientes a la frecuencia del tinnitus, en comparaci\u00f3n con los pacientes que hab\u00edan recibido un tratamiento an\u00e1logo de m\u00fasica con muescas (n = 8).<\/p>\n<p><strong>Estos resultados indican que la intensidad del tinnitus puede reducirse significativamente mediante un tratamiento musical agradable, de bajo coste y adaptado a las necesidades del paciente, posiblemente mediante la reorganizaci\u00f3n de la corteza auditiva.<\/strong><\/p>\n\t\t\t\t\t\t\t\t<\/div>\n\t\t\t\t<\/div>\n\t\t\t\t\t<\/div>\n\t\t<\/div>\n\t\t\t\t\t<\/div>\n\t\t<\/section>\n\t\t\t\t<\/div>\n\t\t","protected":false},"excerpt":{"rendered":"<p>Notched Audioterapia C\u00f3mo funciona la terapia &#8230; Los cient\u00edficos est\u00e1n ahora de acuerdo en que la comprensi\u00f3n y, por tanto, el tratamiento del tinnitus requiere un enfoque integral en el que deben considerarse conjuntamente el o\u00eddo y el sistema nervioso central. En la mayor\u00eda de los casos, el tinnitus parece ser un sonido creado err\u00f3neamente [&hellip;]<\/p>\n","protected":false},"author":1,"featured_media":0,"parent":0,"menu_order":0,"comment_status":"closed","ping_status":"closed","template":"","meta":{"pmpro_default_level":"","footnotes":""},"class_list":["post-28440","page","type-page","status-publish","hentry","pmpro-has-access"],"_links":{"self":[{"href":"https:\/\/tinnitus-treatments.com\/es\/wp-json\/wp\/v2\/pages\/28440","targetHints":{"allow":["GET"]}}],"collection":[{"href":"https:\/\/tinnitus-treatments.com\/es\/wp-json\/wp\/v2\/pages"}],"about":[{"href":"https:\/\/tinnitus-treatments.com\/es\/wp-json\/wp\/v2\/types\/page"}],"author":[{"embeddable":true,"href":"https:\/\/tinnitus-treatments.com\/es\/wp-json\/wp\/v2\/users\/1"}],"replies":[{"embeddable":true,"href":"https:\/\/tinnitus-treatments.com\/es\/wp-json\/wp\/v2\/comments?post=28440"}],"version-history":[{"count":0,"href":"https:\/\/tinnitus-treatments.com\/es\/wp-json\/wp\/v2\/pages\/28440\/revisions"}],"wp:attachment":[{"href":"https:\/\/tinnitus-treatments.com\/es\/wp-json\/wp\/v2\/media?parent=28440"}],"curies":[{"name":"wp","href":"https:\/\/api.w.org\/{rel}","templated":true}]}}