{"id":31879,"date":"2021-08-10T11:58:19","date_gmt":"2021-08-10T11:58:19","guid":{"rendered":"http:\/\/tinnitus-treatments.com\/f-a-q-s\/"},"modified":"2022-02-01T16:19:01","modified_gmt":"2022-02-01T16:19:01","slug":"f-a-q-s","status":"publish","type":"page","link":"https:\/\/tinnitus-treatments.com\/de\/f-a-q-s\/","title":{"rendered":"F.A.Q.&#8217;s"},"content":{"rendered":"\t\t<div data-elementor-type=\"wp-page\" data-elementor-id=\"31879\" class=\"elementor elementor-31879 elementor-21331\" data-elementor-post-type=\"page\">\n\t\t\t\t\t\t<section class=\"elementor-section elementor-top-section elementor-element elementor-element-1068af1 elementor-section-boxed elementor-section-height-default elementor-section-height-default\" data-id=\"1068af1\" data-element_type=\"section\">\n\t\t\t\t\t\t<div class=\"elementor-container elementor-column-gap-default\">\n\t\t\t\t\t<div class=\"elementor-column elementor-col-50 elementor-top-column elementor-element elementor-element-98011a3\" data-id=\"98011a3\" data-element_type=\"column\" data-settings=\"{&quot;background_background&quot;:&quot;classic&quot;}\">\n\t\t\t<div class=\"elementor-widget-wrap elementor-element-populated\">\n\t\t\t\t\t\t<div class=\"elementor-element elementor-element-9bac3c2 elementor-widget elementor-widget-heading\" data-id=\"9bac3c2\" data-element_type=\"widget\" data-widget_type=\"heading.default\">\n\t\t\t\t<div class=\"elementor-widget-container\">\n\t\t\t\t\t<h1 class=\"elementor-heading-title elementor-size-default\">F.A.Q.'s<\/h1>\t\t\t\t<\/div>\n\t\t\t\t<\/div>\n\t\t\t\t\t<\/div>\n\t\t<\/div>\n\t\t\t\t<div class=\"elementor-column elementor-col-50 elementor-top-column elementor-element elementor-element-6a2208d\" data-id=\"6a2208d\" data-element_type=\"column\">\n\t\t\t<div class=\"elementor-widget-wrap elementor-element-populated\">\n\t\t\t\t\t\t<div class=\"elementor-element elementor-element-5bed655 elementor-widget elementor-widget-image\" data-id=\"5bed655\" data-element_type=\"widget\" data-widget_type=\"image.default\">\n\t\t\t\t<div class=\"elementor-widget-container\">\n\t\t\t\t\t\t\t\t\t\t\t\t\t\t\t<img decoding=\"async\" src=\"https:\/\/tinnitus-treatments.com\/wp-content\/uploads\/2021\/10\/tinnitus-treatments-sound-therapy.png\" title=\"Tinnitus-Behandlungen Klangtherapie\" alt=\"Tinnitus-Behandlungen Klangtherapie\" loading=\"lazy\" \/>\t\t\t\t\t\t\t\t\t\t\t\t\t\t\t<\/div>\n\t\t\t\t<\/div>\n\t\t\t\t\t<\/div>\n\t\t<\/div>\n\t\t\t\t\t<\/div>\n\t\t<\/section>\n\t\t\t\t<section class=\"elementor-section elementor-top-section elementor-element elementor-element-726b23d elementor-section-boxed elementor-section-height-default elementor-section-height-default\" data-id=\"726b23d\" data-element_type=\"section\" data-settings=\"{&quot;background_background&quot;:&quot;classic&quot;}\">\n\t\t\t\t\t\t<div class=\"elementor-container elementor-column-gap-default\">\n\t\t\t\t\t<div class=\"elementor-column elementor-col-100 elementor-top-column elementor-element elementor-element-6edf787\" data-id=\"6edf787\" data-element_type=\"column\">\n\t\t\t<div class=\"elementor-widget-wrap elementor-element-populated\">\n\t\t\t\t\t\t<div class=\"elementor-element elementor-element-1355af4 elementor-widget elementor-widget-text-editor\" data-id=\"1355af4\" data-element_type=\"widget\" data-widget_type=\"text-editor.default\">\n\t\t\t\t<div class=\"elementor-widget-container\">\n\t\t\t\t\t\t\t\t\t<p class=\"site-title\" style=\"text-align: left;\"><strong>1 &#8211; \u00dcber Tinnitus.<\/strong><\/p>\n<div class=\"page-content\">\n<div class=\"elementor elementor-129 elementor-edit-area elementor-edit-mode elementor-edit-area-active\" data-elementor-type=\"wp-page\" data-elementor-id=\"129\" data-elementor-title=\"Page\">\n<div class=\"elementor-inner\">\n<div class=\"elementor-section-wrap ui-sortable\">\n<section id=\"\" class=\"elementor-element elementor-element-edit-mode elementor-element-8e0054b elementor-section elementor-top-section elementor-section-boxed elementor-section-height-default\" data-id=\"8e0054b\" data-element_type=\"section\" data-model-cid=\"c38\">\n<div class=\"elementor-container elementor-column-gap-default\">\n<div class=\"elementor-row ui-sortable\">\n<div id=\"\" class=\"elementor-element elementor-element-edit-mode elementor-element-62dda90 elementor-element--toggle-edit-tools elementor-column elementor-top-column ui-resizable\" data-id=\"62dda90\" data-element_type=\"column\" data-col=\"100\" data-model-cid=\"c39\">\n<div class=\"elementor-column-wrap elementor-element-populated\">\n<div class=\"elementor-widget-wrap ui-sortable\">\n<div id=\"\" class=\"elementor-element elementor-element-edit-mode elementor-element-975102f elementor-element--toggle-edit-tools elementor-widget elementor-widget-text-editor\" data-id=\"975102f\" data-element_type=\"widget\" data-model-cid=\"c40\" data-widget_type=\"text-editor.default\">\n<div class=\"elementor-widget-container\">\n<div class=\"elementor-text-editor elementor-clearfix elementor-inline-editing\" data-elementor-setting-key=\"editor\" data-elementor-inline-editing-toolbar=\"advanced\">\n<ul>\n<li>Kann ich die Audiotherapie ohne \u00e4rztlichen Rat anwenden?<\/li>\n<\/ul>\n<p>Ja, aber bedenken Sie, dass die Audiobearbeitung in keiner Weise ein \u00e4rztliches Gutachten und\/oder eine medizinische Nachuntersuchung ersetzen kann.<\/p>\n<ul>\n<li>Ich sp\u00fcre meinen Tinnitus auf einer Seite, kann ich die Behandlung fortsetzen?<\/li>\n<\/ul>\n<p>Ja, Sie k\u00f6nnen die Behandlung auf die gleiche Weise durchf\u00fchren.<\/p>\n<ul>\n<li>Ich sp\u00fcre mehrere Tinnitus bei verschiedenen Frequenzen, was kann ich tun?<\/li>\n<\/ul>\n<p>Sie m\u00fcssen sich auf die Frequenz des dominanten Tinnitus konzentrieren.<\/p>\n<ul>\n<li>Ich leide an Hyperakusis, kann ich eine Audiotherapie machen?<\/li>\n<\/ul>\n<p>Unsere Therapie wurde nicht zur Behandlung von Hyperakusis entwickelt. In diesem besonderen Fall <strong>m\u00fcssen<\/strong> Sie vor der Anwendung der Audiotherapie den Rat Ihres Arztes oder Spezialisten einholen.<\/p>\n<\/div>\n<\/div>\n<\/div>\n<\/div>\n<\/div>\n<\/div>\n<\/div>\n<\/div>\n<\/section>\n<\/div>\n<\/div>\n<\/div>\n<\/div>\n\t\t\t\t\t\t\t\t<\/div>\n\t\t\t\t<\/div>\n\t\t\t\t\t<\/div>\n\t\t<\/div>\n\t\t\t\t\t<\/div>\n\t\t<\/section>\n\t\t\t\t<section class=\"elementor-section elementor-top-section elementor-element elementor-element-6841698 elementor-section-boxed elementor-section-height-default elementor-section-height-default\" data-id=\"6841698\" data-element_type=\"section\">\n\t\t\t\t\t\t<div class=\"elementor-container elementor-column-gap-default\">\n\t\t\t\t\t<div class=\"elementor-column elementor-col-100 elementor-top-column elementor-element elementor-element-0deec72\" data-id=\"0deec72\" data-element_type=\"column\">\n\t\t\t<div class=\"elementor-widget-wrap elementor-element-populated\">\n\t\t\t\t\t\t<div class=\"elementor-element elementor-element-6ae166c elementor-widget elementor-widget-image\" data-id=\"6ae166c\" data-element_type=\"widget\" data-widget_type=\"image.default\">\n\t\t\t\t<div class=\"elementor-widget-container\">\n\t\t\t\t\t\t\t\t\t\t\t\t\t\t\t<img fetchpriority=\"high\" decoding=\"async\" width=\"400\" height=\"278\" src=\"https:\/\/tinnitus-treatments.com\/wp-content\/uploads\/2021\/09\/faqs-about-tinnitus-400.png\" class=\"attachment-full size-full wp-image-31447\" alt=\"faqs \u00fcber tinnitus\" srcset=\"https:\/\/tinnitus-treatments.com\/wp-content\/uploads\/2021\/09\/faqs-about-tinnitus-400.png 400w, https:\/\/tinnitus-treatments.com\/wp-content\/uploads\/2021\/09\/faqs-about-tinnitus-400-300x209.png 300w\" sizes=\"(max-width: 400px) 100vw, 400px\" \/>\t\t\t\t\t\t\t\t\t\t\t\t\t\t\t<\/div>\n\t\t\t\t<\/div>\n\t\t\t\t\t<\/div>\n\t\t<\/div>\n\t\t\t\t\t<\/div>\n\t\t<\/section>\n\t\t\t\t<section class=\"elementor-section elementor-top-section elementor-element elementor-element-173bac7 elementor-section-boxed elementor-section-height-default elementor-section-height-default\" data-id=\"173bac7\" data-element_type=\"section\" data-settings=\"{&quot;background_background&quot;:&quot;classic&quot;}\">\n\t\t\t\t\t\t<div class=\"elementor-container elementor-column-gap-default\">\n\t\t\t\t\t<div class=\"elementor-column elementor-col-100 elementor-top-column elementor-element elementor-element-5fb0d1f\" data-id=\"5fb0d1f\" data-element_type=\"column\">\n\t\t\t<div class=\"elementor-widget-wrap elementor-element-populated\">\n\t\t\t\t\t\t<div class=\"elementor-element elementor-element-f3fc377 elementor-widget elementor-widget-text-editor\" data-id=\"f3fc377\" data-element_type=\"widget\" data-widget_type=\"text-editor.default\">\n\t\t\t\t<div class=\"elementor-widget-container\">\n\t\t\t\t\t\t\t\t\t<div class=\"page-content\">\n<div class=\"elementor elementor-129 elementor-edit-area elementor-edit-mode elementor-edit-area-active\" data-elementor-type=\"wp-page\" data-elementor-id=\"129\" data-elementor-title=\"Page\">\n<div class=\"elementor-inner\">\n<div class=\"elementor-section-wrap ui-sortable\">\n<section id=\"\" class=\"elementor-element elementor-element-edit-mode elementor-element-8e0054b elementor-section elementor-top-section elementor-section-boxed elementor-section-height-default\" data-id=\"8e0054b\" data-element_type=\"section\" data-model-cid=\"c38\">\n<div class=\"elementor-container elementor-column-gap-default\">\n<div class=\"elementor-row ui-sortable\">\n<div id=\"\" class=\"elementor-element elementor-element-edit-mode elementor-element-62dda90 elementor-element--toggle-edit-tools elementor-column elementor-top-column ui-resizable\" data-id=\"62dda90\" data-element_type=\"column\" data-col=\"100\" data-model-cid=\"c39\">\n<div class=\"elementor-column-wrap elementor-element-populated\">\n<div class=\"elementor-widget-wrap ui-sortable\">\n<div id=\"\" class=\"elementor-element elementor-element-edit-mode elementor-element-975102f elementor-element--toggle-edit-tools elementor-widget elementor-widget-text-editor\" data-id=\"975102f\" data-element_type=\"widget\" data-model-cid=\"c40\" data-widget_type=\"text-editor.default\">\n<div class=\"elementor-widget-container\">\n<div class=\"elementor-text-editor elementor-clearfix elementor-inline-editing\" data-elementor-setting-key=\"editor\" data-elementor-inline-editing-toolbar=\"advanced\">\n<p><strong>2 &#8211; \u00dcber die Audiotherapie.<\/strong><\/p>\n<ul>\n<li>Wie funktioniert die Audiotherapie?<\/li>\n<\/ul>\n<p>Bitte pr\u00fcfen Sie <a href=\"http:\/\/tinnitus-treatments.com\/de\/unsere-loesung\/\" target=\"_blank\" rel=\"noopener\">hier<\/a>.<\/p>\n<ul>\n<li>Was ist die wissenschaftliche Grundlage f\u00fcr die Audiotherapie?<\/li>\n<\/ul>\n<p>Unsere Therapie basiert auf den Forschungen von H. OKAMOTO, H. STRACKE, W. STOLL, C. PANTEV in M\u00fcnster, Deutschland, die <a href=\"http:\/\/tinnitus-treatments.com\/de\/notched-audio-therapy\/\" target=\"_blank\" rel=\"noopener\">hier<\/a> zusammengefasst sind. Die Originalver\u00f6ffentlichung finden Sie <a href=\"https:\/\/www.pnas.org\/content\/pnas\/107\/3\/1207.full.pdf\" target=\"_blank\" rel=\"noopener\">hier<\/a>\u00a0(auf Englisch).<\/p>\n<ul>\n<li>Ich kann die Frequenz meines Tinnitus nicht bestimmen.<\/li>\n<\/ul>\n<p>Dies kann problematisch sein. Seien Sie geduldig und ausdauernd, oder versuchen Sie es mit den folgenden Tipps:<\/p>\n<p>Singen Sie Ihren Tinnitus, w\u00e4hrend Sie die Frequenz des Players einstellen.<\/p>\n<p>Schneiden Sie den Ton des Spielers aus und wieder ein, um die Unterschiede zu sp\u00fcren.<\/p>\n<ul>\n<li>Kann ich mir die ganze Nacht eine Audiotherapie anh\u00f6ren?<\/li>\n<\/ul>\n<p>Ja, da gibt es keine Grenzen, au\u00dfer vielleicht die Geduld Ihres Partners! Achten Sie darauf, dass die Lautst\u00e4rke des Tons etwas niedriger ist als die Wahrnehmung Ihres Tinnitus.<\/p>\n<ul>\n<li>Kann ich mit einem Headset oder Kopfh\u00f6rer h\u00f6ren, und wie laut sollte ich h\u00f6ren?<\/li>\n<\/ul>\n<p>Ja, das ist in Ordnung und vielleicht sogar besser, weil Sie niemanden st\u00f6ren werden. Es ist ratsam, die Lautst\u00e4rke so einzustellen, dass die Audioverarbeitung etwas leiser ist als die vom Tinnitus wahrgenommene Lautst\u00e4rke.<\/p>\n<ul>\n<li>Wie lange k\u00f6nnen Sie sich die Audiobearbeitung anh\u00f6ren?<\/li>\n<\/ul>\n<p>Es gibt kein Limit, und die Wirksamkeit der Behandlung h\u00e4ngt von der H\u00f6rdauer ab. Nat\u00fcrlich m\u00fcssen Sie Ihre Umgebung respektieren, und es wird eine Mindestdauer von 30 Minuten pro Tag empfohlen.<\/p>\n<ul>\n<li>Kann ich Audiodateien von meinem Handy auf meinen Computer oder ein anderes Ger\u00e4t \u00fcbertragen und wie?<\/li>\n<\/ul>\n<p>Ja, Sie k\u00f6nnen Audiodateien im MP3-Format von Ihrem Handy auf Ihren Computer oder ein anderes Audiowiedergabeger\u00e4t \u00fcbertragen.<\/p>\n<p>Es kann schwierig sein, die heruntergeladenen Elemente auf Ihrem Telefon zu finden. Hier ist <a href=\"https:\/\/www.digitaltrends.com\/mobile\/how-to-find-downloads-iphone-android\/\" target=\"_blank\" rel=\"noopener\">ein Link, der Ihnen dabei hilft <\/a>(auf Englisch).<\/p>\n<ul>\n<li>Kann ich meine Audiodatei an meine Cousine weitergeben, die ebenfalls an Tinnitus leidet?<\/li>\n<\/ul>\n<p>Nein, die Audiotherapie ist auf die Behandlung Ihres Tinnitus zugeschnitten und wird nicht an die Pathologie einer anderen Person angepasst.<\/p>\n<ul>\n<li>Sind Atem- und Entspannungs\u00fcbungen obligatorisch?<\/li>\n<\/ul>\n<p>Nein, sie erg\u00e4nzen die Audiotherapie, aber Sie k\u00f6nnen sie auch alleine \u00fcben, wenn Sie m\u00f6chten.<\/p>\n<\/div>\n<\/div>\n<\/div>\n<\/div>\n<\/div>\n<\/div>\n<\/div>\n<\/div>\n<\/section>\n<\/div>\n<\/div>\n<\/div>\n<\/div>\n\t\t\t\t\t\t\t\t<\/div>\n\t\t\t\t<\/div>\n\t\t\t\t\t<\/div>\n\t\t<\/div>\n\t\t\t\t\t<\/div>\n\t\t<\/section>\n\t\t\t\t<section class=\"elementor-section elementor-top-section elementor-element elementor-element-96d0797 elementor-section-boxed elementor-section-height-default elementor-section-height-default\" data-id=\"96d0797\" data-element_type=\"section\">\n\t\t\t\t\t\t<div class=\"elementor-container elementor-column-gap-default\">\n\t\t\t\t\t<div class=\"elementor-column elementor-col-100 elementor-top-column elementor-element elementor-element-4dd7533\" data-id=\"4dd7533\" data-element_type=\"column\">\n\t\t\t<div class=\"elementor-widget-wrap elementor-element-populated\">\n\t\t\t\t\t\t<div class=\"elementor-element elementor-element-510ce71 elementor-widget elementor-widget-image\" data-id=\"510ce71\" data-element_type=\"widget\" data-widget_type=\"image.default\">\n\t\t\t\t<div class=\"elementor-widget-container\">\n\t\t\t\t\t\t\t\t\t\t\t\t\t\t\t<img decoding=\"async\" width=\"400\" height=\"278\" src=\"https:\/\/tinnitus-treatments.com\/wp-content\/uploads\/2021\/09\/faqs-about-audio-treatment-400.png\" class=\"attachment-full size-full wp-image-31418\" alt=\"faq&#039;s \u00fcber audio-aufbereitung\" srcset=\"https:\/\/tinnitus-treatments.com\/wp-content\/uploads\/2021\/09\/faqs-about-audio-treatment-400.png 400w, https:\/\/tinnitus-treatments.com\/wp-content\/uploads\/2021\/09\/faqs-about-audio-treatment-400-300x209.png 300w\" sizes=\"(max-width: 400px) 100vw, 400px\" \/>\t\t\t\t\t\t\t\t\t\t\t\t\t\t\t<\/div>\n\t\t\t\t<\/div>\n\t\t\t\t\t<\/div>\n\t\t<\/div>\n\t\t\t\t\t<\/div>\n\t\t<\/section>\n\t\t\t\t<section class=\"elementor-section elementor-top-section elementor-element elementor-element-85b7e9d elementor-section-boxed elementor-section-height-default elementor-section-height-default\" data-id=\"85b7e9d\" data-element_type=\"section\" data-settings=\"{&quot;background_background&quot;:&quot;classic&quot;}\">\n\t\t\t\t\t\t<div class=\"elementor-container elementor-column-gap-default\">\n\t\t\t\t\t<div class=\"elementor-column elementor-col-100 elementor-top-column elementor-element elementor-element-8a435a6\" data-id=\"8a435a6\" data-element_type=\"column\">\n\t\t\t<div class=\"elementor-widget-wrap elementor-element-populated\">\n\t\t\t\t\t\t<div class=\"elementor-element elementor-element-d51c53b elementor-widget elementor-widget-text-editor\" data-id=\"d51c53b\" data-element_type=\"widget\" data-widget_type=\"text-editor.default\">\n\t\t\t\t<div class=\"elementor-widget-container\">\n\t\t\t\t\t\t\t\t\t<div class=\"page-content\">\n<div class=\"elementor elementor-129 elementor-edit-area elementor-edit-mode elementor-edit-area-active\" data-elementor-type=\"wp-page\" data-elementor-id=\"129\" data-elementor-title=\"Page\">\n<div class=\"elementor-inner\">\n<div class=\"elementor-section-wrap ui-sortable\">\n<section id=\"\" class=\"elementor-element elementor-element-edit-mode elementor-element-8e0054b elementor-section elementor-top-section elementor-section-boxed elementor-section-height-default\" data-id=\"8e0054b\" data-element_type=\"section\" data-model-cid=\"c38\">\n<div class=\"elementor-container elementor-column-gap-default\">\n<div class=\"elementor-row ui-sortable\">\n<div id=\"\" class=\"elementor-element elementor-element-edit-mode elementor-element-62dda90 elementor-element--toggle-edit-tools elementor-column elementor-top-column ui-resizable\" data-id=\"62dda90\" data-element_type=\"column\" data-col=\"100\" data-model-cid=\"c39\">\n<div class=\"elementor-column-wrap elementor-element-populated\">\n<div class=\"elementor-widget-wrap ui-sortable\">\n<div id=\"\" class=\"elementor-element elementor-element-edit-mode elementor-element-975102f elementor-element--toggle-edit-tools elementor-widget elementor-widget-text-editor\" data-id=\"975102f\" data-element_type=\"widget\" data-model-cid=\"c40\" data-widget_type=\"text-editor.default\">\n<div class=\"elementor-widget-container\">\n<div class=\"elementor-text-editor elementor-clearfix elementor-inline-editing\" data-elementor-setting-key=\"editor\" data-elementor-inline-editing-toolbar=\"advanced\">\n<p><strong>3 &#8211; Verwaltung<\/strong><\/p>\n<ul>\n<li>Ich m\u00f6chte den Newsletter nicht mehr erhalten, was kann ich tun?<\/li>\n<\/ul>\n<p>Senden Sie einfach eine E-Mail mit dem Betreff &#8222;Unsuscribe&#8220; an <a href=\"mailto:contact@atinysilence.com\" target=\"_blank\" rel=\"noopener\">contact@atinysilence.com<\/a>.<\/p>\n<ul>\n<li>Wie werden meine personenbezogenen Daten verwaltet und welche Rechte habe ich?<\/li>\n<\/ul>\n<p>Ihre personenbezogenen Daten werden in \u00dcbereinstimmung mit der Verordnung (EU) 2016\/679 vom 27. April 2016 (GDPR) verwaltet; weitere Informationen finden Sie in unserer <a href=\"http:\/\/tinnitus-treatments.com\/de\/datenschutzbestimmungen\/\" target=\"_blank\" rel=\"noopener\">Datenschutzerkl\u00e4rung<\/a><em>.<\/em><\/p>\n<ul>\n<li>Wird die Behandlung nach erfolgter Zahlung lebenslang \u00fcbernommen?<\/li>\n<\/ul>\n<p>Ja, mit der einmaligen Zahlung erhalten Sie das uneingeschr\u00e4nkte und nicht ver\u00e4u\u00dferbare Recht, Ihre personalisierte Audiobearbeitung auf jedem Medium Ihrer Wahl zu nutzen.<\/p>\n<\/div>\n<\/div>\n<\/div>\n<\/div>\n<\/div>\n<\/div>\n<\/div>\n<\/div>\n<\/section>\n<\/div>\n<\/div>\n<\/div>\n<\/div>\n\t\t\t\t\t\t\t\t<\/div>\n\t\t\t\t<\/div>\n\t\t\t\t\t<\/div>\n\t\t<\/div>\n\t\t\t\t\t<\/div>\n\t\t<\/section>\n\t\t\t\t<\/div>\n\t\t","protected":false},"excerpt":{"rendered":"<p>F.A.Q.&#8217;s 1 &#8211; \u00dcber Tinnitus. Kann ich die Audiotherapie ohne \u00e4rztlichen Rat anwenden? Ja, aber bedenken Sie, dass die Audiobearbeitung in keiner Weise ein \u00e4rztliches Gutachten und\/oder eine medizinische Nachuntersuchung ersetzen kann. Ich sp\u00fcre meinen Tinnitus auf einer Seite, kann ich die Behandlung fortsetzen? Ja, Sie k\u00f6nnen die Behandlung auf die gleiche Weise durchf\u00fchren. Ich [&hellip;]<\/p>\n","protected":false},"author":1,"featured_media":0,"parent":0,"menu_order":0,"comment_status":"closed","ping_status":"closed","template":"","meta":{"pmpro_default_level":"","footnotes":""},"class_list":["post-31879","page","type-page","status-publish","hentry","pmpro-has-access"],"_links":{"self":[{"href":"https:\/\/tinnitus-treatments.com\/de\/wp-json\/wp\/v2\/pages\/31879","targetHints":{"allow":["GET"]}}],"collection":[{"href":"https:\/\/tinnitus-treatments.com\/de\/wp-json\/wp\/v2\/pages"}],"about":[{"href":"https:\/\/tinnitus-treatments.com\/de\/wp-json\/wp\/v2\/types\/page"}],"author":[{"embeddable":true,"href":"https:\/\/tinnitus-treatments.com\/de\/wp-json\/wp\/v2\/users\/1"}],"replies":[{"embeddable":true,"href":"https:\/\/tinnitus-treatments.com\/de\/wp-json\/wp\/v2\/comments?post=31879"}],"version-history":[{"count":0,"href":"https:\/\/tinnitus-treatments.com\/de\/wp-json\/wp\/v2\/pages\/31879\/revisions"}],"wp:attachment":[{"href":"https:\/\/tinnitus-treatments.com\/de\/wp-json\/wp\/v2\/media?parent=31879"}],"curies":[{"name":"wp","href":"https:\/\/api.w.org\/{rel}","templated":true}]}}