{"id":31877,"date":"2021-08-10T13:44:37","date_gmt":"2021-08-10T13:44:37","guid":{"rendered":"http:\/\/tinnitus-treatments.com\/datenschutzbestimmungen\/"},"modified":"2022-02-02T07:13:30","modified_gmt":"2022-02-02T07:13:30","slug":"datenschutzbestimmungen","status":"publish","type":"page","link":"https:\/\/tinnitus-treatments.com\/de\/datenschutzbestimmungen\/","title":{"rendered":"Datenschutzrichtlinie"},"content":{"rendered":"\t\t<div data-elementor-type=\"wp-page\" data-elementor-id=\"31877\" class=\"elementor elementor-31877 elementor-21384\" data-elementor-post-type=\"page\">\n\t\t\t\t\t\t<section class=\"elementor-section elementor-top-section elementor-element elementor-element-17fbe89 elementor-section-boxed elementor-section-height-default elementor-section-height-default\" data-id=\"17fbe89\" data-element_type=\"section\">\n\t\t\t\t\t\t<div class=\"elementor-container elementor-column-gap-default\">\n\t\t\t\t\t<div class=\"elementor-column elementor-col-50 elementor-top-column elementor-element elementor-element-e17a44a\" data-id=\"e17a44a\" data-element_type=\"column\" data-settings=\"{&quot;background_background&quot;:&quot;classic&quot;}\">\n\t\t\t<div class=\"elementor-widget-wrap elementor-element-populated\">\n\t\t\t\t\t\t<div class=\"elementor-element elementor-element-798d451 elementor-widget elementor-widget-heading\" data-id=\"798d451\" data-element_type=\"widget\" data-widget_type=\"heading.default\">\n\t\t\t\t<div class=\"elementor-widget-container\">\n\t\t\t\t\t<h1 class=\"elementor-heading-title elementor-size-default\">Datenschutzrichtlinie<\/h1>\t\t\t\t<\/div>\n\t\t\t\t<\/div>\n\t\t\t\t\t<\/div>\n\t\t<\/div>\n\t\t\t\t<div class=\"elementor-column elementor-col-50 elementor-top-column elementor-element elementor-element-19025b0\" data-id=\"19025b0\" data-element_type=\"column\">\n\t\t\t<div class=\"elementor-widget-wrap elementor-element-populated\">\n\t\t\t\t\t\t<div class=\"elementor-element elementor-element-38eeb6b elementor-widget elementor-widget-image\" data-id=\"38eeb6b\" data-element_type=\"widget\" data-widget_type=\"image.default\">\n\t\t\t\t<div class=\"elementor-widget-container\">\n\t\t\t\t\t\t\t\t\t\t\t\t\t\t\t<img decoding=\"async\" src=\"https:\/\/tinnitus-treatments.com\/wp-content\/uploads\/2021\/10\/tinnitus-audio-therapy.jpg\" title=\"Tinnitus Audio-Therapie\" alt=\"Tinnitus Audio-Therapie\" loading=\"lazy\" \/>\t\t\t\t\t\t\t\t\t\t\t\t\t\t\t<\/div>\n\t\t\t\t<\/div>\n\t\t\t\t\t<\/div>\n\t\t<\/div>\n\t\t\t\t\t<\/div>\n\t\t<\/section>\n\t\t\t\t<section class=\"elementor-section elementor-top-section elementor-element elementor-element-9b9f14e elementor-section-boxed elementor-section-height-default elementor-section-height-default\" data-id=\"9b9f14e\" data-element_type=\"section\">\n\t\t\t\t\t\t<div class=\"elementor-container elementor-column-gap-default\">\n\t\t\t\t\t<div class=\"elementor-column elementor-col-100 elementor-top-column elementor-element elementor-element-3c2fd5b\" data-id=\"3c2fd5b\" data-element_type=\"column\">\n\t\t\t<div class=\"elementor-widget-wrap elementor-element-populated\">\n\t\t\t\t\t\t<div class=\"elementor-element elementor-element-920a7a6 elementor-widget elementor-widget-text-editor\" data-id=\"920a7a6\" data-element_type=\"widget\" data-widget_type=\"text-editor.default\">\n\t\t\t\t<div class=\"elementor-widget-container\">\n\t\t\t\t\t\t\t\t\t<h2><strong>Definitionen.<\/strong><\/h2>\n<p>&#8222;A Tiny Silence&#8220; oder &#8222;der Herausgeber&#8220; bedeutet &#8222;A Tiny Silence&#8220;, vereinfachte Aktiengesellschaft mit einem Kapital von 200 Euro, eingetragen im Handels- und Gesellschaftsregister von Narbonne unter der Nummer 216 455 88 77 und mit Sitz in 140 rue du Moulinas, Nefs des Sables 25K4, 11370 Leucate, Frankreich.<\/p>\n<p>&#8222;Website&#8220; oder Websites sind die Website oder Websites des Herausgebers, die unter https:\/\/atinysilence.com und http:\/\/tinnitus-treatments.com zug\u00e4nglich sind.<\/p>\n<p>&#8222;Anwendung&#8220; bedeutet die vom Herausgeber entwickelte Anwendung.<\/p>\n<p>&#8222;Inhalt&#8220; bezeichnet den Inhalt der Website und\/oder der Anwendung.<\/p>\n<p>&#8222;Nutzer&#8220; bezeichnet die Person(en), die die Website und\/oder die Anwendung nutzt (nutzen).<\/p>\n<p>&#8222;Benutzerkonto&#8220; bezeichnet das Konto, das bei der Registrierung eines Benutzers erstellt wird.<\/p>\n<p>&#8222;Personenbezogene Daten&#8220; sind pers\u00f6nliche Informationen, die den Nutzer identifizieren.<\/p>\n<\/p>\n<h2><strong>Pers\u00f6nliche Daten.<\/strong><\/h2>\n<p>Die Erhebung und Verarbeitung personenbezogener Daten durch den Herausgeber erfolgt in \u00dcbereinstimmung mit den Bestimmungen der EU-Verordnung Nr. 2016\/679 vom 27. April 2016, bekannt als &#8222;GDPR&#8220; (die &#8222;geltende Verordnung&#8220;).<\/p>\n<p>Bei der Erstellung eines Benutzerkontos werden folgende personenbezogene Daten erhoben:<\/p>\n<ul>\n<li>H\u00e4ufigkeit des Tinnitus, wie vom Benutzer ausgew\u00e4hlt,<\/li>\n<li>Benutzernamen,<\/li>\n<li>Zugangscode,<\/li>\n<li>E-Mail Adresse,<\/li>\n<li>Datum und Uhrzeit der Erstellung.<\/li>\n<\/ul>\n<h3>Verwendung.<\/h3>\n<p>Personenbezogene Daten d\u00fcrfen vom Herausgeber nur f\u00fcr folgende Zwecke verwendet werden:<\/p>\n<ul>\n<li>Personalisierte Identifizierung von Tinnitus.<\/li>\n<li>Erstellung und Verwaltung des Benutzerkontos.<\/li>\n<li>Bereitstellung von personalisierten Dienstleistungen.<\/li>\n<li>Zugang zur Website und zur Anwendung und Bek\u00e4mpfung von Eindringlingen und Missbrauch.<\/li>\n<li>Zusendung von kommerziellen Informationen und \/ oder eines Newsletters an den Nutzer.<\/li>\n<li>Benachrichtigung des Nutzers \u00fcber \u00c4nderungen der Website, der Anwendung, des Inhalts und\/oder der Datenschutzrichtlinie und der Allgemeinen Gesch\u00e4ftsbedingungen.<\/li>\n<li>Statistische Analysen mit dem Ziel, den Inhalt zu verbessern.<\/li>\n<\/ul>\n<h3> <\/h3>\n<h3>Rechte des Nutzers.<\/h3>\n<p>In \u00dcbereinstimmung mit den geltenden Bestimmungen kann der Nutzer jederzeit von seinem Recht Gebrauch machen:<\/p>\n<ul>\n<li>dem Erhalt des Newsletters und\/oder kommerzieller Angebote des Verlags widersprechen.<\/li>\n<li>Zugang zu erhalten und\/oder die Berichtigung oder L\u00f6schung von personenbezogenen Daten zu erwirken.<\/li>\n<li>die L\u00f6schung seines Benutzerkontos zu erwirken.<\/li>\n<\/ul>\n<p>indem sie den Herausgeber unter der E-Mail-Adresse contact@atinysilence.com \u00fcber ihre Absicht informieren. Bitte angeben: Gegenstand: personal data<\/p>\n<p>Um die Sicherheit und Vertraulichkeit der personenbezogenen Daten zu wahren, muss diesem Antrag ein Identit\u00e4tsnachweis beigef\u00fcgt werden. Der Berechtigungsnachweis wird vernichtet, sobald der Antrag bearbeitet wurde.<\/p>\n<p>Im Falle unbegr\u00fcndeter oder \u00fcberm\u00e4\u00dfiger Anfragen, insbesondere aufgrund ihres wiederholten Charakters, beh\u00e4lt sich der Herausgeber das Recht vor, jede Anfrage eines Nutzers, die auf eine vom Herausgeber ordnungsgem\u00e4\u00df erf\u00fcllte Anfrage zum selben Thema folgt, in Rechnung zu stellen oder nicht zu bearbeiten.<\/p>\n<\/p>\n<h3>Beg\u00fcnstigte.<\/h3>\n<p>Die pers\u00f6nlichen Daten, die der Nutzer bei der Anmeldung angibt, werden nur vom Herausgeber verwendet und sind nicht Gegenstand einer kommerziellen Nutzung oder eines Verkaufs oder einer Weitergabe an Dritte.<\/p>\n<\/p>\n<h3>Konservierung.<\/h3>\n<p>Der Herausgeber bewahrt die personenbezogenen Daten f\u00fcr drei (3) Jahre ab dem Datum des Abonnements auf, es sei denn, die Aufbewahrung der personenbezogenen Daten ist zur Erf\u00fcllung gesetzlicher, beh\u00f6rdlicher, buchhalterischer oder steuerlicher Verpflichtungen erforderlich, und kann sie gegebenenfalls in anonymisierter Form aufbewahren.<\/p>\n<\/p>\n<h3>Sicherheit.<\/h3>\n<p>Der Herausgeber setzt alle organisatorischen, softwaretechnischen, rechtlichen, technischen und physischen Mittel ein, um die Vertraulichkeit und Sicherheit der personenbezogenen Daten zu gew\u00e4hrleisten, um deren Besch\u00e4digung, L\u00f6schung oder Zugriff durch unbefugte Dritte zu verhindern.<\/p>\n<\/p>\n<h3>Unterauftragsvergabe.<\/h3>\n<p>Die erhobenen Daten k\u00f6nnen an Unterauftragnehmer weitergegeben werden, die vertraglich mit bestimmten Aufgaben betraut sind. Bei der Erbringung ihrer Dienstleistungen haben die Unterauftragnehmer nur begrenzten Zugang zu den personenbezogenen Daten und sind vertraglich verpflichtet, diese in \u00dcbereinstimmung mit den geltenden Rechtsvorschriften zum Schutz personenbezogener Daten zu verwenden.<\/p>\n<\/p>\n<h3>Tragbarkeit \/ Umkehrbarkeit.<\/h3>\n<p>In \u00dcbereinstimmung mit den geltenden Bestimmungen und gegen Vorlage eines Identit\u00e4tsnachweises kann der Nutzer die kostenlose R\u00fcckg\u00e4ngigmachung seiner personenbezogenen Daten verlangen, indem er den Herausgeber per Einschreiben mit R\u00fcckschein benachrichtigt.<br \/>Die R\u00fcckgabe der personenbezogenen Daten erfolgt in Form einer Standarddatei, die dem Nutzer innerhalb von h\u00f6chstens drei\u00dfig (30) Tagen nach der Anfrage per E-Mail zugesandt wird.<\/p>\n<\/p>\n<h3>Abgeleitete Daten.<\/h3>\n<p>In \u00dcbereinstimmung mit den geltenden Bestimmungen wird der Nutzer dar\u00fcber informiert, dass personenbezogene Daten, die vom Herausgeber aus den vom Nutzer bereitgestellten Daten abgeleitet, berechnet oder erstellt werden, vom Recht auf \u00dcbertragbarkeit ausgeschlossen sind, sofern sie nicht vom Nutzer bereitgestellt, sondern vom Herausgeber erstellt wurden.<\/p>\n<\/p>\n<h3>\u00dcbertragung.<\/h3>\n<p>Die personenbezogenen Daten werden in der Europ\u00e4ischen Union verarbeitet und gespeichert.<\/p>\n<\/p>\n<p>Der Nutzer wird darauf hingewiesen, dass er sich an die Commission Nationale de l&#8217;Informatique et des Libert\u00e9s wenden kann: 3 Place de Fontenoy &#8211; TSA 80715 &#8211; 75334 PARIS CEDEX 07.<\/p>\n\t\t\t\t\t\t\t\t<\/div>\n\t\t\t\t<\/div>\n\t\t\t\t\t<\/div>\n\t\t<\/div>\n\t\t\t\t\t<\/div>\n\t\t<\/section>\n\t\t\t\t<\/div>\n\t\t","protected":false},"excerpt":{"rendered":"<p>Datenschutzrichtlinie Definitionen. &#8222;A Tiny Silence&#8220; oder &#8222;der Herausgeber&#8220; bedeutet &#8222;A Tiny Silence&#8220;, vereinfachte Aktiengesellschaft mit einem Kapital von 200 Euro, eingetragen im Handels- und Gesellschaftsregister von Narbonne unter der Nummer 216 455 88 77 und mit Sitz in 140 rue du Moulinas, Nefs des Sables 25K4, 11370 Leucate, Frankreich. &#8222;Website&#8220; oder Websites sind die Website [&hellip;]<\/p>\n","protected":false},"author":1,"featured_media":0,"parent":0,"menu_order":0,"comment_status":"closed","ping_status":"closed","template":"","meta":{"pmpro_default_level":"","footnotes":""},"class_list":["post-31877","page","type-page","status-publish","hentry","pmpro-has-access"],"_links":{"self":[{"href":"https:\/\/tinnitus-treatments.com\/de\/wp-json\/wp\/v2\/pages\/31877","targetHints":{"allow":["GET"]}}],"collection":[{"href":"https:\/\/tinnitus-treatments.com\/de\/wp-json\/wp\/v2\/pages"}],"about":[{"href":"https:\/\/tinnitus-treatments.com\/de\/wp-json\/wp\/v2\/types\/page"}],"author":[{"embeddable":true,"href":"https:\/\/tinnitus-treatments.com\/de\/wp-json\/wp\/v2\/users\/1"}],"replies":[{"embeddable":true,"href":"https:\/\/tinnitus-treatments.com\/de\/wp-json\/wp\/v2\/comments?post=31877"}],"version-history":[{"count":0,"href":"https:\/\/tinnitus-treatments.com\/de\/wp-json\/wp\/v2\/pages\/31877\/revisions"}],"wp:attachment":[{"href":"https:\/\/tinnitus-treatments.com\/de\/wp-json\/wp\/v2\/media?parent=31877"}],"curies":[{"name":"wp","href":"https:\/\/api.w.org\/{rel}","templated":true}]}}