{"id":31875,"date":"2021-08-10T14:12:37","date_gmt":"2021-08-10T14:12:37","guid":{"rendered":"http:\/\/tinnitus-treatments.com\/allgemeine-verkaufsbedingungen\/"},"modified":"2022-02-02T07:13:48","modified_gmt":"2022-02-02T07:13:48","slug":"allgemeine-verkaufsbedingungen","status":"publish","type":"page","link":"https:\/\/tinnitus-treatments.com\/de\/allgemeine-verkaufsbedingungen\/","title":{"rendered":"Allgemeine Verkaufsbedingungen"},"content":{"rendered":"\t\t<div data-elementor-type=\"wp-page\" data-elementor-id=\"31875\" class=\"elementor elementor-31875 elementor-21399\" data-elementor-post-type=\"page\">\n\t\t\t\t\t\t<section class=\"elementor-section elementor-top-section elementor-element elementor-element-efc0b98 elementor-section-boxed elementor-section-height-default elementor-section-height-default\" data-id=\"efc0b98\" data-element_type=\"section\">\n\t\t\t\t\t\t<div class=\"elementor-container elementor-column-gap-default\">\n\t\t\t\t\t<div class=\"elementor-column elementor-col-50 elementor-top-column elementor-element elementor-element-9e19e12\" data-id=\"9e19e12\" data-element_type=\"column\" data-settings=\"{&quot;background_background&quot;:&quot;classic&quot;}\">\n\t\t\t<div class=\"elementor-widget-wrap elementor-element-populated\">\n\t\t\t\t\t\t<div class=\"elementor-element elementor-element-7872481 elementor-widget elementor-widget-heading\" data-id=\"7872481\" data-element_type=\"widget\" data-widget_type=\"heading.default\">\n\t\t\t\t<div class=\"elementor-widget-container\">\n\t\t\t\t\t<h1 class=\"elementor-heading-title elementor-size-default\">Allgemeinen Gesch\u00e4ftsbedingungen<\/h1>\t\t\t\t<\/div>\n\t\t\t\t<\/div>\n\t\t\t\t\t<\/div>\n\t\t<\/div>\n\t\t\t\t<div class=\"elementor-column elementor-col-50 elementor-top-column elementor-element elementor-element-20f59d8\" data-id=\"20f59d8\" data-element_type=\"column\">\n\t\t\t<div class=\"elementor-widget-wrap elementor-element-populated\">\n\t\t\t\t\t\t<div class=\"elementor-element elementor-element-2cfc90e elementor-widget elementor-widget-image\" data-id=\"2cfc90e\" data-element_type=\"widget\" data-widget_type=\"image.default\">\n\t\t\t\t<div class=\"elementor-widget-container\">\n\t\t\t\t\t\t\t\t\t\t\t\t\t\t\t<img decoding=\"async\" src=\"https:\/\/tinnitus-treatments.com\/wp-content\/uploads\/2021\/10\/tinnitus-audio-therapy.jpg\" title=\"Tinnitus Audio-Therapie\" alt=\"Tinnitus Audio-Therapie\" loading=\"lazy\" \/>\t\t\t\t\t\t\t\t\t\t\t\t\t\t\t<\/div>\n\t\t\t\t<\/div>\n\t\t\t\t\t<\/div>\n\t\t<\/div>\n\t\t\t\t\t<\/div>\n\t\t<\/section>\n\t\t\t\t<section class=\"elementor-section elementor-top-section elementor-element elementor-element-5f3b811 elementor-section-boxed elementor-section-height-default elementor-section-height-default\" data-id=\"5f3b811\" data-element_type=\"section\">\n\t\t\t\t\t\t<div class=\"elementor-container elementor-column-gap-default\">\n\t\t\t\t\t<div class=\"elementor-column elementor-col-100 elementor-top-column elementor-element elementor-element-61751f4\" data-id=\"61751f4\" data-element_type=\"column\">\n\t\t\t<div class=\"elementor-widget-wrap elementor-element-populated\">\n\t\t\t\t\t\t<div class=\"elementor-element elementor-element-bdc2e50 elementor-widget elementor-widget-text-editor\" data-id=\"bdc2e50\" data-element_type=\"widget\" data-widget_type=\"text-editor.default\">\n\t\t\t\t<div class=\"elementor-widget-container\">\n\t\t\t\t\t\t\t\t\t<p>\u2018A Tiny Silence\u2019<br \/>\nNUTZUNGSBESTIMMUNGEN UND -BEDINGUNGEN<br \/>\nArtikel 1. Definitionen.<br \/>\n&#8222;A Tiny Silence&#8220; oder &#8222;der Herausgeber&#8220; bedeutet &#8222;A Tiny Silence&#8220;, vereinfachte Aktiengesellschaft mit einem Kapital von 200 Euro, eingetragen im Handels- und Gesellschaftsregister von Narbonne unter der Nummer 216 455 88 77 und mit Sitz in 140 rue du Moulinas, Nefs des Sables 25K4, 11370 Leucate.<\/p>\n<p>&#8222;Website&#8220; bezeichnet die Website des Herausgebers, die unter http:\/\/tinnitus-treatments.com und https:\/\/atinysilence.com zug\u00e4nglich ist.<br \/>\n&#8222;Anwendung&#8220; bezeichnet die vom Herausgeber erstellte, entwickelte und vermarktete Softwarel\u00f6sung, die online verf\u00fcgbar ist und auf dem Endger\u00e4t des Nutzers als mobile Anwendung heruntergeladen werden kann.<br \/>\n&#8222;Dienste&#8220; bezeichnet alle Dienste, die dem Nutzer auf der Website und in der Anwendung angeboten werden.<br \/>\n&#8222;Inhalt&#8220; bezeichnet alle Informationen, Ratschl\u00e4ge und Dienste auf der Website und\/oder in der Anwendung.<br \/>\n&#8222;Terminal&#8220; bezeichnet jeden Computer oder jedes Kommunikationsger\u00e4t, das den Zugang zum Inhalt erm\u00f6glicht.<br \/>\n&#8222;Nutzer&#8220;, &#8222;Nutzer&#8220; oder &#8222;Endnutzer&#8220; bezeichnet die Person(en), die die Website, die Anwendung und\/oder den Inhalt nutzen.<br \/>\n&#8222;Partei(en)&#8220; oder &#8222;Die Parteien&#8220; bezeichnet einzeln oder gemeinsam den Herausgeber und\/oder den\/die Nutzer.<br \/>\n&#8222;NB&#8220; bezeichnet diese Nutzungsbedingungen, die die Bedingungen f\u00fcr den Zugang und die Nutzung der Website, der Anwendung und der Dienste sowie die Rechte und Pflichten der Parteien gem\u00e4\u00df den NB regeln.<br \/>\n&#8222;Pers\u00f6nliche Daten&#8220; sind pers\u00f6nliche Informationen, die den Nutzer identifizieren, um ihm die Dienste anbieten zu k\u00f6nnen.<\/p>\n<p>Artikel 2. Gegenstand.<br \/>\nDie NB definieren :<br \/>\n&#8211; 1 &#8211; Die Art und Weise, wie die Nutzer auf die Website, die Anwendung und die Dienste f\u00fcr den pers\u00f6nlichen Gebrauch zu nicht-kommerziellen Zwecken zugreifen und diese nutzen.<br \/>\n&#8211; 2 &#8211; Die Rechte, Pflichten und Beschr\u00e4nkungen der Parteien.<br \/>\nDie NB gelten ohne jegliche Einschr\u00e4nkung oder Verz\u00f6gerung f\u00fcr alle Aktualisierungen oder Patches der Website, der Anwendung und\/oder der Dienste, die vom Herausgeber bereitgestellt werden.<\/p>\n<p>Artikel 3. Akzeptanz.<br \/>\nDer Zugang zu den Inhalten und deren Nutzung setzt die vollst\u00e4ndige und ungeteilte vorherige Zustimmung des Nutzers zu den vorliegenden NB voraus.<br \/>\n.<br \/>\nArtikel 4. Begrenzung der Haftung.<br \/>\n. Der Nutzer akzeptiert und erkennt an:<br \/>\n&#8211; 1 &#8211; dass gem\u00e4\u00df den Bestimmungen des Artikels L.5211-1 des Gesetzes \u00fcber das \u00f6ffentliche Gesundheitswesen der vom Herausgeber zur Verf\u00fcgung gestellte Inhalt nur zu diagnostischen oder therapeutischen Zwecken verwendet werden darf.<br \/>\n&#8211; 2 &#8211; dass die Verpflichtung zur Erbringung von Dienstleistungen durch den Herausgeber auf eine Verpflichtung zur Bereitstellung von Mitteln beschr\u00e4nkt ist und keine Garantie f\u00fcr die Verbesserung oder Heilung einer wie auch immer gearteten Pathologie bietet.<br \/>\n&#8211; 3 &#8211; dass die zur Verf\u00fcgung gestellten Informationen weder vollst\u00e4ndig noch ersch\u00f6pfend sind und dass diese Informationen nicht alle verschiedenen Symptome, Medikamente und Behandlungen abdecken, die f\u00fcr die betreffenden Pathologien geeignet sind.<br \/>\n&#8211; 4 &#8211; dass die auf der Website und\/oder der Anwendung verf\u00fcgbaren Informationen, Ratschl\u00e4ge und Dienstleistungen (der &#8222;Inhalt&#8220;) keine Beziehung zwischen Patient und Arzt begr\u00fcnden, weder direkt noch indirekt eine medizinische Beratung darstellen und in keiner Weise den Rat eines Arztes oder Gesundheitsdienstleisters f\u00fcr die Diagnose oder Behandlung von H\u00f6r- oder anderen St\u00f6rungen ersetzen k\u00f6nnen.<br \/>\nDer Nutzer wird daher aufgefordert, seinen Arzt zu konsultieren, bevor er eine gesundheitliche Entscheidung trifft, und er sollte auf keinen Fall die Inanspruchnahme eines \u00e4rztlichen Rates hinausz\u00f6gern, einen \u00e4rztlichen Rat ignorieren oder eine medizinische Behandlung aufgrund des Inhalts abbrechen.<br \/>\nAndererseits wird der Nutzer ordnungsgem\u00e4\u00df dar\u00fcber informiert, dass der Inhalt auf wissenschaftlichen Arbeiten von \u00c4rzten beruht, aber nicht von \u00c4rzten geschrieben oder erstellt wurde.<br \/>\nDaraus folgt, dass die Nutzung der Website, der Anwendung und des Inhalts in der Verantwortung des Nutzers liegt und der Herausgeber keine direkte oder indirekte Verantwortung f\u00fcr die vom Nutzer getroffenen Entscheidungen, die ganz oder teilweise auf dem Inhalt basieren, sowie f\u00fcr direkte oder indirekte Sch\u00e4den, Verluste oder Folgen, die sich daraus ergeben k\u00f6nnen, \u00fcbernimmt.<\/p>\n<p>Artikel 5. Geistiges Eigentum.<br \/>\nF\u00fcr alle L\u00e4nder beh\u00e4lt der Verlag alle geistigen und kommerziellen Eigentumsrechte, darunter insbesondere<br \/>\n&#8211; Marken, Firmennamen, Handelsnamen, Warenzeichen und Domainnamen,<br \/>\n&#8211; Darstellungen oder grafische Elemente,<br \/>\n&#8211; Audio-Kreationen,<br \/>\n&#8211; sowie alle Ratschl\u00e4ge und Dienstleistungen,<br \/>\ndie auf der Website und\/oder in der Anwendung verf\u00fcgbar sind.<br \/>\nDie NB impliziert keine \u00dcbertragung von Rechten des geistigen Eigentums an den Nutzer.<br \/>\nFolglich sind alle Vorg\u00e4nge der Vervielf\u00e4ltigung, der \u00dcbersetzung, der Verbreitung, des Vertriebs, der Darstellung, der Anpassung, der \u00c4nderung, der Vermarktung, der Vergabe von Unterlizenzen in Bezug auf alle oder einen Teil der geistigen Eigentumsrechte des Herausgebers unabh\u00e4ngig von Zweck, Medium, Dauer, Ort und verwendeten Mitteln verboten.<\/p>\n<p>Artikel 6. Benutzerkonto.<br \/>\nVor der Nutzung der Dienste erstellt der Benutzer ein Benutzerkonto (das &#8222;Benutzerkonto&#8220;), das ihm den Zugang zu seinem Benutzerbereich und den Diensten erm\u00f6glicht.<br \/>\nDer Nutzer erkl\u00e4rt, vollj\u00e4hrig zu sein oder die Erlaubnis eines Erziehungsberechtigten zu haben.<br \/>\nDer Benutzer erkennt an, dass das Benutzerkonto streng pers\u00f6nlich, unteilbar und nicht \u00fcbertragbar ist.<br \/>\nDie Verwendung eines Benutzernamens, der gegen geltendes Recht verst\u00f6\u00dft, kann zur Sperrung oder Schlie\u00dfung des Benutzerkontos durch den Herausgeber f\u00fchren.<br \/>\nDer Nutzer verpflichtet sich, seine Anmeldedaten und Passw\u00f6rter streng vertraulich zu behandeln.<br \/>\nA Tiny Silence&#8220; kann nicht f\u00fcr eine betr\u00fcgerische Nutzung des Benutzerkontos und\/oder deren direkte oder indirekte Folgen verantwortlich gemacht werden.<\/p>\n<p>Artikel 7. Pers\u00f6nliche Daten.<br \/>\nPersonenbezogene Daten werden vom Herausgeber in \u00dcbereinstimmung mit den Bestimmungen der EU-Verordnung Nr. 2016\/679 vom 27. April 2016, bekannt als &#8222;GDPR&#8220;, (die &#8222;Anwendbare Verordnung&#8220;) erhoben und verarbeitet.<br \/>\nErhebung:<br \/>\nDie erhobenen personenbezogenen Daten sind:<br \/>\n&#8211; Bei der Erstellung eines Benutzerkontos: H\u00e4ufigkeit des Tinnitus nach Wahl des Benutzers, Benutzername, Zugangscode, E-Mail-Adresse, Datum und Uhrzeit der Erstellung.<\/p>\n<p>Verwendung:<br \/>\nPers\u00f6nliche Daten werden vom Herausgeber nur zu folgenden Zwecken verwendet:<br \/>\n&#8211; Erstellung und Verwaltung des Benutzerkontos.<br \/>\n&#8211; Zugriff auf die Website und die Anwendung und Bek\u00e4mpfung von Eindringlingen und Missbrauch.<br \/>\n&#8211; Zusendung von kommerziellen Informationen und eines Newsletters an den Nutzer.<br \/>\n&#8211; Benachrichtigung des Nutzers \u00fcber \u00c4nderungen an der Website, der Anwendung, dem Inhalt und\/oder die NB.<br \/>\n&#8211; Personalisierte Identifizierung von Tinnitus.<br \/>\n&#8211; Bereitstellung von personalisierten Diensten.<br \/>\n&#8211; Statistische Analyse zur Verbesserung des Inhalts.<br \/>\n.<br \/>\nRechte des Nutzers:<br \/>\nIn \u00dcbereinstimmung mit den geltenden Bestimmungen kann der Nutzer jederzeit von seinem Recht Gebrauch machen:<br \/>\n&#8211; Widerspruch gegen den Erhalt des Newsletters und\/oder kommerzieller Angebote des Herausgebers.<br \/>\n&#8211; auf seine pers\u00f6nlichen Daten zuzugreifen und\/oder deren Berichtigung oder L\u00f6schung zu verlangen.<br \/>\n&#8211; sein Benutzerkonto l\u00f6schen zu lassen.<br \/>\nindem Sie die Redaktion unter der E-Mail-Adresse contact@atinysilence.com \u00fcber Ihre Absicht informieren. Bitte angeben: Betreff: &#8222;Personal Data&#8220;.<br \/>\nUm die Sicherheit und Vertraulichkeit der personenbezogenen Daten zu wahren, muss diesem Antrag ein Identit\u00e4tsnachweis beigef\u00fcgt werden. Der Beleg wird vernichtet, sobald der Antrag bearbeitet wurde.<br \/>\nIm Falle unbegr\u00fcndeter oder \u00fcberm\u00e4\u00dfiger Anfragen, insbesondere aufgrund ihres wiederholten Charakters, beh\u00e4lt sich der Herausgeber das Recht vor, jede Anfrage eines Nutzers, die auf eine vom Herausgeber ordnungsgem\u00e4\u00df erf\u00fcllte Anfrage zum selben Thema folgt, in Rechnung zu stellen oder nicht zu beantworten.<\/p>\n<p>Empf\u00e4nger:<br \/>\nDie pers\u00f6nlichen Daten, die der Nutzer bei der Registrierung angibt, werden nur vom Herausgeber verwendet und sind nicht Gegenstand einer kommerziellen Nutzung oder eines Verkaufs oder einer Weitergabe an Dritte.<\/p>\n<p>Aufbewahrung:<br \/>\nDer Herausgeber bewahrt die pers\u00f6nlichen Daten f\u00fcr drei (3) Jahre ab der Erstellung des Benutzerkontos auf, es sei denn, es ist notwendig, die pers\u00f6nlichen Daten aus rechtlichen, regulatorischen, buchhalterischen oder steuerlichen Gr\u00fcnden aufzubewahren, und kann sie gegebenenfalls in anonymisierter Form aufbewahren.<\/p>\n<p>Sicherheit:<br \/>\nW\u00e4hrend dieses Zeitraums setzt der Herausgeber alle organisatorischen, softwaretechnischen, rechtlichen, technischen und physischen Mittel ein, um die Vertraulichkeit und Sicherheit der personenbezogenen Daten zu gew\u00e4hrleisten, um deren Besch\u00e4digung, L\u00f6schung oder Zugriff durch unbefugte Dritte zu verhindern.<\/p>\n<p>Unterauftragsvergabe:<br \/>\nDie erhobenen Daten k\u00f6nnen an Unterauftragnehmer weitergegeben werden, die vertraglich mit bestimmten Aufgaben betraut sind. Die Unterauftragnehmer haben bei der Erf\u00fcllung ihrer Aufgaben nur begrenzten Zugang zu den personenbezogenen Daten und sind vertraglich verpflichtet, diese in \u00dcbereinstimmung mit den geltenden Rechtsvorschriften \u00fcber den Schutz personenbezogener Daten zu verwenden.<\/p>\n<p>\u00dcbertragbarkeit\/Reversibilit\u00e4t:<br \/>\nIn \u00dcbereinstimmung mit den geltenden Vorschriften und gegen Vorlage eines Identit\u00e4tsnachweises kann der Nutzer die kostenlose R\u00fcckg\u00e4ngigmachung seiner personenbezogenen Daten verlangen, indem er den Herausgeber per Einschreiben mit R\u00fcckschein benachrichtigt.<br \/>\nDie R\u00fcckgabe der personenbezogenen Daten erfolgt in Form einer Standarddatei, die dem Nutzer innerhalb von h\u00f6chstens drei\u00dfig (30) Tagen ab Antragstellung per E-Mail zugesandt wird.<\/p>\n<p>Abgeleitete Daten:<br \/>\nIn \u00dcbereinstimmung mit den geltenden Bestimmungen wird der Nutzer dar\u00fcber informiert, dass die personenbezogenen Daten, die vom Herausgeber aus den vom Nutzer bereitgestellten Daten abgeleitet, berechnet oder erstellt wurden, vom Recht auf \u00dcbertragbarkeit ausgeschlossen sind, sofern sie nicht vom Nutzer bereitgestellt, sondern vom Herausgeber erstellt wurden.<\/p>\n<p>\u00dcbertragung:<br \/>\nDie personenbezogenen Daten werden in der Europ\u00e4ischen Union verarbeitet und gespeichert.<\/p>\n<p>Der Nutzer wird darauf hingewiesen, dass er sich an die Commission Nationale de l&#8217;Informatique et des Libert\u00e9s wenden kann: 3 Place de Fontenoy &#8211; TSA 80715 &#8211; 75334 PARIS CEDEX 07.<\/p>\n<p>Artikel 8. Dienstleistungen<br \/>\nDem Nutzer stehen zwei Stufen von Dienstleistungen zur Verf\u00fcgung:<br \/>\n1 &#8211; Der Nutzer hat kostenlos die M\u00f6glichkeit, seinen Tinnitus zu identifizieren und den THI-Test durchzuf\u00fchren. Es werden keine Daten erhoben.<br \/>\n2 &#8211; Nach der Validierung des Tinnitus-Identifizierungsverfahrens hat der Nutzer Zugang zur Online-Zahlungsplattform.<br \/>\nSobald die einmalige Zahlung erfolgt ist, kann der Nutzer \u00fcber sein Benutzerkonto auf eine Reihe von personalisierten therapeutischen Dienstleistungen zugreifen, die er definitiv erworben hat:<br \/>\n&#8211; Audio-Therapien.<br \/>\n&#8211; Therapeutische Umgebungen.<br \/>\n&#8211; Zus\u00e4tzliche Entspannungs- und kontrollierte Atem\u00fcbungen.<\/p>\n<p>Artikel 9. Verf\u00fcgbarkeit der Dienste<br \/>\nDer Herausgeber verpflichtet sich, alle Anstrengungen zu unternehmen, um dem Nutzer die Verf\u00fcgbarkeit der Website, der Anwendung und des Inhalts, einschlie\u00dflich der Dienste, rund um die Uhr zu gew\u00e4hrleisten, au\u00dfer im Falle eines Computer- oder Netzwerkausfalls, von Wartungsarbeiten oder h\u00f6herer Gewalt.<br \/>\nDer Nutzer erkennt jedoch an, dass es in seiner Verantwortung liegt, die Kompatibilit\u00e4t und das ordnungsgem\u00e4\u00dfe Funktionieren seines Endger\u00e4ts, seinen Zugang zu den Netzen und die Einhaltung der Aktualisierungen zu gew\u00e4hrleisten.<br \/>\nInfolgedessen erkennt der Nutzer an, dass der Herausgeber in keinem Fall f\u00fcr St\u00f6rungen oder Unterbrechungen des Zugriffs auf die Website, die Anwendung und\/oder den Inhalt verantwortlich gemacht werden kann.<\/p>\n<p>Artikel 10. H\u00f6here Gewalt<br \/>\nIm Falle von h\u00f6herer Gewalt im Sinne von Artikel 1218 des B\u00fcrgerlichen Gesetzbuches kann der fehlende Zugang zur Website, zur Anwendung und\/oder zum Inhalt nicht Gegenstand eines Regresses sein, und die Verpflichtungen der Parteien im Rahmen des NB werden f\u00fcr die Dauer des Falles von h\u00f6herer Gewalt ausgesetzt und ab dem Ende der h\u00f6heren Gewalt wieder aufgenommen.<\/p>\n<p>Artikel 11. Bedingungen des Verkaufs<br \/>\nMit dem Abschluss des Verkaufs gew\u00e4hrt der Herausgeber dem Endnutzer, der diesen annimmt, ein pers\u00f6nliches, endg\u00fcltiges, nicht unterlizenzierbares und nicht \u00fcbertragbares Recht, von seinem Terminal aus auf alle Dienste \u00fcber die Anwendung zuzugreifen und diese nicht kommerziell und zu seinem eigenen Nutzen zu nutzen.<br \/>\nDer Nutzer wird dar\u00fcber informiert, dass gem\u00e4\u00df Artikel L. 121-21-8 Punkt 13 des Verbraucherschutzgesetzes:<br \/>\n&#8222;Das Widerrufsrecht kann nicht f\u00fcr die Lieferung von digitalen Inhalten ausge\u00fcbt werden, die nicht auf einem physischen Datentr\u00e4ger bereitgestellt werden und deren Ausf\u00fchrung nach der ausdr\u00fccklichen vorherigen Zustimmung des Verbrauchers und dem ausdr\u00fccklichen Verzicht auf sein Widerrufsrecht begonnen hat. &#8222;<br \/>\nDer Nutzer akzeptiert und erkennt an, dass die Best\u00e4tigung der Allgemeinen Verkaufsbedingungen w\u00e4hrend des Zahlungsvorgangs einen ausdr\u00fccklichen Verzicht auf sein Widerrufsrecht darstellt.<\/p>\n<p>Artikel 12. Aktualisierungen<br \/>\nDer Herausgeber kann nach eigenem Ermessen dem Nutzer auf den Vertriebsplattformen Updates zur Verf\u00fcgung stellen, die Korrekturen oder \u00c4nderungen an der Funktionalit\u00e4t der Website, der Anwendung und\/oder des Inhalts vornehmen, insbesondere im Hinblick auf die Anpassung an technische und\/oder gesetzliche Entwicklungen.<br \/>\nDer Nutzer verpflichtet sich, jedes vom Herausgeber bereitgestellte Update oder Patch unverz\u00fcglich zu installieren.<br \/>\nW\u00e4hrend der Aktualisierungs- und\/oder Wartungsarbeiten kann der Herausgeber den Zugriff auf die Website, die Anwendung und den Inhalt ohne Vorank\u00fcndigung und ohne Entsch\u00e4digung aussetzen.<br \/>\nSollte eine Aktualisierung zu einer \u00c4nderung der vorliegenden NB f\u00fchren, verpflichtet sich der Herausgeber, den Nutzer entweder zu informieren<br \/>\n1 &#8211; per E-Mail an die E-Mail-Adresse des Benutzerkontos mit einem Hyperlink, der zu den ge\u00e4nderten AGs weiterleitet.<br \/>\n2 &#8211; als Pop-up-Anzeige auf dem Bildschirm des Terminals beim n\u00e4chsten Start der Anwendung, die den Zugang zu den Diensten von der Annahme der ge\u00e4nderten NB durch den Nutzer abh\u00e4ngig macht.<br \/>\nJede Nutzung der Anwendung und\/oder der Dienste nach der Bekanntgabe der ge\u00e4nderten NB gilt als vorbehaltlose Annahme dieser \u00c4nderungen.<br \/>\nVerweigert der Nutzer die Annahme der ge\u00e4nderten NB, so erkl\u00e4rt und erkennt er an, dass die Dienste nicht verf\u00fcgbar sind.<\/p>\n<p>Artikel 13. Lieferung &#8222;wie besehen<br \/>\nDie Verpflichtung zur Erbringung von Dienstleistungen durch den Verlag beschr\u00e4nkt sich auf eine Verpflichtung zur Bereitstellung von Mitteln.<br \/>\nDaraus folgt:<br \/>\n&#8211; Die Website, die Anwendung und der Inhalt werden &#8222;wie besehen&#8220; ohne jegliche ausdr\u00fcckliche oder stillschweigende Garantie bereitgestellt, was der Nutzer anerkennt und akzeptiert.<br \/>\n&#8211; Der Herausgeber garantiert nicht, dass die Website, die Anwendung und\/oder der Inhalt frei von Anomalien, Fehlern oder Bugs sind.<br \/>\n&#8211; Die bereitgestellten Informationen und Ratschl\u00e4ge spiegeln den Wissensstand des Herausgebers zum Zeitpunkt der Ver\u00f6ffentlichung wider. Aufgrund des st\u00e4ndigen Fortschritts auf dem Gebiet der Gesundheit und anderer Faktoren sind diese Informationen und Ratschl\u00e4ge m\u00f6glicherweise nicht mehr auf dem neuesten Stand. Die Redaktion bem\u00fcht sich unerm\u00fcdlich um deren Richtigkeit und verpflichtet sich, jeden Fehler oder jede Ungenauigkeit, die ihr zur Kenntnis gebracht wird, unverz\u00fcglich zu korrigieren.<\/p>\n<p>Artikel 14. Dritte Parteien<br \/>\nDie Website und\/oder die Anwendung k\u00f6nnen dem Nutzer Links zu Inhalten, Websites oder Anwendungen (im Folgenden &#8222;externe Inhalte&#8220;) zur Verf\u00fcgung stellen, die von anderen Unternehmen (im Folgenden &#8222;Dritte&#8220;) entwickelt wurden;<br \/>\nDer Herausgeber \u00fcbt keine Kontrolle \u00fcber externe Inhalte von Dritten aus und \u00fcbernimmt keine Verantwortung f\u00fcr diese.<br \/>\nDie Nutzungsbedingungen und Datenschutzrichtlinien der Drittparteien sind ihre eigenen und binden den Herausgeber in keiner Weise.<\/p>\n<p>Artikel 15. Anwendbares Recht<br \/>\nAlle Bestimmungen der vorliegenden Nutzungsbedingungen sowie der Zugriff auf und die Nutzung der Website, der Anwendung und der Inhalte unterliegen ausschlie\u00dflich dem franz\u00f6sischen Recht.<br \/>\nDie Nutzer verpflichten sich au\u00dferdem, alle geltenden nationalen Gesetze und Vorschriften einzuhalten, wenn sie ihr Endger\u00e4t f\u00fcr den Zugriff auf die Website, die Anwendung und den Inhalt au\u00dferhalb des franz\u00f6sischen Hoheitsgebiets verwenden.<\/p>\n<p>Artikel 16. Behandlung von Verbraucherrechtsstreitigkeiten<br \/>\nDer Nutzer wird dar\u00fcber informiert, dass er zus\u00e4tzlich zu allen anderen Mitteln der g\u00fctlichen Beilegung von Streitigkeiten die M\u00f6glichkeit hat, kostenlos ein Verfahren der konventionellen Schlichtung von Verbraucherstreitigkeiten gem\u00e4\u00df Artikel L611-1 ff. und R612-1 ff. des franz\u00f6sischen Verbraucherschutzgesetzes in Anspruch zu nehmen.<br \/>\nDas Verfahren setzt voraus, dass der Nutzer zuvor versucht hat, den Streit mit dem Herausgeber g\u00fctlich beizulegen, indem er sich an ihn wendet:<br \/>\n&#8211; E-Mail an reclamations@atinysilence.com, oder<br \/>\n&#8211; Einschreiben mit Empfangsbest\u00e4tigung an: A Tiny Silence&#8220;, Reklamationsabteilung, 140 rue du Moulinas, Nefs des Sables 25K4, 11340 Leucate<br \/>\nDer Nutzer kann sich dann innerhalb von h\u00f6chstens zw\u00f6lf (12) Monaten an den zust\u00e4ndigen Vermittler wenden.<br \/>\nZust\u00e4ndiger Vermittler: MEDICYS, 73 boulevard de Clichy, 75009 Paris \/ contact@medicys.fr<\/p>\n<p>Gem\u00e4\u00df Artikel 14.1 der Verordnung (EU) Nr. 524\/2013 des Europ\u00e4ischen Parlaments und des Rates vom 21. Mai 2013 finden Sie hier den Link zur Online-Streitbeilegungsplattform:<br \/>\nhttps:\/\/webgate.ec.europa.eu\/odr\/main\/index.cfm?event=main.home.show&amp;lng=FR.<\/p>\n\t\t\t\t\t\t\t\t<\/div>\n\t\t\t\t<\/div>\n\t\t\t\t\t<\/div>\n\t\t<\/div>\n\t\t\t\t\t<\/div>\n\t\t<\/section>\n\t\t\t\t<\/div>\n\t\t","protected":false},"excerpt":{"rendered":"<p>Allgemeinen Gesch\u00e4ftsbedingungen \u2018A Tiny Silence\u2019 NUTZUNGSBESTIMMUNGEN UND -BEDINGUNGEN Artikel 1. Definitionen. &#8222;A Tiny Silence&#8220; oder &#8222;der Herausgeber&#8220; bedeutet &#8222;A Tiny Silence&#8220;, vereinfachte Aktiengesellschaft mit einem Kapital von 200 Euro, eingetragen im Handels- und Gesellschaftsregister von Narbonne unter der Nummer 216 455 88 77 und mit Sitz in 140 rue du Moulinas, Nefs des Sables 25K4, [&hellip;]<\/p>\n","protected":false},"author":1,"featured_media":0,"parent":0,"menu_order":0,"comment_status":"closed","ping_status":"closed","template":"","meta":{"pmpro_default_level":"","footnotes":""},"class_list":["post-31875","page","type-page","status-publish","hentry","pmpro-has-access"],"_links":{"self":[{"href":"https:\/\/tinnitus-treatments.com\/de\/wp-json\/wp\/v2\/pages\/31875","targetHints":{"allow":["GET"]}}],"collection":[{"href":"https:\/\/tinnitus-treatments.com\/de\/wp-json\/wp\/v2\/pages"}],"about":[{"href":"https:\/\/tinnitus-treatments.com\/de\/wp-json\/wp\/v2\/types\/page"}],"author":[{"embeddable":true,"href":"https:\/\/tinnitus-treatments.com\/de\/wp-json\/wp\/v2\/users\/1"}],"replies":[{"embeddable":true,"href":"https:\/\/tinnitus-treatments.com\/de\/wp-json\/wp\/v2\/comments?post=31875"}],"version-history":[{"count":0,"href":"https:\/\/tinnitus-treatments.com\/de\/wp-json\/wp\/v2\/pages\/31875\/revisions"}],"wp:attachment":[{"href":"https:\/\/tinnitus-treatments.com\/de\/wp-json\/wp\/v2\/media?parent=31875"}],"curies":[{"name":"wp","href":"https:\/\/api.w.org\/{rel}","templated":true}]}}