{"id":31652,"date":"2021-08-10T13:30:53","date_gmt":"2021-08-10T13:30:53","guid":{"rendered":"http:\/\/tinnitus-treatments.com\/notched-audio-therapy\/"},"modified":"2022-02-02T17:40:11","modified_gmt":"2022-02-02T17:40:11","slug":"notched-audio-therapy","status":"publish","type":"page","link":"https:\/\/tinnitus-treatments.com\/de\/notched-audio-therapy\/","title":{"rendered":"Notched Audio Therapy"},"content":{"rendered":"\t\t<div data-elementor-type=\"wp-page\" data-elementor-id=\"31652\" class=\"elementor elementor-31652 elementor-21369\" data-elementor-post-type=\"page\">\n\t\t\t\t\t\t<section class=\"elementor-section elementor-top-section elementor-element elementor-element-79376e6 elementor-section-boxed elementor-section-height-default elementor-section-height-default\" data-id=\"79376e6\" data-element_type=\"section\">\n\t\t\t\t\t\t<div class=\"elementor-container elementor-column-gap-default\">\n\t\t\t\t\t<div class=\"elementor-column elementor-col-50 elementor-top-column elementor-element elementor-element-6e3d2b8\" data-id=\"6e3d2b8\" data-element_type=\"column\" data-settings=\"{&quot;background_background&quot;:&quot;classic&quot;}\">\n\t\t\t<div class=\"elementor-widget-wrap elementor-element-populated\">\n\t\t\t\t\t\t<div class=\"elementor-element elementor-element-da3f179 elementor-widget elementor-widget-heading\" data-id=\"da3f179\" data-element_type=\"widget\" data-widget_type=\"heading.default\">\n\t\t\t\t<div class=\"elementor-widget-container\">\n\t\t\t\t\t<h1 class=\"elementor-heading-title elementor-size-default\">Notched Audio Therapy<\/h1>\t\t\t\t<\/div>\n\t\t\t\t<\/div>\n\t\t\t\t\t<\/div>\n\t\t<\/div>\n\t\t\t\t<div class=\"elementor-column elementor-col-50 elementor-top-column elementor-element elementor-element-660505a\" data-id=\"660505a\" data-element_type=\"column\">\n\t\t\t<div class=\"elementor-widget-wrap elementor-element-populated\">\n\t\t\t\t\t\t<div class=\"elementor-element elementor-element-96b9185 elementor-widget elementor-widget-image\" data-id=\"96b9185\" data-element_type=\"widget\" data-widget_type=\"image.default\">\n\t\t\t\t<div class=\"elementor-widget-container\">\n\t\t\t\t\t\t\t\t\t\t\t\t\t\t\t<img decoding=\"async\" src=\"https:\/\/tinnitus-treatments.com\/wp-content\/uploads\/2021\/10\/tinnitus-audio-therapy.jpg\" title=\"Tinnitus Audio-Therapie\" alt=\"Tinnitus Audio-Therapie\" loading=\"lazy\" \/>\t\t\t\t\t\t\t\t\t\t\t\t\t\t\t<\/div>\n\t\t\t\t<\/div>\n\t\t\t\t\t<\/div>\n\t\t<\/div>\n\t\t\t\t\t<\/div>\n\t\t<\/section>\n\t\t\t\t<section class=\"elementor-section elementor-top-section elementor-element elementor-element-9684862 elementor-section-boxed elementor-section-height-default elementor-section-height-default\" data-id=\"9684862\" data-element_type=\"section\" data-settings=\"{&quot;background_background&quot;:&quot;classic&quot;}\">\n\t\t\t\t\t\t<div class=\"elementor-container elementor-column-gap-default\">\n\t\t\t\t\t<div class=\"elementor-column elementor-col-100 elementor-top-column elementor-element elementor-element-63178fc\" data-id=\"63178fc\" data-element_type=\"column\" data-settings=\"{&quot;background_background&quot;:&quot;classic&quot;}\">\n\t\t\t<div class=\"elementor-widget-wrap elementor-element-populated\">\n\t\t\t\t\t<div class=\"elementor-background-overlay\"><\/div>\n\t\t\t\t\t\t<div class=\"elementor-element elementor-element-78cffad elementor-widget elementor-widget-heading\" data-id=\"78cffad\" data-element_type=\"widget\" data-widget_type=\"heading.default\">\n\t\t\t\t<div class=\"elementor-widget-container\">\n\t\t\t\t\t<h2 class=\"elementor-heading-title elementor-size-default\">Wie die Therapie funktioniert ...<\/h2>\t\t\t\t<\/div>\n\t\t\t\t<\/div>\n\t\t\t\t\t<\/div>\n\t\t<\/div>\n\t\t\t\t\t<\/div>\n\t\t<\/section>\n\t\t\t\t<section class=\"elementor-section elementor-top-section elementor-element elementor-element-4c9e1be elementor-section-boxed elementor-section-height-default elementor-section-height-default\" data-id=\"4c9e1be\" data-element_type=\"section\">\n\t\t\t\t\t\t<div class=\"elementor-container elementor-column-gap-default\">\n\t\t\t\t\t<div class=\"elementor-column elementor-col-100 elementor-top-column elementor-element elementor-element-e4c48a0\" data-id=\"e4c48a0\" data-element_type=\"column\">\n\t\t\t<div class=\"elementor-widget-wrap elementor-element-populated\">\n\t\t\t\t\t\t<div class=\"elementor-element elementor-element-1d5450a elementor-widget elementor-widget-text-editor\" data-id=\"1d5450a\" data-element_type=\"widget\" data-widget_type=\"text-editor.default\">\n\t\t\t\t<div class=\"elementor-widget-container\">\n\t\t\t\t\t\t\t\t\t<p>Die Wissenschaftler sind sich heute einig, dass das Verst\u00e4ndnis und damit die Behandlung von Tinnitus einen umfassenden Ansatz erfordert, bei dem das Ohr und das zentrale Nervensystem gemeinsam betrachtet werden m\u00fcssen.<\/p>\n<p>In den meisten F\u00e4llen scheint es sich bei Tinnitus um ein Ger\u00e4usch zu handeln, das das Gehirn f\u00e4lschlicherweise erzeugt, um einen H\u00f6rverlust zu kompensieren. Genauer gesagt, f\u00fchrt die Sch\u00e4digung der H\u00f6rsinneszellen dazu, dass die am H\u00f6ren beteiligten Neuronen durch einen Kompensationsmechanismus synchronisiert werden, wodurch der H\u00f6reindruck der gesch\u00e4digten Frequenz wiederhergestellt wird.<\/p>\n<p>Unter zerebraler Plastizit\u00e4t versteht man die F\u00e4higkeit der neuronalen Schaltkreise des Gehirns, sich in die eine oder andere Richtung zu ver\u00e4ndern. Bei gesch\u00e4digten Schaltkreisen des Gehirns k\u00f6nnen wir so auf eine zumindest teilweise Wiederherstellung des urspr\u00fcnglichen Zustands hoffen.<\/p>\n\t\t\t\t\t\t\t\t<\/div>\n\t\t\t\t<\/div>\n\t\t\t\t<section class=\"elementor-section elementor-inner-section elementor-element elementor-element-988d6a0 elementor-section-boxed elementor-section-height-default elementor-section-height-default\" data-id=\"988d6a0\" data-element_type=\"section\">\n\t\t\t\t\t\t<div class=\"elementor-container elementor-column-gap-default\">\n\t\t\t\t\t<div class=\"elementor-column elementor-col-50 elementor-inner-column elementor-element elementor-element-fc31f9d\" data-id=\"fc31f9d\" data-element_type=\"column\">\n\t\t\t<div class=\"elementor-widget-wrap elementor-element-populated\">\n\t\t\t\t\t\t<div class=\"elementor-element elementor-element-626757d elementor-widget elementor-widget-text-editor\" data-id=\"626757d\" data-element_type=\"widget\" data-widget_type=\"text-editor.default\">\n\t\t\t\t<div class=\"elementor-widget-container\">\n\t\t\t\t\t\t\t\t\t<p>Der Audiovorgang, bei dem die Lautst\u00e4rke in einem bestimmten Frequenzband abgesenkt oder aufgehoben wird, wird &#8222;Notch&#8220; genannt.\u00a0 Die so bearbeiteten T\u00f6ne werden als &#8222;Notched T\u00f6ne&#8220; bezeichnet.<\/p>\n<p>Hier ist eine visuelle Darstellung eines &#8222;Notched&#8220; Klangs: auf der horizontalen Skala die Frequenz von den tiefen Frequenzen (B\u00e4sse) auf der linken Seite bis zu den hohen Frequenzen (H\u00f6hen) auf der rechten Seite; auf der vertikalen Skala die Intensit\u00e4t oder Lautst\u00e4rke.<\/p>\n<p>Oben: der urspr\u00fcngliche Klang, unten: der &#8222;Notched&#8220; Klang.<\/p>\n\t\t\t\t\t\t\t\t<\/div>\n\t\t\t\t<\/div>\n\t\t\t\t\t<\/div>\n\t\t<\/div>\n\t\t\t\t<div class=\"elementor-column elementor-col-50 elementor-inner-column elementor-element elementor-element-7b54dd5\" data-id=\"7b54dd5\" data-element_type=\"column\">\n\t\t\t<div class=\"elementor-widget-wrap elementor-element-populated\">\n\t\t\t\t\t\t<div class=\"elementor-element elementor-element-4ea5840 elementor-widget elementor-widget-image\" data-id=\"4ea5840\" data-element_type=\"widget\" data-widget_type=\"image.default\">\n\t\t\t\t<div class=\"elementor-widget-container\">\n\t\t\t\t\t\t\t\t\t\t\t\t\t\t\t<img fetchpriority=\"high\" decoding=\"async\" width=\"500\" height=\"212\" src=\"https:\/\/tinnitus-treatments.com\/wp-content\/uploads\/2022\/01\/tinnitus-sound-audio-therapy.jpg\" class=\"attachment-full size-full wp-image-39844\" alt=\"Tinnitus-Sound - Audiotherapie\" srcset=\"https:\/\/tinnitus-treatments.com\/wp-content\/uploads\/2022\/01\/tinnitus-sound-audio-therapy.jpg 500w, https:\/\/tinnitus-treatments.com\/wp-content\/uploads\/2022\/01\/tinnitus-sound-audio-therapy-300x127.jpg 300w\" sizes=\"(max-width: 500px) 100vw, 500px\" \/>\t\t\t\t\t\t\t\t\t\t\t\t\t\t\t<\/div>\n\t\t\t\t<\/div>\n\t\t\t\t<div class=\"elementor-element elementor-element-ad79d57 elementor-widget elementor-widget-image\" data-id=\"ad79d57\" data-element_type=\"widget\" data-widget_type=\"image.default\">\n\t\t\t\t<div class=\"elementor-widget-container\">\n\t\t\t\t\t\t\t\t\t\t\t\t\t\t\t<img decoding=\"async\" width=\"500\" height=\"211\" src=\"https:\/\/tinnitus-treatments.com\/wp-content\/uploads\/2022\/01\/tinnitus-notched-audio-therapy.jpg\" class=\"attachment-full size-full wp-image-39836\" alt=\"tinnitus notched audio therapy\" srcset=\"https:\/\/tinnitus-treatments.com\/wp-content\/uploads\/2022\/01\/tinnitus-notched-audio-therapy.jpg 500w, https:\/\/tinnitus-treatments.com\/wp-content\/uploads\/2022\/01\/tinnitus-notched-audio-therapy-300x127.jpg 300w\" sizes=\"(max-width: 500px) 100vw, 500px\" \/>\t\t\t\t\t\t\t\t\t\t\t\t\t\t\t<\/div>\n\t\t\t\t<\/div>\n\t\t\t\t\t<\/div>\n\t\t<\/div>\n\t\t\t\t\t<\/div>\n\t\t<\/section>\n\t\t\t\t<div class=\"elementor-element elementor-element-f836cd3 elementor-widget elementor-widget-text-editor\" data-id=\"f836cd3\" data-element_type=\"widget\" data-widget_type=\"text-editor.default\">\n\t\t\t\t<div class=\"elementor-widget-container\">\n\t\t\t\t\t\t\t\t\t<p>Bei der &#8222;Notched Audio-Therapie&#8220; handelt es sich um regelm\u00e4\u00dfiges H\u00f6ren von T\u00f6nen, die auf einem Frequenzband &#8222;notched&#8220; wurden, das auf die Frequenz des Tinnitus ausgerichtet ist.<\/p>\n<p>Das H\u00f6ren von T\u00f6nen, die entsprechend der Tinnitusfrequenz &#8222;notched&#8220; sind, hilft dabei, die fehlerhaften neuronalen Schaltkreise des Gehirns umzukehren, und kann so die Lautst\u00e4rke des Tinnitus verringern.<\/p>\n<p>Diese Klangverarbeitungstechniken f\u00fchren in mehr als 70 % der F\u00e4lle zu einer deutlichen Verbesserung und in etwa 25 % der F\u00e4lle zu einem vollst\u00e4ndigen Verschwinden des Tinnitus.<\/p>\n\t\t\t\t\t\t\t\t<\/div>\n\t\t\t\t<\/div>\n\t\t\t\t<div class=\"elementor-element elementor-element-b716978 elementor-align-center elementor-widget elementor-widget-button\" data-id=\"b716978\" data-element_type=\"widget\" data-widget_type=\"button.default\">\n\t\t\t\t<div class=\"elementor-widget-container\">\n\t\t\t\t\t\t\t\t\t<div class=\"elementor-button-wrapper\">\n\t\t\t\t\t<a class=\"elementor-button elementor-button-link elementor-size-sm\" href=\"http:\/\/tinnitus-treatments.com\/de\/ihre-therapie\/\">\n\t\t\t\t\t\t<span class=\"elementor-button-content-wrapper\">\n\t\t\t\t\t\t<span class=\"elementor-button-icon\">\n\t\t\t\t<i aria-hidden=\"true\" class=\"fas fa-long-arrow-alt-right\"><\/i>\t\t\t<\/span>\n\t\t\t\t\t\t\t\t\t<span class=\"elementor-button-text\">Probieren Sie es aus!<\/span>\n\t\t\t\t\t<\/span>\n\t\t\t\t\t<\/a>\n\t\t\t\t<\/div>\n\t\t\t\t\t\t\t\t<\/div>\n\t\t\t\t<\/div>\n\t\t\t\t\t<\/div>\n\t\t<\/div>\n\t\t\t\t\t<\/div>\n\t\t<\/section>\n\t\t\t\t<section class=\"elementor-section elementor-top-section elementor-element elementor-element-09065a9 elementor-section-boxed elementor-section-height-default elementor-section-height-default\" data-id=\"09065a9\" data-element_type=\"section\" data-settings=\"{&quot;background_background&quot;:&quot;classic&quot;}\">\n\t\t\t\t\t\t<div class=\"elementor-container elementor-column-gap-default\">\n\t\t\t\t\t<div class=\"elementor-column elementor-col-100 elementor-top-column elementor-element elementor-element-aee9ff4\" data-id=\"aee9ff4\" data-element_type=\"column\" data-settings=\"{&quot;background_background&quot;:&quot;classic&quot;}\">\n\t\t\t<div class=\"elementor-widget-wrap elementor-element-populated\">\n\t\t\t\t\t<div class=\"elementor-background-overlay\"><\/div>\n\t\t\t\t\t\t<div class=\"elementor-element elementor-element-ce0cbb8 elementor-widget elementor-widget-heading\" data-id=\"ce0cbb8\" data-element_type=\"widget\" data-widget_type=\"heading.default\">\n\t\t\t\t<div class=\"elementor-widget-container\">\n\t\t\t\t\t<h2 class=\"elementor-heading-title elementor-size-default\">Notched Audio Therapy<\/h2>\t\t\t\t<\/div>\n\t\t\t\t<\/div>\n\t\t\t\t\t<\/div>\n\t\t<\/div>\n\t\t\t\t\t<\/div>\n\t\t<\/section>\n\t\t\t\t<section class=\"elementor-section elementor-top-section elementor-element elementor-element-3c38c94 elementor-section-boxed elementor-section-height-default elementor-section-height-default\" data-id=\"3c38c94\" data-element_type=\"section\">\n\t\t\t\t\t\t<div class=\"elementor-container elementor-column-gap-default\">\n\t\t\t\t\t<div class=\"elementor-column elementor-col-100 elementor-top-column elementor-element elementor-element-969bbb6\" data-id=\"969bbb6\" data-element_type=\"column\">\n\t\t\t<div class=\"elementor-widget-wrap elementor-element-populated\">\n\t\t\t\t\t\t<div class=\"elementor-element elementor-element-e45aa09 elementor-widget elementor-widget-text-editor\" data-id=\"e45aa09\" data-element_type=\"widget\" data-widget_type=\"text-editor.default\">\n\t\t\t\t<div class=\"elementor-widget-container\">\n\t\t\t\t\t\t\t\t\t<p>Hier finden Sie eine Zusammenfassung einer wissenschaftlichen Ver\u00f6ffentlichung, in der beschrieben wird, wie die Notched Audio Therapy funktioniert und wie sie unter realen Bedingungen angewendet wurde.<\/p>\n<p>Den vollst\u00e4ndigen Artikel finden Sie <a href=\"https:\/\/www.pnas.org\/content\/pnas\/107\/3\/1207.full.pdf\" target=\"_blank\" rel=\"noopener\">hier<\/a>\u00a0(auf Englisch).<\/p>\n<p><strong>Eine ung\u00fcnstige Reorganisation des auditorischen Kortex kann zur Entstehung und Aufrechterhaltung von Tinnitus beitragen.<\/strong><\/p>\n<p>Da die kortikale Organisation durch Verhaltenstraining ver\u00e4ndert werden kann, haben wir versucht, die Tinnitus-Lautheit zu reduzieren, indem wir chronische Tinnitus-Patienten selbst gew\u00e4hlter, angenehmer Musik aussetzten, die so modifiziert (&#8222;gekerbt&#8220;) war, dass sie keine Energie in dem Frequenzbereich enthielt, der die individuelle Tinnitus-Frequenz umgab.<\/p>\n<p>Nach 12 Monaten regelm\u00e4\u00dfigen H\u00f6rens zeigte die Patientengruppe (n = 8) eine signifikante Verringerung der subjektiven Tinnitus-Lautheit und gleichzeitig eine verringerte evozierte Aktivit\u00e4t in den Bereichen des auditorischen Kortex, die mit der Tinnitus-Frequenz korrespondieren, im Vergleich zu Patienten, die eine analoge Placebo-Behandlung mit gekerbter Musik erhalten hatten (n = 8).<\/p>\n<blockquote><p><strong>Diese Ergebnisse deuten darauf hin, dass die Tinnitus-Lautheit durch eine angenehme, kosteng\u00fcnstige und ma\u00dfgeschneiderte Behandlung mit gekerbter Musik deutlich verringert werden kann, m\u00f6glicherweise durch Umkehrung der maladaptiven Organisation des auditorischen Kortex.<\/strong><\/p><\/blockquote>\n\t\t\t\t\t\t\t\t<\/div>\n\t\t\t\t<\/div>\n\t\t\t\t\t<\/div>\n\t\t<\/div>\n\t\t\t\t\t<\/div>\n\t\t<\/section>\n\t\t\t\t<\/div>\n\t\t","protected":false},"excerpt":{"rendered":"<p>Notched Audio Therapy Wie die Therapie funktioniert &#8230; Die Wissenschaftler sind sich heute einig, dass das Verst\u00e4ndnis und damit die Behandlung von Tinnitus einen umfassenden Ansatz erfordert, bei dem das Ohr und das zentrale Nervensystem gemeinsam betrachtet werden m\u00fcssen. In den meisten F\u00e4llen scheint es sich bei Tinnitus um ein Ger\u00e4usch zu handeln, das das [&hellip;]<\/p>\n","protected":false},"author":1,"featured_media":0,"parent":0,"menu_order":0,"comment_status":"closed","ping_status":"closed","template":"","meta":{"pmpro_default_level":"","footnotes":""},"class_list":["post-31652","page","type-page","status-publish","hentry","pmpro-has-access"],"_links":{"self":[{"href":"https:\/\/tinnitus-treatments.com\/de\/wp-json\/wp\/v2\/pages\/31652","targetHints":{"allow":["GET"]}}],"collection":[{"href":"https:\/\/tinnitus-treatments.com\/de\/wp-json\/wp\/v2\/pages"}],"about":[{"href":"https:\/\/tinnitus-treatments.com\/de\/wp-json\/wp\/v2\/types\/page"}],"author":[{"embeddable":true,"href":"https:\/\/tinnitus-treatments.com\/de\/wp-json\/wp\/v2\/users\/1"}],"replies":[{"embeddable":true,"href":"https:\/\/tinnitus-treatments.com\/de\/wp-json\/wp\/v2\/comments?post=31652"}],"version-history":[{"count":0,"href":"https:\/\/tinnitus-treatments.com\/de\/wp-json\/wp\/v2\/pages\/31652\/revisions"}],"wp:attachment":[{"href":"https:\/\/tinnitus-treatments.com\/de\/wp-json\/wp\/v2\/media?parent=31652"}],"curies":[{"name":"wp","href":"https:\/\/api.w.org\/{rel}","templated":true}]}}