{"id":31547,"date":"2021-09-05T18:48:18","date_gmt":"2021-09-05T18:48:18","guid":{"rendered":"http:\/\/tinnitus-treatments.com\/_pmp-mitgliedschaftsstufen\/"},"modified":"2021-12-08T16:25:20","modified_gmt":"2021-12-08T16:25:20","slug":"_pmp-mitgliedschaftsstufen","status":"publish","type":"page","link":"https:\/\/tinnitus-treatments.com\/de\/_pmp-mitgliedschaftsstufen\/","title":{"rendered":"_PMP Mitgliedschaftsstufen"},"content":{"rendered":"\t\t<div data-elementor-type=\"wp-page\" data-elementor-id=\"31547\" class=\"elementor elementor-31547 elementor-23990\" data-elementor-post-type=\"page\">\n\t\t\t\t\t\t<section class=\"elementor-section elementor-top-section elementor-element elementor-element-4bb59cc elementor-section-boxed elementor-section-height-default elementor-section-height-default\" data-id=\"4bb59cc\" data-element_type=\"section\">\n\t\t\t\t\t\t<div class=\"elementor-container elementor-column-gap-default\">\n\t\t\t\t\t<div class=\"elementor-column elementor-col-50 elementor-top-column elementor-element elementor-element-dd9a481\" data-id=\"dd9a481\" data-element_type=\"column\" data-settings=\"{&quot;background_background&quot;:&quot;classic&quot;}\">\n\t\t\t<div class=\"elementor-widget-wrap elementor-element-populated\">\n\t\t\t\t\t\t<div class=\"elementor-element elementor-element-8e2e8a3 elementor-widget elementor-widget-heading\" data-id=\"8e2e8a3\" data-element_type=\"widget\" data-widget_type=\"heading.default\">\n\t\t\t\t<div class=\"elementor-widget-container\">\n\t\t\t\t\t<h1 class=\"elementor-heading-title elementor-size-default\">Mitgliedschaftsstufen<\/h1>\t\t\t\t<\/div>\n\t\t\t\t<\/div>\n\t\t\t\t\t<\/div>\n\t\t<\/div>\n\t\t\t\t<div class=\"elementor-column elementor-col-50 elementor-top-column elementor-element elementor-element-b44e91c\" data-id=\"b44e91c\" data-element_type=\"column\">\n\t\t\t<div class=\"elementor-widget-wrap elementor-element-populated\">\n\t\t\t\t\t\t<div class=\"elementor-element elementor-element-e0fc43b elementor-widget elementor-widget-image\" data-id=\"e0fc43b\" data-element_type=\"widget\" data-widget_type=\"image.default\">\n\t\t\t\t<div class=\"elementor-widget-container\">\n\t\t\t\t\t\t\t\t\t\t\t\t\t\t\t<img decoding=\"async\" src=\"https:\/\/tinnitus-treatments.com\/wp-content\/uploads\/2021\/10\/tinnitus-sound-therapy.jpg\" title=\"Tinnitus-Klangtherapie\" alt=\"Tinnitus-Klangtherapie\" loading=\"lazy\" \/>\t\t\t\t\t\t\t\t\t\t\t\t\t\t\t<\/div>\n\t\t\t\t<\/div>\n\t\t\t\t\t<\/div>\n\t\t<\/div>\n\t\t\t\t\t<\/div>\n\t\t<\/section>\n\t\t\t\t<section class=\"elementor-section elementor-top-section elementor-element elementor-element-e2772e2 elementor-section-boxed elementor-section-height-default elementor-section-height-default\" data-id=\"e2772e2\" data-element_type=\"section\">\n\t\t\t\t\t\t<div class=\"elementor-container elementor-column-gap-default\">\n\t\t\t\t\t<div class=\"elementor-column elementor-col-100 elementor-top-column elementor-element elementor-element-e8d6272\" data-id=\"e8d6272\" data-element_type=\"column\">\n\t\t\t<div class=\"elementor-widget-wrap elementor-element-populated\">\n\t\t\t\t\t\t<div class=\"elementor-element elementor-element-39cd889 elementor-widget elementor-widget-heading\" data-id=\"39cd889\" data-element_type=\"widget\" data-widget_type=\"heading.default\">\n\t\t\t\t<div class=\"elementor-widget-container\">\n\t\t\t\t\t<h2 class=\"elementor-heading-title elementor-size-default\">Kontoerstellung<\/h2>\t\t\t\t<\/div>\n\t\t\t\t<\/div>\n\t\t\t\t<div class=\"elementor-element elementor-element-bedc2a2 elementor-widget elementor-widget-heading\" data-id=\"bedc2a2\" data-element_type=\"widget\" data-widget_type=\"heading.default\">\n\t\t\t\t<div class=\"elementor-widget-container\">\n\t\t\t\t\t<h2 class=\"elementor-heading-title elementor-size-default\">Sie sind noch kein Benutzer?<\/h2>\t\t\t\t<\/div>\n\t\t\t\t<\/div>\n\t\t\t\t<div class=\"elementor-element elementor-element-4f2f808 elementor-widget elementor-widget-text-editor\" data-id=\"4f2f808\" data-element_type=\"widget\" data-widget_type=\"text-editor.default\">\n\t\t\t\t<div class=\"elementor-widget-container\">\n\t\t\t\t\t\t\t\t\t<p>Um ein Konto zu erstellen, m\u00fcssen Sie zun\u00e4chst Ihre Tinnitus-Frequenz \u00fcberpr\u00fcfen.<\/p>\n<p>Dies k\u00f6nnen Sie auf der Seite <a href=\"http:\/\/tinnitus-treatments.com\/de\/ihre-therapie\/\">Ihre Therapie<\/a> tun.<\/p>\n\t\t\t\t\t\t\t\t<\/div>\n\t\t\t\t<\/div>\n\t\t\t\t\t<\/div>\n\t\t<\/div>\n\t\t\t\t\t<\/div>\n\t\t<\/section>\n\t\t\t\t<\/div>\n\t\t","protected":false},"excerpt":{"rendered":"<p>Mitgliedschaftsstufen Kontoerstellung Sie sind noch kein Benutzer? Um ein Konto zu erstellen, m\u00fcssen Sie zun\u00e4chst Ihre Tinnitus-Frequenz \u00fcberpr\u00fcfen. Dies k\u00f6nnen Sie auf der Seite Ihre Therapie tun. Ihr Niveau Sie sind auf der kostenpflichtigen Ebene registriert.<\/p>\n","protected":false},"author":1,"featured_media":0,"parent":0,"menu_order":0,"comment_status":"closed","ping_status":"closed","template":"","meta":{"pmpro_default_level":"","footnotes":""},"class_list":["post-31547","page","type-page","status-publish","hentry","pmpro-has-access"],"_links":{"self":[{"href":"https:\/\/tinnitus-treatments.com\/de\/wp-json\/wp\/v2\/pages\/31547","targetHints":{"allow":["GET"]}}],"collection":[{"href":"https:\/\/tinnitus-treatments.com\/de\/wp-json\/wp\/v2\/pages"}],"about":[{"href":"https:\/\/tinnitus-treatments.com\/de\/wp-json\/wp\/v2\/types\/page"}],"author":[{"embeddable":true,"href":"https:\/\/tinnitus-treatments.com\/de\/wp-json\/wp\/v2\/users\/1"}],"replies":[{"embeddable":true,"href":"https:\/\/tinnitus-treatments.com\/de\/wp-json\/wp\/v2\/comments?post=31547"}],"version-history":[{"count":0,"href":"https:\/\/tinnitus-treatments.com\/de\/wp-json\/wp\/v2\/pages\/31547\/revisions"}],"wp:attachment":[{"href":"https:\/\/tinnitus-treatments.com\/de\/wp-json\/wp\/v2\/media?parent=31547"}],"curies":[{"name":"wp","href":"https:\/\/api.w.org\/{rel}","templated":true}]}}